{"id":1225,"date":"2024-04-30T11:56:29","date_gmt":"2024-04-30T11:56:29","guid":{"rendered":"https:\/\/fairbrokershub.com\/?page_id=1225"},"modified":"2024-06-11T11:58:01","modified_gmt":"2024-06-11T11:58:01","slug":"obchodovanie-s-akciami","status":"publish","type":"page","link":"http:\/\/fairbrokershub.com\/sk\/obchodovanie-s-akciami\/","title":{"rendered":"Obchodovanie s akciami"},"content":{"rendered":"\n<p>Obchodovanie s akciami je ako ve\u013ek\u00e1 burza, kde si v\u0161etci vymie\u0148aj\u00fa k\u00fasky spolo\u010dnost\u00ed ako pri v\u00fdmene kariet. Predstavte si, \u017ee m\u00e1te kartu, na ktorej je nap\u00edsan\u00e9: \u201eJa mal\u00fd k\u00fasok spolo\u010dnosti Apple.\u201c Ak si \u013eudia myslia, \u017ee Apple bude pred\u00e1va\u0165 viac iPhonov, bud\u00fa chcie\u0165 va\u0161u kartu a zaplatia za \u0148u viac. Ak si myslia, \u017ee nov\u00fd telef\u00f3n Apple je prepad\u00e1k, mo\u017eno v\u00e1m nebud\u00fa pon\u00faka\u0165 to\u013eko.<\/p>\n\n\n\n<p>Ak by ste si napr\u00edklad k\u00fapili k\u00fasok Tesly, ke\u010f sa v\u0161etci smiali z elektromobilov, a predali ho, ke\u010f sa stali hor\u00facou novinkou, poriadne by ste zarobili!<\/p>\n\n\n\n<!-- TradingView Widget BEGIN -->\n<div class=\"tradingview-widget-container\">\n  <div class=\"tradingview-widget-container__widget\"><\/div>\n  <script type=\"text\/javascript\" src=\"https:\/\/s3.tradingview.com\/external-embedding\/embed-widget-stock-heatmap.js\" async>\n  {\n  \"exchanges\": [],\n  \"dataSource\": \"SPX500\",\n  \"grouping\": \"sector\",\n  \"blockSize\": \"market_cap_basic\",\n  \"blockColor\": \"change\",\n  \"locale\": \"en\",\n  \"symbolUrl\": \"\",\n  \"colorTheme\": \"light\",\n  \"hasTopBar\": false,\n  \"isDataSetEnabled\": false,\n  \"isZoomEnabled\": true,\n  \"hasSymbolTooltip\": true,\n  \"isMonoSize\": false,\n  \"width\": \"100%\",\n  \"height\": 735\n}\n  <\/script>\n<\/div>\n<!-- TradingView Widget END -->\n\n\n\n<p>Budovanie \u00faspe\u0161nej strat\u00e9gie s akciami sa pr\u00edli\u0161 nel\u00ed\u0161i od zostavovania majstrovsk\u00e9ho \u0161portov\u00e9ho t\u00edmu. Potrebujete mix hviezdnych hr\u00e1\u010dov (ve\u013ek\u00e9, spo\u013eahliv\u00e9 spolo\u010dnosti) a nov\u00e1\u010dikov s potenci\u00e1lom (men\u0161ie spolo\u010dnosti s perspekt\u00edvou rastu). V\u00fdskum je va\u0161\u00edm tr\u00e9nerom, ktor\u00fd v\u00e1s usmer\u0148uje, ktor\u00fdch hr\u00e1\u010dov si vybra\u0165 na z\u00e1klade ich v\u00fdkonnosti a potenci\u00e1lu.<\/p>\n","protected":false},"excerpt":{"rendered":"<p>Obchodovanie s akciami je ako ve\u013ek\u00e1 burza, kde si v\u0161etci vymie\u0148aj\u00fa k\u00fasky spolo\u010dnost\u00ed ako pri v\u00fdmene kariet. Predstavte si, \u017ee m\u00e1te kartu, na ktorej je nap\u00edsan\u00e9: \u201eJa mal\u00fd k\u00fasok spolo\u010dnosti Apple.\u201c Ak si \u013eudia myslia, \u017ee Apple bude pred\u00e1va\u0165 viac iPhonov, bud\u00fa chcie\u0165 va\u0161u kartu a zaplatia za \u0148u viac. Ak si myslia, \u017ee nov\u00fd [&hellip;]<\/p>\n","protected":false},"author":1,"featured_media":0,"parent":0,"menu_order":0,"comment_status":"closed","ping_status":"closed","template":"","meta":{"inline_featured_image":false,"_glsr_average":0,"_glsr_ranking":0,"_glsr_reviews":0,"footnotes":""},"class_list":["post-1225","page","type-page","status-publish","hentry"],"yoast_head":"<!-- This site is optimized with the Yoast SEO plugin v27.3 - https:\/\/yoast.com\/product\/yoast-seo-wordpress\/ -->\n<title>Obchodovanie s akciami<\/title>\n<meta name=\"description\" content=\"Maximalizujte svoje invest\u00edcie do akci\u00ed s Fair Brokers Hub a vyberte si len spo\u013eahliv\u00fdch brokerov \u2013 FusionLots, Fidelity, Interactive Brokers at\u010f.\" \/>\n<meta name=\"robots\" content=\"index, follow, max-snippet:-1, max-image-preview:large, max-video-preview:-1\" \/>\n<link rel=\"canonical\" href=\"http:\/\/fairbrokershub.com\/sk\/obchodovanie-s-akciami\/\" \/>\n<meta property=\"og:locale\" content=\"sk_SK\" \/>\n<meta property=\"og:type\" content=\"article\" \/>\n<meta property=\"og:title\" content=\"Obchodovanie s akciami\" \/>\n<meta property=\"og:description\" content=\"Maximalizujte svoje invest\u00edcie do akci\u00ed s Fair Brokers Hub a vyberte si len spo\u013eahliv\u00fdch brokerov \u2013 FusionLots, Fidelity, Interactive Brokers at\u010f.\" \/>\n<meta property=\"og:url\" content=\"http:\/\/fairbrokershub.com\/sk\/obchodovanie-s-akciami\/\" \/>\n<meta property=\"og:site_name\" content=\"Fair Brokers Hub\" \/>\n<meta property=\"article:modified_time\" content=\"2024-06-11T11:58:01+00:00\" \/>\n<meta property=\"og:image\" content=\"http:\/\/fairbrokershub.com\/wp-content\/uploads\/2024\/05\/FAV_HUB-1.png\" \/>\n\t<meta property=\"og:image:width\" content=\"740\" \/>\n\t<meta property=\"og:image:height\" content=\"706\" \/>\n\t<meta property=\"og:image:type\" content=\"image\/png\" \/>\n<meta name=\"twitter:card\" content=\"summary_large_image\" \/>\n<meta name=\"twitter:label1\" content=\"Predpokladan\u00fd \u010das \u010d\u00edtania\" \/>\n\t<meta name=\"twitter:data1\" content=\"1 min\u00fata\" \/>\n<script type=\"application\/ld+json\" class=\"yoast-schema-graph\">{\"@context\":\"https:\\\/\\\/schema.org\",\"@graph\":[{\"@type\":\"WebPage\",\"@id\":\"http:\\\/\\\/fairbrokershub.com\\\/sk\\\/obchodovanie-s-akciami\\\/\",\"url\":\"http:\\\/\\\/fairbrokershub.com\\\/sk\\\/obchodovanie-s-akciami\\\/\",\"name\":\"Obchodovanie s akciami\",\"isPartOf\":{\"@id\":\"http:\\\/\\\/fairbrokershub.com\\\/sk\\\/#website\"},\"datePublished\":\"2024-04-30T11:56:29+00:00\",\"dateModified\":\"2024-06-11T11:58:01+00:00\",\"description\":\"Maximalizujte svoje invest\u00edcie do akci\u00ed s Fair Brokers Hub a vyberte si len spo\u013eahliv\u00fdch brokerov \u2013 FusionLots, Fidelity, Interactive Brokers at\u010f.\",\"breadcrumb\":{\"@id\":\"http:\\\/\\\/fairbrokershub.com\\\/sk\\\/obchodovanie-s-akciami\\\/#breadcrumb\"},\"inLanguage\":\"sk-SK\",\"potentialAction\":[{\"@type\":\"ReadAction\",\"target\":[\"http:\\\/\\\/fairbrokershub.com\\\/sk\\\/obchodovanie-s-akciami\\\/\"]}]},{\"@type\":\"BreadcrumbList\",\"@id\":\"http:\\\/\\\/fairbrokershub.com\\\/sk\\\/obchodovanie-s-akciami\\\/#breadcrumb\",\"itemListElement\":[{\"@type\":\"ListItem\",\"position\":1,\"name\":\"Home\",\"item\":\"http:\\\/\\\/fairbrokershub.com\\\/sk\\\/\"},{\"@type\":\"ListItem\",\"position\":2,\"name\":\"Obchodovanie s akciami\"}]},{\"@type\":\"WebSite\",\"@id\":\"http:\\\/\\\/fairbrokershub.com\\\/sk\\\/#website\",\"url\":\"http:\\\/\\\/fairbrokershub.com\\\/sk\\\/\",\"name\":\"Fair Brokers Hub\",\"description\":\"\",\"publisher\":{\"@id\":\"http:\\\/\\\/fairbrokershub.com\\\/sk\\\/#organization\"},\"potentialAction\":[{\"@type\":\"SearchAction\",\"target\":{\"@type\":\"EntryPoint\",\"urlTemplate\":\"http:\\\/\\\/fairbrokershub.com\\\/sk\\\/?s={search_term_string}\"},\"query-input\":{\"@type\":\"PropertyValueSpecification\",\"valueRequired\":true,\"valueName\":\"search_term_string\"}}],\"inLanguage\":\"sk-SK\"},{\"@type\":\"Organization\",\"@id\":\"http:\\\/\\\/fairbrokershub.com\\\/sk\\\/#organization\",\"name\":\"Fair Brokers Hub\",\"url\":\"http:\\\/\\\/fairbrokershub.com\\\/sk\\\/\",\"logo\":{\"@type\":\"ImageObject\",\"inLanguage\":\"sk-SK\",\"@id\":\"http:\\\/\\\/fairbrokershub.com\\\/sk\\\/#\\\/schema\\\/logo\\\/image\\\/\",\"url\":\"https:\\\/\\\/fairbrokershub.com\\\/wp-content\\\/uploads\\\/2024\\\/05\\\/FAV_HUB-1.png\",\"contentUrl\":\"https:\\\/\\\/fairbrokershub.com\\\/wp-content\\\/uploads\\\/2024\\\/05\\\/FAV_HUB-1.png\",\"width\":740,\"height\":706,\"caption\":\"Fair Brokers Hub\"},\"image\":{\"@id\":\"http:\\\/\\\/fairbrokershub.com\\\/sk\\\/#\\\/schema\\\/logo\\\/image\\\/\"}}]}<\/script>\n<!-- \/ Yoast SEO plugin. -->","yoast_head_json":{"title":"Obchodovanie s akciami","description":"Maximalizujte svoje invest\u00edcie do akci\u00ed s Fair Brokers Hub a vyberte si len spo\u013eahliv\u00fdch brokerov \u2013 FusionLots, Fidelity, Interactive Brokers at\u010f.","robots":{"index":"index","follow":"follow","max-snippet":"max-snippet:-1","max-image-preview":"max-image-preview:large","max-video-preview":"max-video-preview:-1"},"canonical":"http:\/\/fairbrokershub.com\/sk\/obchodovanie-s-akciami\/","og_locale":"sk_SK","og_type":"article","og_title":"Obchodovanie s akciami","og_description":"Maximalizujte svoje invest\u00edcie do akci\u00ed s Fair Brokers Hub a vyberte si len spo\u013eahliv\u00fdch brokerov \u2013 FusionLots, Fidelity, Interactive Brokers at\u010f.","og_url":"http:\/\/fairbrokershub.com\/sk\/obchodovanie-s-akciami\/","og_site_name":"Fair Brokers Hub","article_modified_time":"2024-06-11T11:58:01+00:00","og_image":[{"width":740,"height":706,"url":"http:\/\/fairbrokershub.com\/wp-content\/uploads\/2024\/05\/FAV_HUB-1.png","type":"image\/png"}],"twitter_card":"summary_large_image","twitter_misc":{"Predpokladan\u00fd \u010das \u010d\u00edtania":"1 min\u00fata"},"schema":{"@context":"https:\/\/schema.org","@graph":[{"@type":"WebPage","@id":"http:\/\/fairbrokershub.com\/sk\/obchodovanie-s-akciami\/","url":"http:\/\/fairbrokershub.com\/sk\/obchodovanie-s-akciami\/","name":"Obchodovanie s akciami","isPartOf":{"@id":"http:\/\/fairbrokershub.com\/sk\/#website"},"datePublished":"2024-04-30T11:56:29+00:00","dateModified":"2024-06-11T11:58:01+00:00","description":"Maximalizujte svoje invest\u00edcie do akci\u00ed s Fair Brokers Hub a vyberte si len spo\u013eahliv\u00fdch brokerov \u2013 FusionLots, Fidelity, Interactive Brokers at\u010f.","breadcrumb":{"@id":"http:\/\/fairbrokershub.com\/sk\/obchodovanie-s-akciami\/#breadcrumb"},"inLanguage":"sk-SK","potentialAction":[{"@type":"ReadAction","target":["http:\/\/fairbrokershub.com\/sk\/obchodovanie-s-akciami\/"]}]},{"@type":"BreadcrumbList","@id":"http:\/\/fairbrokershub.com\/sk\/obchodovanie-s-akciami\/#breadcrumb","itemListElement":[{"@type":"ListItem","position":1,"name":"Home","item":"http:\/\/fairbrokershub.com\/sk\/"},{"@type":"ListItem","position":2,"name":"Obchodovanie s akciami"}]},{"@type":"WebSite","@id":"http:\/\/fairbrokershub.com\/sk\/#website","url":"http:\/\/fairbrokershub.com\/sk\/","name":"Fair Brokers Hub","description":"","publisher":{"@id":"http:\/\/fairbrokershub.com\/sk\/#organization"},"potentialAction":[{"@type":"SearchAction","target":{"@type":"EntryPoint","urlTemplate":"http:\/\/fairbrokershub.com\/sk\/?s={search_term_string}"},"query-input":{"@type":"PropertyValueSpecification","valueRequired":true,"valueName":"search_term_string"}}],"inLanguage":"sk-SK"},{"@type":"Organization","@id":"http:\/\/fairbrokershub.com\/sk\/#organization","name":"Fair Brokers Hub","url":"http:\/\/fairbrokershub.com\/sk\/","logo":{"@type":"ImageObject","inLanguage":"sk-SK","@id":"http:\/\/fairbrokershub.com\/sk\/#\/schema\/logo\/image\/","url":"https:\/\/fairbrokershub.com\/wp-content\/uploads\/2024\/05\/FAV_HUB-1.png","contentUrl":"https:\/\/fairbrokershub.com\/wp-content\/uploads\/2024\/05\/FAV_HUB-1.png","width":740,"height":706,"caption":"Fair Brokers Hub"},"image":{"@id":"http:\/\/fairbrokershub.com\/sk\/#\/schema\/logo\/image\/"}}]}},"_links":{"self":[{"href":"http:\/\/fairbrokershub.com\/sk\/wp-json\/wp\/v2\/pages\/1225","targetHints":{"allow":["GET"]}}],"collection":[{"href":"http:\/\/fairbrokershub.com\/sk\/wp-json\/wp\/v2\/pages"}],"about":[{"href":"http:\/\/fairbrokershub.com\/sk\/wp-json\/wp\/v2\/types\/page"}],"author":[{"embeddable":true,"href":"http:\/\/fairbrokershub.com\/sk\/wp-json\/wp\/v2\/users\/1"}],"replies":[{"embeddable":true,"href":"http:\/\/fairbrokershub.com\/sk\/wp-json\/wp\/v2\/comments?post=1225"}],"version-history":[{"count":1,"href":"http:\/\/fairbrokershub.com\/sk\/wp-json\/wp\/v2\/pages\/1225\/revisions"}],"predecessor-version":[{"id":1226,"href":"http:\/\/fairbrokershub.com\/sk\/wp-json\/wp\/v2\/pages\/1225\/revisions\/1226"}],"wp:attachment":[{"href":"http:\/\/fairbrokershub.com\/sk\/wp-json\/wp\/v2\/media?parent=1225"}],"curies":[{"name":"wp","href":"https:\/\/api.w.org\/{rel}","templated":true}]}}