{"id":1223,"date":"2024-04-30T11:59:05","date_gmt":"2024-04-30T11:59:05","guid":{"rendered":"https:\/\/fairbrokershub.com\/?page_id=1223"},"modified":"2024-06-11T11:55:08","modified_gmt":"2024-06-11T11:55:08","slug":"obchodovani-s-menami","status":"publish","type":"page","link":"http:\/\/fairbrokershub.com\/sk\/obchodovani-s-menami\/","title":{"rendered":"Obchodov\u00e1n\u00ed s m\u011bnami"},"content":{"rendered":"\n<p>Obchodovanie s menami je ako n\u00e1js\u0165 \u010do najv\u00e4\u010d\u0161\u00ed zisk z rozdielov medzi dvoma p\u00f4vodn\u00fdmi cenami mien. Predstavte si, \u017ee ste na medzin\u00e1rodnom zjazde superhrdinov a vymie\u0148ate si fig\u00farky americk\u00fdch superhrdinov za britsk\u00e9. Ak sa dnes jeden americk\u00fd superhrdina rovn\u00e1 jedn\u00e9mu britsk\u00e9mu superhrdinovi, ale zajtra mo\u017eno budete potrebova\u0165 dvoch za jedn\u00e9ho. To je obchodovanie s menami, ale s peniazmi.<\/p>\n\n\n\n<p>Napr\u00edklad vymie\u0148ate dol\u00e1re za libry a d\u00fafate, \u017ee sa hodnota zmen\u00ed, aby ste mohli vymeni\u0165 sp\u00e4\u0165 a dosiahnu\u0165 zisk. Je to ako obchodovanie s kartami s menami!<\/p>\n\n\n\n<!-- TradingView Widget BEGIN -->\n<div class=\"tradingview-widget-container\">\n  <div class=\"tradingview-widget-container__widget\"><\/div>\n  <script type=\"text\/javascript\" src=\"https:\/\/s3.tradingview.com\/external-embedding\/embed-widget-forex-cross-rates.js\" async>\n  {\n  \"width\": \"100%\",\n  \"height\": 735,\n  \"currencies\": [\n    \"EUR\",\n    \"USD\",\n    \"JPY\",\n    \"GBP\",\n    \"CHF\",\n    \"AUD\",\n    \"CAD\",\n    \"NZD\"\n  ],\n  \"isTransparent\": false,\n  \"colorTheme\": \"light\",\n  \"locale\": \"en\",\n  \"backgroundColor\": \"#ffffff\"\n}\n  <\/script>\n<\/div>\n<!-- TradingView Widget END -->\n\n\n\n<p>Budovanie \u00faspe\u0161nej strat\u00e9gie s menami je ako pl\u00e1novanie neobmedzenej t\u00edmovej spolupr\u00e1ce superhrdinov. Najprv potrebujete z\u00e1klad\u0148u (znalos\u0165 trhov\u00fdch trendov), rovnako ako Batman potrebuje svoje pom\u00f4cky. \u010ealej diverzifikujte &#8211; nespoliehajte sa len na Supermana; mo\u017eno v\u00e1s prekvap\u00ed Flash a Aquaman (r\u00f4zne meny). Dobre napl\u00e1novan\u00e1 strat\u00e9gia vyu\u017e\u00edva znalosti, diverzifik\u00e1ciu, na\u010dasovanie a sebakontrolu, \u010do v\u00e1s dovedie k v\u00ed\u0165azstvu.<\/p>\n","protected":false},"excerpt":{"rendered":"<p>Obchodovanie s menami je ako n\u00e1js\u0165 \u010do najv\u00e4\u010d\u0161\u00ed zisk z rozdielov medzi dvoma p\u00f4vodn\u00fdmi cenami mien. Predstavte si, \u017ee ste na medzin\u00e1rodnom zjazde superhrdinov a vymie\u0148ate si fig\u00farky americk\u00fdch superhrdinov za britsk\u00e9. Ak sa dnes jeden americk\u00fd superhrdina rovn\u00e1 jedn\u00e9mu britsk\u00e9mu superhrdinovi, ale zajtra mo\u017eno budete potrebova\u0165 dvoch za jedn\u00e9ho. To je obchodovanie s menami, [&hellip;]<\/p>\n","protected":false},"author":1,"featured_media":0,"parent":0,"menu_order":0,"comment_status":"closed","ping_status":"closed","template":"","meta":{"inline_featured_image":false,"_glsr_average":0,"_glsr_ranking":0,"_glsr_reviews":0,"footnotes":""},"class_list":["post-1223","page","type-page","status-publish","hentry"],"yoast_head":"<!-- This site is optimized with the Yoast SEO plugin v27.3 - https:\/\/yoast.com\/product\/yoast-seo-wordpress\/ -->\n<title>Obchodov\u00e1n\u00ed s m\u011bnami<\/title>\n<meta name=\"description\" content=\"N\u00e1jdite si spo\u013eahliv\u00e9ho brokera (FusionLots, FP Markets at\u010f.) na Fair Brokers Hub pre va\u0161e \u00faspe\u0161n\u00e9 obchodovanie s menov\u00fdmip\u00e1rmi.\" \/>\n<meta name=\"robots\" content=\"index, follow, max-snippet:-1, max-image-preview:large, max-video-preview:-1\" \/>\n<link rel=\"canonical\" href=\"http:\/\/fairbrokershub.com\/sk\/obchodovani-s-menami\/\" \/>\n<meta property=\"og:locale\" content=\"sk_SK\" \/>\n<meta property=\"og:type\" content=\"article\" \/>\n<meta property=\"og:title\" content=\"Obchodov\u00e1n\u00ed s m\u011bnami\" \/>\n<meta property=\"og:description\" content=\"N\u00e1jdite si spo\u013eahliv\u00e9ho brokera (FusionLots, FP Markets at\u010f.) na Fair Brokers Hub pre va\u0161e \u00faspe\u0161n\u00e9 obchodovanie s menov\u00fdmip\u00e1rmi.\" \/>\n<meta property=\"og:url\" content=\"http:\/\/fairbrokershub.com\/sk\/obchodovani-s-menami\/\" \/>\n<meta property=\"og:site_name\" content=\"Fair Brokers Hub\" \/>\n<meta property=\"article:modified_time\" content=\"2024-06-11T11:55:08+00:00\" \/>\n<meta property=\"og:image\" content=\"http:\/\/fairbrokershub.com\/wp-content\/uploads\/2024\/05\/FAV_HUB-1.png\" \/>\n\t<meta property=\"og:image:width\" content=\"740\" \/>\n\t<meta property=\"og:image:height\" content=\"706\" \/>\n\t<meta property=\"og:image:type\" content=\"image\/png\" \/>\n<meta name=\"twitter:card\" content=\"summary_large_image\" \/>\n<meta name=\"twitter:label1\" content=\"Predpokladan\u00fd \u010das \u010d\u00edtania\" \/>\n\t<meta name=\"twitter:data1\" content=\"1 min\u00fata\" \/>\n<script type=\"application\/ld+json\" class=\"yoast-schema-graph\">{\"@context\":\"https:\\\/\\\/schema.org\",\"@graph\":[{\"@type\":\"WebPage\",\"@id\":\"http:\\\/\\\/fairbrokershub.com\\\/sk\\\/obchodovani-s-menami\\\/\",\"url\":\"http:\\\/\\\/fairbrokershub.com\\\/sk\\\/obchodovani-s-menami\\\/\",\"name\":\"Obchodov\u00e1n\u00ed s m\u011bnami\",\"isPartOf\":{\"@id\":\"http:\\\/\\\/fairbrokershub.com\\\/sk\\\/#website\"},\"datePublished\":\"2024-04-30T11:59:05+00:00\",\"dateModified\":\"2024-06-11T11:55:08+00:00\",\"description\":\"N\u00e1jdite si spo\u013eahliv\u00e9ho brokera (FusionLots, FP Markets at\u010f.) na Fair Brokers Hub pre va\u0161e \u00faspe\u0161n\u00e9 obchodovanie s menov\u00fdmip\u00e1rmi.\",\"breadcrumb\":{\"@id\":\"http:\\\/\\\/fairbrokershub.com\\\/sk\\\/obchodovani-s-menami\\\/#breadcrumb\"},\"inLanguage\":\"sk-SK\",\"potentialAction\":[{\"@type\":\"ReadAction\",\"target\":[\"http:\\\/\\\/fairbrokershub.com\\\/sk\\\/obchodovani-s-menami\\\/\"]}]},{\"@type\":\"BreadcrumbList\",\"@id\":\"http:\\\/\\\/fairbrokershub.com\\\/sk\\\/obchodovani-s-menami\\\/#breadcrumb\",\"itemListElement\":[{\"@type\":\"ListItem\",\"position\":1,\"name\":\"Home\",\"item\":\"http:\\\/\\\/fairbrokershub.com\\\/sk\\\/\"},{\"@type\":\"ListItem\",\"position\":2,\"name\":\"Obchodov\u00e1n\u00ed s m\u011bnami\"}]},{\"@type\":\"WebSite\",\"@id\":\"http:\\\/\\\/fairbrokershub.com\\\/sk\\\/#website\",\"url\":\"http:\\\/\\\/fairbrokershub.com\\\/sk\\\/\",\"name\":\"Fair Brokers Hub\",\"description\":\"\",\"publisher\":{\"@id\":\"http:\\\/\\\/fairbrokershub.com\\\/sk\\\/#organization\"},\"potentialAction\":[{\"@type\":\"SearchAction\",\"target\":{\"@type\":\"EntryPoint\",\"urlTemplate\":\"http:\\\/\\\/fairbrokershub.com\\\/sk\\\/?s={search_term_string}\"},\"query-input\":{\"@type\":\"PropertyValueSpecification\",\"valueRequired\":true,\"valueName\":\"search_term_string\"}}],\"inLanguage\":\"sk-SK\"},{\"@type\":\"Organization\",\"@id\":\"http:\\\/\\\/fairbrokershub.com\\\/sk\\\/#organization\",\"name\":\"Fair Brokers Hub\",\"url\":\"http:\\\/\\\/fairbrokershub.com\\\/sk\\\/\",\"logo\":{\"@type\":\"ImageObject\",\"inLanguage\":\"sk-SK\",\"@id\":\"http:\\\/\\\/fairbrokershub.com\\\/sk\\\/#\\\/schema\\\/logo\\\/image\\\/\",\"url\":\"https:\\\/\\\/fairbrokershub.com\\\/wp-content\\\/uploads\\\/2024\\\/05\\\/FAV_HUB-1.png\",\"contentUrl\":\"https:\\\/\\\/fairbrokershub.com\\\/wp-content\\\/uploads\\\/2024\\\/05\\\/FAV_HUB-1.png\",\"width\":740,\"height\":706,\"caption\":\"Fair Brokers Hub\"},\"image\":{\"@id\":\"http:\\\/\\\/fairbrokershub.com\\\/sk\\\/#\\\/schema\\\/logo\\\/image\\\/\"}}]}<\/script>\n<!-- \/ Yoast SEO plugin. -->","yoast_head_json":{"title":"Obchodov\u00e1n\u00ed s m\u011bnami","description":"N\u00e1jdite si spo\u013eahliv\u00e9ho brokera (FusionLots, FP Markets at\u010f.) na Fair Brokers Hub pre va\u0161e \u00faspe\u0161n\u00e9 obchodovanie s menov\u00fdmip\u00e1rmi.","robots":{"index":"index","follow":"follow","max-snippet":"max-snippet:-1","max-image-preview":"max-image-preview:large","max-video-preview":"max-video-preview:-1"},"canonical":"http:\/\/fairbrokershub.com\/sk\/obchodovani-s-menami\/","og_locale":"sk_SK","og_type":"article","og_title":"Obchodov\u00e1n\u00ed s m\u011bnami","og_description":"N\u00e1jdite si spo\u013eahliv\u00e9ho brokera (FusionLots, FP Markets at\u010f.) na Fair Brokers Hub pre va\u0161e \u00faspe\u0161n\u00e9 obchodovanie s menov\u00fdmip\u00e1rmi.","og_url":"http:\/\/fairbrokershub.com\/sk\/obchodovani-s-menami\/","og_site_name":"Fair Brokers Hub","article_modified_time":"2024-06-11T11:55:08+00:00","og_image":[{"width":740,"height":706,"url":"http:\/\/fairbrokershub.com\/wp-content\/uploads\/2024\/05\/FAV_HUB-1.png","type":"image\/png"}],"twitter_card":"summary_large_image","twitter_misc":{"Predpokladan\u00fd \u010das \u010d\u00edtania":"1 min\u00fata"},"schema":{"@context":"https:\/\/schema.org","@graph":[{"@type":"WebPage","@id":"http:\/\/fairbrokershub.com\/sk\/obchodovani-s-menami\/","url":"http:\/\/fairbrokershub.com\/sk\/obchodovani-s-menami\/","name":"Obchodov\u00e1n\u00ed s m\u011bnami","isPartOf":{"@id":"http:\/\/fairbrokershub.com\/sk\/#website"},"datePublished":"2024-04-30T11:59:05+00:00","dateModified":"2024-06-11T11:55:08+00:00","description":"N\u00e1jdite si spo\u013eahliv\u00e9ho brokera (FusionLots, FP Markets at\u010f.) na Fair Brokers Hub pre va\u0161e \u00faspe\u0161n\u00e9 obchodovanie s menov\u00fdmip\u00e1rmi.","breadcrumb":{"@id":"http:\/\/fairbrokershub.com\/sk\/obchodovani-s-menami\/#breadcrumb"},"inLanguage":"sk-SK","potentialAction":[{"@type":"ReadAction","target":["http:\/\/fairbrokershub.com\/sk\/obchodovani-s-menami\/"]}]},{"@type":"BreadcrumbList","@id":"http:\/\/fairbrokershub.com\/sk\/obchodovani-s-menami\/#breadcrumb","itemListElement":[{"@type":"ListItem","position":1,"name":"Home","item":"http:\/\/fairbrokershub.com\/sk\/"},{"@type":"ListItem","position":2,"name":"Obchodov\u00e1n\u00ed s m\u011bnami"}]},{"@type":"WebSite","@id":"http:\/\/fairbrokershub.com\/sk\/#website","url":"http:\/\/fairbrokershub.com\/sk\/","name":"Fair Brokers Hub","description":"","publisher":{"@id":"http:\/\/fairbrokershub.com\/sk\/#organization"},"potentialAction":[{"@type":"SearchAction","target":{"@type":"EntryPoint","urlTemplate":"http:\/\/fairbrokershub.com\/sk\/?s={search_term_string}"},"query-input":{"@type":"PropertyValueSpecification","valueRequired":true,"valueName":"search_term_string"}}],"inLanguage":"sk-SK"},{"@type":"Organization","@id":"http:\/\/fairbrokershub.com\/sk\/#organization","name":"Fair Brokers Hub","url":"http:\/\/fairbrokershub.com\/sk\/","logo":{"@type":"ImageObject","inLanguage":"sk-SK","@id":"http:\/\/fairbrokershub.com\/sk\/#\/schema\/logo\/image\/","url":"https:\/\/fairbrokershub.com\/wp-content\/uploads\/2024\/05\/FAV_HUB-1.png","contentUrl":"https:\/\/fairbrokershub.com\/wp-content\/uploads\/2024\/05\/FAV_HUB-1.png","width":740,"height":706,"caption":"Fair Brokers Hub"},"image":{"@id":"http:\/\/fairbrokershub.com\/sk\/#\/schema\/logo\/image\/"}}]}},"_links":{"self":[{"href":"http:\/\/fairbrokershub.com\/sk\/wp-json\/wp\/v2\/pages\/1223","targetHints":{"allow":["GET"]}}],"collection":[{"href":"http:\/\/fairbrokershub.com\/sk\/wp-json\/wp\/v2\/pages"}],"about":[{"href":"http:\/\/fairbrokershub.com\/sk\/wp-json\/wp\/v2\/types\/page"}],"author":[{"embeddable":true,"href":"http:\/\/fairbrokershub.com\/sk\/wp-json\/wp\/v2\/users\/1"}],"replies":[{"embeddable":true,"href":"http:\/\/fairbrokershub.com\/sk\/wp-json\/wp\/v2\/comments?post=1223"}],"version-history":[{"count":1,"href":"http:\/\/fairbrokershub.com\/sk\/wp-json\/wp\/v2\/pages\/1223\/revisions"}],"predecessor-version":[{"id":1224,"href":"http:\/\/fairbrokershub.com\/sk\/wp-json\/wp\/v2\/pages\/1223\/revisions\/1224"}],"wp:attachment":[{"href":"http:\/\/fairbrokershub.com\/sk\/wp-json\/wp\/v2\/media?parent=1223"}],"curies":[{"name":"wp","href":"https:\/\/api.w.org\/{rel}","templated":true}]}}