{"id":1217,"date":"2024-04-30T11:58:23","date_gmt":"2024-04-30T11:58:23","guid":{"rendered":"https:\/\/fairbrokershub.com\/?page_id=1217"},"modified":"2024-06-11T11:52:46","modified_gmt":"2024-06-11T11:52:46","slug":"obchodovanie-s-kryptomenami","status":"publish","type":"page","link":"http:\/\/fairbrokershub.com\/sk\/obchodovanie-s-kryptomenami\/","title":{"rendered":"Obchodovanie s kryptomenami"},"content":{"rendered":"\n<p>Obchodovanie s kryptomenami je ako ma\u0165 digit\u00e1lnu truhlicu s pokladom v obrovskom oce\u00e1ne internetu. Predstavte si, \u017ee ste digit\u00e1lny pir\u00e1t a namiesto zlat\u00fdch minc\u00ed lov\u00edte Bitcoin, Ethereum alebo Dogecoin. Hodnota t\u00fdchto digit\u00e1lnych minc\u00ed kol\u00ed\u0161e ako morsk\u00e9 vlny &#8211; niekedy je vysok\u00e1 a niekedy sa prepadne n\u00edzko.<\/p>\n\n\n\n<p>Ak by ste napr\u00edklad chytili Bitcoin, ke\u010f bol e\u0161te len malou vlnkou, a po\u010dkali, k\u00fdm sa rozrastie do obrovskej cunami, mohli by ste ho preda\u0165 za poklad vy\u0161\u0161iu cenu, ne\u017e ak\u00fa ste p\u00f4vodne zaplatili!<\/p>\n\n\n\n<!-- TradingView Widget BEGIN -->\n<div class=\"tradingview-widget-container\">\n  <div class=\"tradingview-widget-container__widget\"><\/div>\n  <script type=\"text\/javascript\" src=\"https:\/\/s3.tradingview.com\/external-embedding\/embed-widget-crypto-coins-heatmap.js\" async>\n  {\n  \"dataSource\": \"Crypto\",\n  \"blockSize\": \"market_cap_calc\",\n  \"blockColor\": \"change|60\",\n  \"locale\": \"en\",\n  \"symbolUrl\": \"\",\n  \"colorTheme\": \"light\",\n  \"hasTopBar\": false,\n  \"isDataSetEnabled\": false,\n  \"isZoomEnabled\": true,\n  \"hasSymbolTooltip\": true,\n  \"isMonoSize\": false,\n  \"width\": \"100%\",\n  \"height\": 735\n}\n  <\/script>\n<\/div>\n<!-- TradingView Widget END -->\n\n\n\n<p>Budovanie \u00faspe\u0161nej strat\u00e9gie s kryptomenami je ako pr\u00edprava na ve\u013ek\u00e9 dobrodru\u017estvo vo svete financi\u00ed. Vyberte si t\u00fdch najodolnej\u0161\u00edch a najsk\u00fasenej\u0161\u00edch n\u00e1morn\u00edkov (krypto mince) a zostavte r\u00f4znorod\u00fd t\u00edm, ktor\u00fd v\u00e1s dovedie k \u00faspechu. Pril\u00e1kanie nov\u00fdch n\u00e1dejn\u00fdch \u010dlenov t\u00edmu (za\u010d\u00ednaj\u00facich kryptomien) m\u00f4\u017ee posilni\u0165 strat\u00e9giu a prinies\u0165 v\u00e4\u010d\u0161ie zisky.<\/p>\n","protected":false},"excerpt":{"rendered":"<p>Obchodovanie s kryptomenami je ako ma\u0165 digit\u00e1lnu truhlicu s pokladom v obrovskom oce\u00e1ne internetu. Predstavte si, \u017ee ste digit\u00e1lny pir\u00e1t a namiesto zlat\u00fdch minc\u00ed lov\u00edte Bitcoin, Ethereum alebo Dogecoin. Hodnota t\u00fdchto digit\u00e1lnych minc\u00ed kol\u00ed\u0161e ako morsk\u00e9 vlny &#8211; niekedy je vysok\u00e1 a niekedy sa prepadne n\u00edzko. Ak by ste napr\u00edklad chytili Bitcoin, ke\u010f bol e\u0161te [&hellip;]<\/p>\n","protected":false},"author":1,"featured_media":0,"parent":0,"menu_order":0,"comment_status":"closed","ping_status":"closed","template":"","meta":{"inline_featured_image":false,"_glsr_average":0,"_glsr_ranking":0,"_glsr_reviews":0,"footnotes":""},"class_list":["post-1217","page","type-page","status-publish","hentry"],"yoast_head":"<!-- This site is optimized with the Yoast SEO plugin v27.3 - https:\/\/yoast.com\/product\/yoast-seo-wordpress\/ -->\n<title>Obchodovanie s kryptomenami<\/title>\n<meta name=\"description\" content=\"Obchodujte s kryptomenami s istotou s cenami v re\u00e1lnom \u010dase na Fair Brokers Hub a s d\u00f4veryhodn\u00fdmi a preveren\u00fdmi brokermi \u2013 FusionLots, Go Markets at\u010f.\" \/>\n<meta name=\"robots\" content=\"index, follow, max-snippet:-1, max-image-preview:large, max-video-preview:-1\" \/>\n<link rel=\"canonical\" href=\"http:\/\/fairbrokershub.com\/sk\/obchodovanie-s-kryptomenami\/\" \/>\n<meta property=\"og:locale\" content=\"sk_SK\" \/>\n<meta property=\"og:type\" content=\"article\" \/>\n<meta property=\"og:title\" content=\"Obchodovanie s kryptomenami\" \/>\n<meta property=\"og:description\" content=\"Obchodujte s kryptomenami s istotou s cenami v re\u00e1lnom \u010dase na Fair Brokers Hub a s d\u00f4veryhodn\u00fdmi a preveren\u00fdmi brokermi \u2013 FusionLots, Go Markets at\u010f.\" \/>\n<meta property=\"og:url\" content=\"http:\/\/fairbrokershub.com\/sk\/obchodovanie-s-kryptomenami\/\" \/>\n<meta property=\"og:site_name\" content=\"Fair Brokers Hub\" \/>\n<meta property=\"article:modified_time\" content=\"2024-06-11T11:52:46+00:00\" \/>\n<meta property=\"og:image\" content=\"http:\/\/fairbrokershub.com\/wp-content\/uploads\/2024\/05\/FAV_HUB-1.png\" \/>\n\t<meta property=\"og:image:width\" content=\"740\" \/>\n\t<meta property=\"og:image:height\" content=\"706\" \/>\n\t<meta property=\"og:image:type\" content=\"image\/png\" \/>\n<meta name=\"twitter:card\" content=\"summary_large_image\" \/>\n<meta name=\"twitter:label1\" content=\"Predpokladan\u00fd \u010das \u010d\u00edtania\" \/>\n\t<meta name=\"twitter:data1\" content=\"1 min\u00fata\" \/>\n<script type=\"application\/ld+json\" class=\"yoast-schema-graph\">{\"@context\":\"https:\\\/\\\/schema.org\",\"@graph\":[{\"@type\":\"WebPage\",\"@id\":\"http:\\\/\\\/fairbrokershub.com\\\/sk\\\/obchodovanie-s-kryptomenami\\\/\",\"url\":\"http:\\\/\\\/fairbrokershub.com\\\/sk\\\/obchodovanie-s-kryptomenami\\\/\",\"name\":\"Obchodovanie s kryptomenami\",\"isPartOf\":{\"@id\":\"http:\\\/\\\/fairbrokershub.com\\\/sk\\\/#website\"},\"datePublished\":\"2024-04-30T11:58:23+00:00\",\"dateModified\":\"2024-06-11T11:52:46+00:00\",\"description\":\"Obchodujte s kryptomenami s istotou s cenami v re\u00e1lnom \u010dase na Fair Brokers Hub a s d\u00f4veryhodn\u00fdmi a preveren\u00fdmi brokermi \u2013 FusionLots, Go Markets at\u010f.\",\"breadcrumb\":{\"@id\":\"http:\\\/\\\/fairbrokershub.com\\\/sk\\\/obchodovanie-s-kryptomenami\\\/#breadcrumb\"},\"inLanguage\":\"sk-SK\",\"potentialAction\":[{\"@type\":\"ReadAction\",\"target\":[\"http:\\\/\\\/fairbrokershub.com\\\/sk\\\/obchodovanie-s-kryptomenami\\\/\"]}]},{\"@type\":\"BreadcrumbList\",\"@id\":\"http:\\\/\\\/fairbrokershub.com\\\/sk\\\/obchodovanie-s-kryptomenami\\\/#breadcrumb\",\"itemListElement\":[{\"@type\":\"ListItem\",\"position\":1,\"name\":\"Home\",\"item\":\"http:\\\/\\\/fairbrokershub.com\\\/sk\\\/\"},{\"@type\":\"ListItem\",\"position\":2,\"name\":\"Obchodovanie s kryptomenami\"}]},{\"@type\":\"WebSite\",\"@id\":\"http:\\\/\\\/fairbrokershub.com\\\/sk\\\/#website\",\"url\":\"http:\\\/\\\/fairbrokershub.com\\\/sk\\\/\",\"name\":\"Fair Brokers Hub\",\"description\":\"\",\"publisher\":{\"@id\":\"http:\\\/\\\/fairbrokershub.com\\\/sk\\\/#organization\"},\"potentialAction\":[{\"@type\":\"SearchAction\",\"target\":{\"@type\":\"EntryPoint\",\"urlTemplate\":\"http:\\\/\\\/fairbrokershub.com\\\/sk\\\/?s={search_term_string}\"},\"query-input\":{\"@type\":\"PropertyValueSpecification\",\"valueRequired\":true,\"valueName\":\"search_term_string\"}}],\"inLanguage\":\"sk-SK\"},{\"@type\":\"Organization\",\"@id\":\"http:\\\/\\\/fairbrokershub.com\\\/sk\\\/#organization\",\"name\":\"Fair Brokers Hub\",\"url\":\"http:\\\/\\\/fairbrokershub.com\\\/sk\\\/\",\"logo\":{\"@type\":\"ImageObject\",\"inLanguage\":\"sk-SK\",\"@id\":\"http:\\\/\\\/fairbrokershub.com\\\/sk\\\/#\\\/schema\\\/logo\\\/image\\\/\",\"url\":\"https:\\\/\\\/fairbrokershub.com\\\/wp-content\\\/uploads\\\/2024\\\/05\\\/FAV_HUB-1.png\",\"contentUrl\":\"https:\\\/\\\/fairbrokershub.com\\\/wp-content\\\/uploads\\\/2024\\\/05\\\/FAV_HUB-1.png\",\"width\":740,\"height\":706,\"caption\":\"Fair Brokers Hub\"},\"image\":{\"@id\":\"http:\\\/\\\/fairbrokershub.com\\\/sk\\\/#\\\/schema\\\/logo\\\/image\\\/\"}}]}<\/script>\n<!-- \/ Yoast SEO plugin. -->","yoast_head_json":{"title":"Obchodovanie s kryptomenami","description":"Obchodujte s kryptomenami s istotou s cenami v re\u00e1lnom \u010dase na Fair Brokers Hub a s d\u00f4veryhodn\u00fdmi a preveren\u00fdmi brokermi \u2013 FusionLots, Go Markets at\u010f.","robots":{"index":"index","follow":"follow","max-snippet":"max-snippet:-1","max-image-preview":"max-image-preview:large","max-video-preview":"max-video-preview:-1"},"canonical":"http:\/\/fairbrokershub.com\/sk\/obchodovanie-s-kryptomenami\/","og_locale":"sk_SK","og_type":"article","og_title":"Obchodovanie s kryptomenami","og_description":"Obchodujte s kryptomenami s istotou s cenami v re\u00e1lnom \u010dase na Fair Brokers Hub a s d\u00f4veryhodn\u00fdmi a preveren\u00fdmi brokermi \u2013 FusionLots, Go Markets at\u010f.","og_url":"http:\/\/fairbrokershub.com\/sk\/obchodovanie-s-kryptomenami\/","og_site_name":"Fair Brokers Hub","article_modified_time":"2024-06-11T11:52:46+00:00","og_image":[{"width":740,"height":706,"url":"http:\/\/fairbrokershub.com\/wp-content\/uploads\/2024\/05\/FAV_HUB-1.png","type":"image\/png"}],"twitter_card":"summary_large_image","twitter_misc":{"Predpokladan\u00fd \u010das \u010d\u00edtania":"1 min\u00fata"},"schema":{"@context":"https:\/\/schema.org","@graph":[{"@type":"WebPage","@id":"http:\/\/fairbrokershub.com\/sk\/obchodovanie-s-kryptomenami\/","url":"http:\/\/fairbrokershub.com\/sk\/obchodovanie-s-kryptomenami\/","name":"Obchodovanie s kryptomenami","isPartOf":{"@id":"http:\/\/fairbrokershub.com\/sk\/#website"},"datePublished":"2024-04-30T11:58:23+00:00","dateModified":"2024-06-11T11:52:46+00:00","description":"Obchodujte s kryptomenami s istotou s cenami v re\u00e1lnom \u010dase na Fair Brokers Hub a s d\u00f4veryhodn\u00fdmi a preveren\u00fdmi brokermi \u2013 FusionLots, Go Markets at\u010f.","breadcrumb":{"@id":"http:\/\/fairbrokershub.com\/sk\/obchodovanie-s-kryptomenami\/#breadcrumb"},"inLanguage":"sk-SK","potentialAction":[{"@type":"ReadAction","target":["http:\/\/fairbrokershub.com\/sk\/obchodovanie-s-kryptomenami\/"]}]},{"@type":"BreadcrumbList","@id":"http:\/\/fairbrokershub.com\/sk\/obchodovanie-s-kryptomenami\/#breadcrumb","itemListElement":[{"@type":"ListItem","position":1,"name":"Home","item":"http:\/\/fairbrokershub.com\/sk\/"},{"@type":"ListItem","position":2,"name":"Obchodovanie s kryptomenami"}]},{"@type":"WebSite","@id":"http:\/\/fairbrokershub.com\/sk\/#website","url":"http:\/\/fairbrokershub.com\/sk\/","name":"Fair Brokers Hub","description":"","publisher":{"@id":"http:\/\/fairbrokershub.com\/sk\/#organization"},"potentialAction":[{"@type":"SearchAction","target":{"@type":"EntryPoint","urlTemplate":"http:\/\/fairbrokershub.com\/sk\/?s={search_term_string}"},"query-input":{"@type":"PropertyValueSpecification","valueRequired":true,"valueName":"search_term_string"}}],"inLanguage":"sk-SK"},{"@type":"Organization","@id":"http:\/\/fairbrokershub.com\/sk\/#organization","name":"Fair Brokers Hub","url":"http:\/\/fairbrokershub.com\/sk\/","logo":{"@type":"ImageObject","inLanguage":"sk-SK","@id":"http:\/\/fairbrokershub.com\/sk\/#\/schema\/logo\/image\/","url":"https:\/\/fairbrokershub.com\/wp-content\/uploads\/2024\/05\/FAV_HUB-1.png","contentUrl":"https:\/\/fairbrokershub.com\/wp-content\/uploads\/2024\/05\/FAV_HUB-1.png","width":740,"height":706,"caption":"Fair Brokers Hub"},"image":{"@id":"http:\/\/fairbrokershub.com\/sk\/#\/schema\/logo\/image\/"}}]}},"_links":{"self":[{"href":"http:\/\/fairbrokershub.com\/sk\/wp-json\/wp\/v2\/pages\/1217","targetHints":{"allow":["GET"]}}],"collection":[{"href":"http:\/\/fairbrokershub.com\/sk\/wp-json\/wp\/v2\/pages"}],"about":[{"href":"http:\/\/fairbrokershub.com\/sk\/wp-json\/wp\/v2\/types\/page"}],"author":[{"embeddable":true,"href":"http:\/\/fairbrokershub.com\/sk\/wp-json\/wp\/v2\/users\/1"}],"replies":[{"embeddable":true,"href":"http:\/\/fairbrokershub.com\/sk\/wp-json\/wp\/v2\/comments?post=1217"}],"version-history":[{"count":3,"href":"http:\/\/fairbrokershub.com\/sk\/wp-json\/wp\/v2\/pages\/1217\/revisions"}],"predecessor-version":[{"id":1222,"href":"http:\/\/fairbrokershub.com\/sk\/wp-json\/wp\/v2\/pages\/1217\/revisions\/1222"}],"wp:attachment":[{"href":"http:\/\/fairbrokershub.com\/sk\/wp-json\/wp\/v2\/media?parent=1217"}],"curies":[{"name":"wp","href":"https:\/\/api.w.org\/{rel}","templated":true}]}}