{"id":276,"date":"2024-04-30T12:16:19","date_gmt":"2024-04-30T12:16:19","guid":{"rendered":"https:\/\/fairbrokershub.com\/?page_id=276"},"modified":"2024-05-20T09:11:57","modified_gmt":"2024-05-20T09:11:57","slug":"contactez-nous","status":"publish","type":"page","link":"http:\/\/fairbrokershub.com\/fr\/contactez-nous\/","title":{"rendered":"Assister"},"content":{"rendered":"\n<p>Fair Brokers Hub est con\u00e7u pour faciliter vos efforts de trading et les rendre fructueux, en vous aidant \u00e0 vous constituer une banque et \u00e0 \u00e9laborer une strat\u00e9gie financi\u00e8re r\u00e9alisable. Chaque article de feedback que nous publions est cr\u00e9\u00e9 pour vous aider, vous, notre lecteur, et pour pr\u00e9venir les probl\u00e8mes d&rsquo;escroquerie et de vol. En tant que membre de la communaut\u00e9, vous pouvez faire un rapport sur les plateformes, m\u00eame si nous les avons d\u00e9j\u00e0 dans notre arsenal, et partager les connaissances avec le reste des membres. Consultez donc le formulaire et partagez les donn\u00e9es de votre choix.<\/p>\n","protected":false},"excerpt":{"rendered":"<p>Fair Brokers Hub est con\u00e7u pour faciliter vos efforts de trading et les rendre fructueux, en vous aidant \u00e0 vous constituer une banque et \u00e0 \u00e9laborer une strat\u00e9gie financi\u00e8re r\u00e9alisable. Chaque article de feedback que nous publions est cr\u00e9\u00e9 pour vous aider, vous, notre lecteur, et pour pr\u00e9venir les probl\u00e8mes d&rsquo;escroquerie et de vol. En [&hellip;]<\/p>\n","protected":false},"author":1,"featured_media":0,"parent":0,"menu_order":0,"comment_status":"closed","ping_status":"closed","template":"contact-template.php","meta":{"inline_featured_image":false,"_glsr_average":0,"_glsr_ranking":0,"_glsr_reviews":0,"footnotes":""},"class_list":["post-276","page","type-page","status-publish","hentry"],"yoast_head":"<!-- This site is optimized with the Yoast SEO plugin v27.3 - https:\/\/yoast.com\/product\/yoast-seo-wordpress\/ -->\n<title>Assister &#8226; Fair Brokers Hub<\/title>\n<meta name=\"robots\" content=\"index, follow, max-snippet:-1, max-image-preview:large, max-video-preview:-1\" \/>\n<link rel=\"canonical\" href=\"http:\/\/fairbrokershub.com\/fr\/contactez-nous\/\" \/>\n<meta property=\"og:locale\" content=\"fr_FR\" \/>\n<meta property=\"og:type\" content=\"article\" \/>\n<meta property=\"og:title\" content=\"Assister &#8226; Fair Brokers Hub\" \/>\n<meta property=\"og:description\" content=\"Fair Brokers Hub est con\u00e7u pour faciliter vos efforts de trading et les rendre fructueux, en vous aidant \u00e0 vous constituer une banque et \u00e0 \u00e9laborer une strat\u00e9gie financi\u00e8re r\u00e9alisable. Chaque article de feedback que nous publions est cr\u00e9\u00e9 pour vous aider, vous, notre lecteur, et pour pr\u00e9venir les probl\u00e8mes d&rsquo;escroquerie et de vol. En [&hellip;]\" \/>\n<meta property=\"og:url\" content=\"http:\/\/fairbrokershub.com\/fr\/contactez-nous\/\" \/>\n<meta property=\"og:site_name\" content=\"Fair Brokers Hub\" \/>\n<meta property=\"article:modified_time\" content=\"2024-05-20T09:11:57+00:00\" \/>\n<meta property=\"og:image\" content=\"http:\/\/fairbrokershub.com\/wp-content\/uploads\/2024\/05\/FAV_HUB-1.png\" \/>\n\t<meta property=\"og:image:width\" content=\"740\" \/>\n\t<meta property=\"og:image:height\" content=\"706\" \/>\n\t<meta property=\"og:image:type\" content=\"image\/png\" \/>\n<meta name=\"twitter:card\" content=\"summary_large_image\" \/>\n<meta name=\"twitter:label1\" content=\"Dur\u00e9e de lecture estim\u00e9e\" \/>\n\t<meta name=\"twitter:data1\" content=\"1 minute\" \/>\n<script type=\"application\/ld+json\" class=\"yoast-schema-graph\">{\"@context\":\"https:\\\/\\\/schema.org\",\"@graph\":[{\"@type\":\"WebPage\",\"@id\":\"http:\\\/\\\/fairbrokershub.com\\\/fr\\\/contactez-nous\\\/\",\"url\":\"http:\\\/\\\/fairbrokershub.com\\\/fr\\\/contactez-nous\\\/\",\"name\":\"Assister &#8226; Fair Brokers Hub\",\"isPartOf\":{\"@id\":\"http:\\\/\\\/fairbrokershub.com\\\/fr\\\/#website\"},\"datePublished\":\"2024-04-30T12:16:19+00:00\",\"dateModified\":\"2024-05-20T09:11:57+00:00\",\"breadcrumb\":{\"@id\":\"http:\\\/\\\/fairbrokershub.com\\\/fr\\\/contactez-nous\\\/#breadcrumb\"},\"inLanguage\":\"fr-FR\",\"potentialAction\":[{\"@type\":\"ReadAction\",\"target\":[\"http:\\\/\\\/fairbrokershub.com\\\/fr\\\/contactez-nous\\\/\"]}]},{\"@type\":\"BreadcrumbList\",\"@id\":\"http:\\\/\\\/fairbrokershub.com\\\/fr\\\/contactez-nous\\\/#breadcrumb\",\"itemListElement\":[{\"@type\":\"ListItem\",\"position\":1,\"name\":\"Home\",\"item\":\"http:\\\/\\\/fairbrokershub.com\\\/fr\\\/\"},{\"@type\":\"ListItem\",\"position\":2,\"name\":\"Assister\"}]},{\"@type\":\"WebSite\",\"@id\":\"http:\\\/\\\/fairbrokershub.com\\\/fr\\\/#website\",\"url\":\"http:\\\/\\\/fairbrokershub.com\\\/fr\\\/\",\"name\":\"Fair Brokers Hub\",\"description\":\"\",\"publisher\":{\"@id\":\"http:\\\/\\\/fairbrokershub.com\\\/fr\\\/#organization\"},\"potentialAction\":[{\"@type\":\"SearchAction\",\"target\":{\"@type\":\"EntryPoint\",\"urlTemplate\":\"http:\\\/\\\/fairbrokershub.com\\\/fr\\\/?s={search_term_string}\"},\"query-input\":{\"@type\":\"PropertyValueSpecification\",\"valueRequired\":true,\"valueName\":\"search_term_string\"}}],\"inLanguage\":\"fr-FR\"},{\"@type\":\"Organization\",\"@id\":\"http:\\\/\\\/fairbrokershub.com\\\/fr\\\/#organization\",\"name\":\"Fair Brokers Hub\",\"url\":\"http:\\\/\\\/fairbrokershub.com\\\/fr\\\/\",\"logo\":{\"@type\":\"ImageObject\",\"inLanguage\":\"fr-FR\",\"@id\":\"http:\\\/\\\/fairbrokershub.com\\\/fr\\\/#\\\/schema\\\/logo\\\/image\\\/\",\"url\":\"https:\\\/\\\/fairbrokershub.com\\\/wp-content\\\/uploads\\\/2024\\\/05\\\/FAV_HUB-1.png\",\"contentUrl\":\"https:\\\/\\\/fairbrokershub.com\\\/wp-content\\\/uploads\\\/2024\\\/05\\\/FAV_HUB-1.png\",\"width\":740,\"height\":706,\"caption\":\"Fair Brokers Hub\"},\"image\":{\"@id\":\"http:\\\/\\\/fairbrokershub.com\\\/fr\\\/#\\\/schema\\\/logo\\\/image\\\/\"}}]}<\/script>\n<!-- \/ Yoast SEO plugin. -->","yoast_head_json":{"title":"Assister &#8226; Fair Brokers Hub","robots":{"index":"index","follow":"follow","max-snippet":"max-snippet:-1","max-image-preview":"max-image-preview:large","max-video-preview":"max-video-preview:-1"},"canonical":"http:\/\/fairbrokershub.com\/fr\/contactez-nous\/","og_locale":"fr_FR","og_type":"article","og_title":"Assister &#8226; Fair Brokers Hub","og_description":"Fair Brokers Hub est con\u00e7u pour faciliter vos efforts de trading et les rendre fructueux, en vous aidant \u00e0 vous constituer une banque et \u00e0 \u00e9laborer une strat\u00e9gie financi\u00e8re r\u00e9alisable. Chaque article de feedback que nous publions est cr\u00e9\u00e9 pour vous aider, vous, notre lecteur, et pour pr\u00e9venir les probl\u00e8mes d&rsquo;escroquerie et de vol. En [&hellip;]","og_url":"http:\/\/fairbrokershub.com\/fr\/contactez-nous\/","og_site_name":"Fair Brokers Hub","article_modified_time":"2024-05-20T09:11:57+00:00","og_image":[{"width":740,"height":706,"url":"http:\/\/fairbrokershub.com\/wp-content\/uploads\/2024\/05\/FAV_HUB-1.png","type":"image\/png"}],"twitter_card":"summary_large_image","twitter_misc":{"Dur\u00e9e de lecture estim\u00e9e":"1 minute"},"schema":{"@context":"https:\/\/schema.org","@graph":[{"@type":"WebPage","@id":"http:\/\/fairbrokershub.com\/fr\/contactez-nous\/","url":"http:\/\/fairbrokershub.com\/fr\/contactez-nous\/","name":"Assister &#8226; Fair Brokers Hub","isPartOf":{"@id":"http:\/\/fairbrokershub.com\/fr\/#website"},"datePublished":"2024-04-30T12:16:19+00:00","dateModified":"2024-05-20T09:11:57+00:00","breadcrumb":{"@id":"http:\/\/fairbrokershub.com\/fr\/contactez-nous\/#breadcrumb"},"inLanguage":"fr-FR","potentialAction":[{"@type":"ReadAction","target":["http:\/\/fairbrokershub.com\/fr\/contactez-nous\/"]}]},{"@type":"BreadcrumbList","@id":"http:\/\/fairbrokershub.com\/fr\/contactez-nous\/#breadcrumb","itemListElement":[{"@type":"ListItem","position":1,"name":"Home","item":"http:\/\/fairbrokershub.com\/fr\/"},{"@type":"ListItem","position":2,"name":"Assister"}]},{"@type":"WebSite","@id":"http:\/\/fairbrokershub.com\/fr\/#website","url":"http:\/\/fairbrokershub.com\/fr\/","name":"Fair Brokers Hub","description":"","publisher":{"@id":"http:\/\/fairbrokershub.com\/fr\/#organization"},"potentialAction":[{"@type":"SearchAction","target":{"@type":"EntryPoint","urlTemplate":"http:\/\/fairbrokershub.com\/fr\/?s={search_term_string}"},"query-input":{"@type":"PropertyValueSpecification","valueRequired":true,"valueName":"search_term_string"}}],"inLanguage":"fr-FR"},{"@type":"Organization","@id":"http:\/\/fairbrokershub.com\/fr\/#organization","name":"Fair Brokers Hub","url":"http:\/\/fairbrokershub.com\/fr\/","logo":{"@type":"ImageObject","inLanguage":"fr-FR","@id":"http:\/\/fairbrokershub.com\/fr\/#\/schema\/logo\/image\/","url":"https:\/\/fairbrokershub.com\/wp-content\/uploads\/2024\/05\/FAV_HUB-1.png","contentUrl":"https:\/\/fairbrokershub.com\/wp-content\/uploads\/2024\/05\/FAV_HUB-1.png","width":740,"height":706,"caption":"Fair Brokers Hub"},"image":{"@id":"http:\/\/fairbrokershub.com\/fr\/#\/schema\/logo\/image\/"}}]}},"_links":{"self":[{"href":"http:\/\/fairbrokershub.com\/fr\/wp-json\/wp\/v2\/pages\/276","targetHints":{"allow":["GET"]}}],"collection":[{"href":"http:\/\/fairbrokershub.com\/fr\/wp-json\/wp\/v2\/pages"}],"about":[{"href":"http:\/\/fairbrokershub.com\/fr\/wp-json\/wp\/v2\/types\/page"}],"author":[{"embeddable":true,"href":"http:\/\/fairbrokershub.com\/fr\/wp-json\/wp\/v2\/users\/1"}],"replies":[{"embeddable":true,"href":"http:\/\/fairbrokershub.com\/fr\/wp-json\/wp\/v2\/comments?post=276"}],"version-history":[{"count":3,"href":"http:\/\/fairbrokershub.com\/fr\/wp-json\/wp\/v2\/pages\/276\/revisions"}],"predecessor-version":[{"id":608,"href":"http:\/\/fairbrokershub.com\/fr\/wp-json\/wp\/v2\/pages\/276\/revisions\/608"}],"wp:attachment":[{"href":"http:\/\/fairbrokershub.com\/fr\/wp-json\/wp\/v2\/media?parent=276"}],"curies":[{"name":"wp","href":"https:\/\/api.w.org\/{rel}","templated":true}]}}