{"id":274,"date":"2024-05-06T13:33:55","date_gmt":"2024-05-06T13:33:55","guid":{"rendered":"https:\/\/fairbrokershub.com\/?page_id=274"},"modified":"2024-05-17T07:28:19","modified_gmt":"2024-05-17T07:28:19","slug":"politique-de-confidentialite","status":"publish","type":"page","link":"http:\/\/fairbrokershub.com\/fr\/politique-de-confidentialite\/","title":{"rendered":"Politique de confidentialit\u00e9"},"content":{"rendered":"\n<p>La pr\u00e9sente politique de confidentialit\u00e9 d\u00e9crit la mani\u00e8re dont nous recueillons, utilisons, partageons et prot\u00e9geons vos informations personnelles lorsque vous visitez notre site web, laissez des commentaires et utilisez nos services. Nous nous engageons \u00e0 prot\u00e9ger votre vie priv\u00e9e dans la mani\u00e8re dont nous traitons vos donn\u00e9es. En acc\u00e9dant \u00e0 notre site web ou en l&rsquo;utilisant, vous acceptez les termes de la pr\u00e9sente politique de confidentialit\u00e9.<\/p>\n\n\n\n<h2 class=\"wp-block-heading\"><strong>Contenu et port\u00e9e du site<\/strong><\/h2>\n\n\n\n<p>Fair Brokers Hub fournit des \u00e9valuations et des analyses informatives sur divers courtiers et services connexes afin d&rsquo;aider les utilisateurs \u00e0 prendre des d\u00e9cisions \u00e9clair\u00e9es. Notre contenu comprend des \u00e9valuations, des comparaisons et des recommandations impartiales bas\u00e9es sur des recherches et des analyses approfondies, ainsi que sur des ann\u00e9es d&rsquo;exp\u00e9rience.<\/p>\n\n\n\n<p>En outre, notre site web pr\u00e9sente les opinions et les commentaires de nos lecteurs. Veuillez noter que les commentaires des lecteurs ne sont en aucun cas li\u00e9s \u00e0 nos opinions personnelles. En outre, bien que nous ayons pour objectif de fournir une couverture compl\u00e8te, nos analyses et recommandations peuvent ne pas englober toutes les options disponibles sur le march\u00e9. Nous encourageons les utilisateurs \u00e0 effectuer leurs propres recherches et \u00e0 demander l&rsquo;avis d&rsquo;un professionnel avant de prendre des d\u00e9cisions financi\u00e8res.<\/p>\n\n\n\n<h2 class=\"wp-block-heading\"><strong>Informations recueillies et m\u00e9thodes de collecte<\/strong><\/h2>\n\n\n\n<p>Chez Fair Brokers Hub, nous recueillons certaines informations afin d&rsquo;am\u00e9liorer votre exp\u00e9rience de navigation, de perfectionner nos services et de vous fournir un contenu personnalis\u00e9. Ces donn\u00e9es comprennent :<\/p>\n\n\n\n<ol class=\"wp-block-list\">\n<li><strong>Les cookies.<\/strong> Nous utilisons des cookies et des technologies similaires pour recueillir des informations sur vos activit\u00e9s de navigation. Ces technologies nous permettent de personnaliser votre exp\u00e9rience, de m\u00e9moriser vos pr\u00e9f\u00e9rences et de suivre les sch\u00e9mas d&rsquo;utilisation du site web. Vous pouvez g\u00e9rer vos pr\u00e9f\u00e9rences en mati\u00e8re de cookies par le biais des param\u00e8tres de votre navigateur.<\/li>\n\n\n\n<li><strong>Informations personnelles.<\/strong> Il peut s&rsquo;agir de votre nom, de votre adresse \u00e9lectronique, de vos coordonn\u00e9es et d&rsquo;autres d\u00e9tails fournis volontairement lorsque vous interagissez avec notre site web, par exemple lorsque vous laissez un commentaire. Nous ne partageons pas vos donn\u00e9es personnelles sur le site web, mais uniquement le pseudonyme de votre choix et votre commentaire.<\/li>\n\n\n\n<li><strong>Contenu g\u00e9n\u00e9r\u00e9 par l&rsquo;utilisateur.<\/strong> Si vous choisissez d&rsquo;envoyer un avis de courtier, nous pouvons collecter et stocker ces informations afin de les afficher sur le site web et de dialoguer avec d&rsquo;autres utilisateurs.<\/li>\n<\/ol>\n\n\n\n<h2 class=\"wp-block-heading\"><strong>Droits de l&rsquo;utilisateur<\/strong><\/h2>\n\n\n\n<p>Vous disposez de certains droits en ce qui concerne vos donn\u00e9es \u00e0 caract\u00e8re personnel. Vous avez notamment le droit de consulter les informations que nous conservons \u00e0 votre sujet, de les corriger, de les supprimer, d&rsquo;en interdire l&rsquo;acc\u00e8s \u00e0 des tiers dans certaines circonstances et d&rsquo;en recevoir une copie dans un format lisible et couramment utilis\u00e9.<\/p>\n\n\n\n<h2 class=\"wp-block-heading\"><strong>S\u00e9curit\u00e9 et conservation<\/strong><\/h2>\n\n\n\n<p>Nous prenons au s\u00e9rieux la s\u00e9curit\u00e9 de vos informations personnelles et prenons des mesures raisonnables pour les prot\u00e9ger contre la divulgation, l&rsquo;alt\u00e9ration ou la destruction. Ces mesures comprennent le cryptage, les pare-feu, la technologie SSL (secure socket layer) et des audits de s\u00e9curit\u00e9 r\u00e9guliers.<\/p>\n\n\n\n<p>Nous ne conservons vos informations personnelles que le temps n\u00e9cessaire \u00e0 la r\u00e9alisation des objectifs d\u00e9crits dans la pr\u00e9sente politique de confidentialit\u00e9, \u00e0 moins qu&rsquo;une p\u00e9riode de conservation plus longue ne soit requise ou autoris\u00e9e par la loi. Lorsque vos informations ne sont plus n\u00e9cessaires, nous les supprimons ou les rendons anonymes en toute s\u00e9curit\u00e9.<\/p>\n\n\n\n<h2 class=\"wp-block-heading\"><strong>Modifications de la politique de confidentialit\u00e9<\/strong><\/h2>\n\n\n\n<p>Nous pouvons mettre \u00e0 jour cette politique de confidentialit\u00e9 pour refl\u00e9ter les changements dans nos pratiques, les exigences l\u00e9gales ou les normes de l&rsquo;industrie, afin d&rsquo;am\u00e9liorer le site web. Nous ne sommes pas tenus d&rsquo;informer nos clients des modifications apport\u00e9es \u00e0 la pr\u00e9sente politique. Le fait que vous continuiez \u00e0 utiliser Fair Brokers Hub apr\u00e8s la publication des modifications prouve automatiquement que vous vous conformez \u00e0 la nouvelle politique.<\/p>\n\n\n\n<p><\/p>\n","protected":false},"excerpt":{"rendered":"<p>La pr\u00e9sente politique de confidentialit\u00e9 d\u00e9crit la mani\u00e8re dont nous recueillons, utilisons, partageons et prot\u00e9geons vos informations personnelles lorsque vous visitez notre site web, laissez des commentaires et utilisez nos services. Nous nous engageons \u00e0 prot\u00e9ger votre vie priv\u00e9e dans la mani\u00e8re dont nous traitons vos donn\u00e9es. En acc\u00e9dant \u00e0 notre site web ou en [&hellip;]<\/p>\n","protected":false},"author":1,"featured_media":0,"parent":0,"menu_order":0,"comment_status":"closed","ping_status":"closed","template":"","meta":{"inline_featured_image":false,"_glsr_average":0,"_glsr_ranking":0,"_glsr_reviews":0,"footnotes":""},"class_list":["post-274","page","type-page","status-publish","hentry"],"yoast_head":"<!-- This site is optimized with the Yoast SEO plugin v27.3 - https:\/\/yoast.com\/product\/yoast-seo-wordpress\/ -->\n<title>Politique de confidentialit\u00e9 &#8226; Fair Brokers Hub<\/title>\n<meta name=\"robots\" content=\"index, follow, max-snippet:-1, max-image-preview:large, max-video-preview:-1\" \/>\n<link rel=\"canonical\" href=\"http:\/\/fairbrokershub.com\/fr\/politique-de-confidentialite\/\" \/>\n<meta property=\"og:locale\" content=\"fr_FR\" \/>\n<meta property=\"og:type\" content=\"article\" \/>\n<meta property=\"og:title\" content=\"Politique de confidentialit\u00e9 &#8226; Fair Brokers Hub\" \/>\n<meta property=\"og:description\" content=\"La pr\u00e9sente politique de confidentialit\u00e9 d\u00e9crit la mani\u00e8re dont nous recueillons, utilisons, partageons et prot\u00e9geons vos informations personnelles lorsque vous visitez notre site web, laissez des commentaires et utilisez nos services. Nous nous engageons \u00e0 prot\u00e9ger votre vie priv\u00e9e dans la mani\u00e8re dont nous traitons vos donn\u00e9es. En acc\u00e9dant \u00e0 notre site web ou en [&hellip;]\" \/>\n<meta property=\"og:url\" content=\"http:\/\/fairbrokershub.com\/fr\/politique-de-confidentialite\/\" \/>\n<meta property=\"og:site_name\" content=\"Fair Brokers Hub\" \/>\n<meta property=\"article:modified_time\" content=\"2024-05-17T07:28:19+00:00\" \/>\n<meta property=\"og:image\" content=\"http:\/\/fairbrokershub.com\/wp-content\/uploads\/2024\/05\/FAV_HUB-1.png\" \/>\n\t<meta property=\"og:image:width\" content=\"740\" \/>\n\t<meta property=\"og:image:height\" content=\"706\" \/>\n\t<meta property=\"og:image:type\" content=\"image\/png\" \/>\n<meta name=\"twitter:card\" content=\"summary_large_image\" \/>\n<meta name=\"twitter:label1\" content=\"Dur\u00e9e de lecture estim\u00e9e\" \/>\n\t<meta name=\"twitter:data1\" content=\"3 minutes\" \/>\n<script type=\"application\/ld+json\" class=\"yoast-schema-graph\">{\"@context\":\"https:\\\/\\\/schema.org\",\"@graph\":[{\"@type\":\"WebPage\",\"@id\":\"http:\\\/\\\/fairbrokershub.com\\\/fr\\\/politique-de-confidentialite\\\/\",\"url\":\"http:\\\/\\\/fairbrokershub.com\\\/fr\\\/politique-de-confidentialite\\\/\",\"name\":\"Politique de confidentialit\u00e9 &#8226; Fair Brokers Hub\",\"isPartOf\":{\"@id\":\"http:\\\/\\\/fairbrokershub.com\\\/fr\\\/#website\"},\"datePublished\":\"2024-05-06T13:33:55+00:00\",\"dateModified\":\"2024-05-17T07:28:19+00:00\",\"breadcrumb\":{\"@id\":\"http:\\\/\\\/fairbrokershub.com\\\/fr\\\/politique-de-confidentialite\\\/#breadcrumb\"},\"inLanguage\":\"fr-FR\",\"potentialAction\":[{\"@type\":\"ReadAction\",\"target\":[\"http:\\\/\\\/fairbrokershub.com\\\/fr\\\/politique-de-confidentialite\\\/\"]}]},{\"@type\":\"BreadcrumbList\",\"@id\":\"http:\\\/\\\/fairbrokershub.com\\\/fr\\\/politique-de-confidentialite\\\/#breadcrumb\",\"itemListElement\":[{\"@type\":\"ListItem\",\"position\":1,\"name\":\"Home\",\"item\":\"http:\\\/\\\/fairbrokershub.com\\\/fr\\\/\"},{\"@type\":\"ListItem\",\"position\":2,\"name\":\"Politique de confidentialit\u00e9\"}]},{\"@type\":\"WebSite\",\"@id\":\"http:\\\/\\\/fairbrokershub.com\\\/fr\\\/#website\",\"url\":\"http:\\\/\\\/fairbrokershub.com\\\/fr\\\/\",\"name\":\"Fair Brokers Hub\",\"description\":\"\",\"publisher\":{\"@id\":\"http:\\\/\\\/fairbrokershub.com\\\/fr\\\/#organization\"},\"potentialAction\":[{\"@type\":\"SearchAction\",\"target\":{\"@type\":\"EntryPoint\",\"urlTemplate\":\"http:\\\/\\\/fairbrokershub.com\\\/fr\\\/?s={search_term_string}\"},\"query-input\":{\"@type\":\"PropertyValueSpecification\",\"valueRequired\":true,\"valueName\":\"search_term_string\"}}],\"inLanguage\":\"fr-FR\"},{\"@type\":\"Organization\",\"@id\":\"http:\\\/\\\/fairbrokershub.com\\\/fr\\\/#organization\",\"name\":\"Fair Brokers Hub\",\"url\":\"http:\\\/\\\/fairbrokershub.com\\\/fr\\\/\",\"logo\":{\"@type\":\"ImageObject\",\"inLanguage\":\"fr-FR\",\"@id\":\"http:\\\/\\\/fairbrokershub.com\\\/fr\\\/#\\\/schema\\\/logo\\\/image\\\/\",\"url\":\"https:\\\/\\\/fairbrokershub.com\\\/wp-content\\\/uploads\\\/2024\\\/05\\\/FAV_HUB-1.png\",\"contentUrl\":\"https:\\\/\\\/fairbrokershub.com\\\/wp-content\\\/uploads\\\/2024\\\/05\\\/FAV_HUB-1.png\",\"width\":740,\"height\":706,\"caption\":\"Fair Brokers Hub\"},\"image\":{\"@id\":\"http:\\\/\\\/fairbrokershub.com\\\/fr\\\/#\\\/schema\\\/logo\\\/image\\\/\"}}]}<\/script>\n<!-- \/ Yoast SEO plugin. -->","yoast_head_json":{"title":"Politique de confidentialit\u00e9 &#8226; Fair Brokers Hub","robots":{"index":"index","follow":"follow","max-snippet":"max-snippet:-1","max-image-preview":"max-image-preview:large","max-video-preview":"max-video-preview:-1"},"canonical":"http:\/\/fairbrokershub.com\/fr\/politique-de-confidentialite\/","og_locale":"fr_FR","og_type":"article","og_title":"Politique de confidentialit\u00e9 &#8226; Fair Brokers Hub","og_description":"La pr\u00e9sente politique de confidentialit\u00e9 d\u00e9crit la mani\u00e8re dont nous recueillons, utilisons, partageons et prot\u00e9geons vos informations personnelles lorsque vous visitez notre site web, laissez des commentaires et utilisez nos services. Nous nous engageons \u00e0 prot\u00e9ger votre vie priv\u00e9e dans la mani\u00e8re dont nous traitons vos donn\u00e9es. En acc\u00e9dant \u00e0 notre site web ou en [&hellip;]","og_url":"http:\/\/fairbrokershub.com\/fr\/politique-de-confidentialite\/","og_site_name":"Fair Brokers Hub","article_modified_time":"2024-05-17T07:28:19+00:00","og_image":[{"width":740,"height":706,"url":"http:\/\/fairbrokershub.com\/wp-content\/uploads\/2024\/05\/FAV_HUB-1.png","type":"image\/png"}],"twitter_card":"summary_large_image","twitter_misc":{"Dur\u00e9e de lecture estim\u00e9e":"3 minutes"},"schema":{"@context":"https:\/\/schema.org","@graph":[{"@type":"WebPage","@id":"http:\/\/fairbrokershub.com\/fr\/politique-de-confidentialite\/","url":"http:\/\/fairbrokershub.com\/fr\/politique-de-confidentialite\/","name":"Politique de confidentialit\u00e9 &#8226; Fair Brokers Hub","isPartOf":{"@id":"http:\/\/fairbrokershub.com\/fr\/#website"},"datePublished":"2024-05-06T13:33:55+00:00","dateModified":"2024-05-17T07:28:19+00:00","breadcrumb":{"@id":"http:\/\/fairbrokershub.com\/fr\/politique-de-confidentialite\/#breadcrumb"},"inLanguage":"fr-FR","potentialAction":[{"@type":"ReadAction","target":["http:\/\/fairbrokershub.com\/fr\/politique-de-confidentialite\/"]}]},{"@type":"BreadcrumbList","@id":"http:\/\/fairbrokershub.com\/fr\/politique-de-confidentialite\/#breadcrumb","itemListElement":[{"@type":"ListItem","position":1,"name":"Home","item":"http:\/\/fairbrokershub.com\/fr\/"},{"@type":"ListItem","position":2,"name":"Politique de confidentialit\u00e9"}]},{"@type":"WebSite","@id":"http:\/\/fairbrokershub.com\/fr\/#website","url":"http:\/\/fairbrokershub.com\/fr\/","name":"Fair Brokers Hub","description":"","publisher":{"@id":"http:\/\/fairbrokershub.com\/fr\/#organization"},"potentialAction":[{"@type":"SearchAction","target":{"@type":"EntryPoint","urlTemplate":"http:\/\/fairbrokershub.com\/fr\/?s={search_term_string}"},"query-input":{"@type":"PropertyValueSpecification","valueRequired":true,"valueName":"search_term_string"}}],"inLanguage":"fr-FR"},{"@type":"Organization","@id":"http:\/\/fairbrokershub.com\/fr\/#organization","name":"Fair Brokers Hub","url":"http:\/\/fairbrokershub.com\/fr\/","logo":{"@type":"ImageObject","inLanguage":"fr-FR","@id":"http:\/\/fairbrokershub.com\/fr\/#\/schema\/logo\/image\/","url":"https:\/\/fairbrokershub.com\/wp-content\/uploads\/2024\/05\/FAV_HUB-1.png","contentUrl":"https:\/\/fairbrokershub.com\/wp-content\/uploads\/2024\/05\/FAV_HUB-1.png","width":740,"height":706,"caption":"Fair Brokers Hub"},"image":{"@id":"http:\/\/fairbrokershub.com\/fr\/#\/schema\/logo\/image\/"}}]}},"_links":{"self":[{"href":"http:\/\/fairbrokershub.com\/fr\/wp-json\/wp\/v2\/pages\/274","targetHints":{"allow":["GET"]}}],"collection":[{"href":"http:\/\/fairbrokershub.com\/fr\/wp-json\/wp\/v2\/pages"}],"about":[{"href":"http:\/\/fairbrokershub.com\/fr\/wp-json\/wp\/v2\/types\/page"}],"author":[{"embeddable":true,"href":"http:\/\/fairbrokershub.com\/fr\/wp-json\/wp\/v2\/users\/1"}],"replies":[{"embeddable":true,"href":"http:\/\/fairbrokershub.com\/fr\/wp-json\/wp\/v2\/comments?post=274"}],"version-history":[{"count":3,"href":"http:\/\/fairbrokershub.com\/fr\/wp-json\/wp\/v2\/pages\/274\/revisions"}],"predecessor-version":[{"id":491,"href":"http:\/\/fairbrokershub.com\/fr\/wp-json\/wp\/v2\/pages\/274\/revisions\/491"}],"wp:attachment":[{"href":"http:\/\/fairbrokershub.com\/fr\/wp-json\/wp\/v2\/media?parent=274"}],"curies":[{"name":"wp","href":"https:\/\/api.w.org\/{rel}","templated":true}]}}