{"id":268,"date":"2024-04-30T11:58:23","date_gmt":"2024-04-30T11:58:23","guid":{"rendered":"https:\/\/fairbrokershub.com\/?page_id=268"},"modified":"2024-05-17T07:08:51","modified_gmt":"2024-05-17T07:08:51","slug":"commerce-des-devises","status":"publish","type":"page","link":"http:\/\/fairbrokershub.com\/fr\/commerce-des-devises\/","title":{"rendered":"Le commerce des crypto-monnaies"},"content":{"rendered":"\n<p>L&rsquo;\u00e9change de crypto-monnaies revient \u00e0 poss\u00e9der un coffre au tr\u00e9sor num\u00e9rique dans le vaste oc\u00e9an d&rsquo;Internet. Imaginez que vous \u00eates un pirate num\u00e9rique et qu&rsquo;au lieu de pi\u00e8ces d&rsquo;or, vous recherchez des bitcoins, des ethereums ou des dogecoins. La valeur de ces pi\u00e8ces num\u00e9riques fluctue comme les vagues de la mer \u2013 parfois &nbsp;\u00e9lev\u00e9e, parfois elle s&rsquo;effondre.<\/p>\n\n\n\n<p>Par exemple, si vous avez saisi un bitcoin alors qu&rsquo;il n&rsquo;\u00e9tait qu&rsquo;une minuscule vague et que vous avez attendu qu&rsquo;il devienne un tsunami g\u00e9ant, vous pourriez le vendre pour un tr\u00e9sor plus important que ce que vous avez pay\u00e9 au d\u00e9part !<\/p>\n\n\n\n<!-- TradingView Widget BEGIN -->\n<div class=\"tradingview-widget-container\">\n  <div class=\"tradingview-widget-container__widget\"><\/div>\n  <script type=\"text\/javascript\" src=\"https:\/\/s3.tradingview.com\/external-embedding\/embed-widget-crypto-coins-heatmap.js\" async>\n  {\n  \"dataSource\": \"Crypto\",\n  \"blockSize\": \"market_cap_calc\",\n  \"blockColor\": \"change\",\n  \"locale\": \"fr\",\n  \"symbolUrl\": \"\",\n  \"colorTheme\": \"light\",\n  \"hasTopBar\": false,\n  \"isDataSetEnabled\": false,\n  \"isZoomEnabled\": true,\n  \"hasSymbolTooltip\": true,\n  \"isMonoSize\": false,\n  \"width\": \"100%\",\n  \"height\": 735\n}\n  <\/script>\n<\/div>\n<!-- TradingView Widget END -->\n\n\n\n<p>\u00c9laborer une strat\u00e9gie fructueuse avec les crypto-monnaies, c&rsquo;est comme se pr\u00e9parer \u00e0 une grande aventure dans le monde de la finance. S\u00e9lectionnez les marins les plus robustes et les plus exp\u00e9riment\u00e9s (crypto-monnaies) pour constituer une \u00e9quipe diversifi\u00e9e qui vous m\u00e8nera au succ\u00e8s. Attirer de nouveaux membres prometteurs de l&rsquo;\u00e9quipe (crypto-monnaies en devenir) peut renforcer la strat\u00e9gie et apporter plus de profits.<\/p>\n","protected":false},"excerpt":{"rendered":"<p>L&rsquo;\u00e9change de crypto-monnaies revient \u00e0 poss\u00e9der un coffre au tr\u00e9sor num\u00e9rique dans le vaste oc\u00e9an d&rsquo;Internet. Imaginez que vous \u00eates un pirate num\u00e9rique et qu&rsquo;au lieu de pi\u00e8ces d&rsquo;or, vous recherchez des bitcoins, des ethereums ou des dogecoins. La valeur de ces pi\u00e8ces num\u00e9riques fluctue comme les vagues de la mer \u2013 parfois &nbsp;\u00e9lev\u00e9e, parfois [&hellip;]<\/p>\n","protected":false},"author":1,"featured_media":0,"parent":0,"menu_order":0,"comment_status":"closed","ping_status":"closed","template":"","meta":{"inline_featured_image":false,"_glsr_average":0,"_glsr_ranking":0,"_glsr_reviews":0,"footnotes":""},"class_list":["post-268","page","type-page","status-publish","hentry"],"yoast_head":"<!-- This site is optimized with the Yoast SEO plugin v27.3 - https:\/\/yoast.com\/product\/yoast-seo-wordpress\/ -->\n<title>Le commerce des crypto-monnaies &#8226; Fair Brokers Hub<\/title>\n<meta name=\"robots\" content=\"index, follow, max-snippet:-1, max-image-preview:large, max-video-preview:-1\" \/>\n<link rel=\"canonical\" href=\"http:\/\/fairbrokershub.com\/fr\/commerce-des-devises\/\" \/>\n<meta property=\"og:locale\" content=\"fr_FR\" \/>\n<meta property=\"og:type\" content=\"article\" \/>\n<meta property=\"og:title\" content=\"Le commerce des crypto-monnaies &#8226; Fair Brokers Hub\" \/>\n<meta property=\"og:description\" content=\"L&rsquo;\u00e9change de crypto-monnaies revient \u00e0 poss\u00e9der un coffre au tr\u00e9sor num\u00e9rique dans le vaste oc\u00e9an d&rsquo;Internet. Imaginez que vous \u00eates un pirate num\u00e9rique et qu&rsquo;au lieu de pi\u00e8ces d&rsquo;or, vous recherchez des bitcoins, des ethereums ou des dogecoins. La valeur de ces pi\u00e8ces num\u00e9riques fluctue comme les vagues de la mer \u2013 parfois &nbsp;\u00e9lev\u00e9e, parfois [&hellip;]\" \/>\n<meta property=\"og:url\" content=\"http:\/\/fairbrokershub.com\/fr\/commerce-des-devises\/\" \/>\n<meta property=\"og:site_name\" content=\"Fair Brokers Hub\" \/>\n<meta property=\"article:modified_time\" content=\"2024-05-17T07:08:51+00:00\" \/>\n<meta property=\"og:image\" content=\"http:\/\/fairbrokershub.com\/wp-content\/uploads\/2024\/05\/FAV_HUB-1.png\" \/>\n\t<meta property=\"og:image:width\" content=\"740\" \/>\n\t<meta property=\"og:image:height\" content=\"706\" \/>\n\t<meta property=\"og:image:type\" content=\"image\/png\" \/>\n<meta name=\"twitter:card\" content=\"summary_large_image\" \/>\n<meta name=\"twitter:label1\" content=\"Dur\u00e9e de lecture estim\u00e9e\" \/>\n\t<meta name=\"twitter:data1\" content=\"1 minute\" \/>\n<script type=\"application\/ld+json\" class=\"yoast-schema-graph\">{\"@context\":\"https:\\\/\\\/schema.org\",\"@graph\":[{\"@type\":\"WebPage\",\"@id\":\"http:\\\/\\\/fairbrokershub.com\\\/fr\\\/commerce-des-devises\\\/\",\"url\":\"http:\\\/\\\/fairbrokershub.com\\\/fr\\\/commerce-des-devises\\\/\",\"name\":\"Le commerce des crypto-monnaies &#8226; Fair Brokers Hub\",\"isPartOf\":{\"@id\":\"http:\\\/\\\/fairbrokershub.com\\\/fr\\\/#website\"},\"datePublished\":\"2024-04-30T11:58:23+00:00\",\"dateModified\":\"2024-05-17T07:08:51+00:00\",\"breadcrumb\":{\"@id\":\"http:\\\/\\\/fairbrokershub.com\\\/fr\\\/commerce-des-devises\\\/#breadcrumb\"},\"inLanguage\":\"fr-FR\",\"potentialAction\":[{\"@type\":\"ReadAction\",\"target\":[\"http:\\\/\\\/fairbrokershub.com\\\/fr\\\/commerce-des-devises\\\/\"]}]},{\"@type\":\"BreadcrumbList\",\"@id\":\"http:\\\/\\\/fairbrokershub.com\\\/fr\\\/commerce-des-devises\\\/#breadcrumb\",\"itemListElement\":[{\"@type\":\"ListItem\",\"position\":1,\"name\":\"Home\",\"item\":\"http:\\\/\\\/fairbrokershub.com\\\/fr\\\/\"},{\"@type\":\"ListItem\",\"position\":2,\"name\":\"Le commerce des crypto-monnaies\"}]},{\"@type\":\"WebSite\",\"@id\":\"http:\\\/\\\/fairbrokershub.com\\\/fr\\\/#website\",\"url\":\"http:\\\/\\\/fairbrokershub.com\\\/fr\\\/\",\"name\":\"Fair Brokers Hub\",\"description\":\"\",\"publisher\":{\"@id\":\"http:\\\/\\\/fairbrokershub.com\\\/fr\\\/#organization\"},\"potentialAction\":[{\"@type\":\"SearchAction\",\"target\":{\"@type\":\"EntryPoint\",\"urlTemplate\":\"http:\\\/\\\/fairbrokershub.com\\\/fr\\\/?s={search_term_string}\"},\"query-input\":{\"@type\":\"PropertyValueSpecification\",\"valueRequired\":true,\"valueName\":\"search_term_string\"}}],\"inLanguage\":\"fr-FR\"},{\"@type\":\"Organization\",\"@id\":\"http:\\\/\\\/fairbrokershub.com\\\/fr\\\/#organization\",\"name\":\"Fair Brokers Hub\",\"url\":\"http:\\\/\\\/fairbrokershub.com\\\/fr\\\/\",\"logo\":{\"@type\":\"ImageObject\",\"inLanguage\":\"fr-FR\",\"@id\":\"http:\\\/\\\/fairbrokershub.com\\\/fr\\\/#\\\/schema\\\/logo\\\/image\\\/\",\"url\":\"https:\\\/\\\/fairbrokershub.com\\\/wp-content\\\/uploads\\\/2024\\\/05\\\/FAV_HUB-1.png\",\"contentUrl\":\"https:\\\/\\\/fairbrokershub.com\\\/wp-content\\\/uploads\\\/2024\\\/05\\\/FAV_HUB-1.png\",\"width\":740,\"height\":706,\"caption\":\"Fair Brokers Hub\"},\"image\":{\"@id\":\"http:\\\/\\\/fairbrokershub.com\\\/fr\\\/#\\\/schema\\\/logo\\\/image\\\/\"}}]}<\/script>\n<!-- \/ Yoast SEO plugin. -->","yoast_head_json":{"title":"Le commerce des crypto-monnaies &#8226; Fair Brokers Hub","robots":{"index":"index","follow":"follow","max-snippet":"max-snippet:-1","max-image-preview":"max-image-preview:large","max-video-preview":"max-video-preview:-1"},"canonical":"http:\/\/fairbrokershub.com\/fr\/commerce-des-devises\/","og_locale":"fr_FR","og_type":"article","og_title":"Le commerce des crypto-monnaies &#8226; Fair Brokers Hub","og_description":"L&rsquo;\u00e9change de crypto-monnaies revient \u00e0 poss\u00e9der un coffre au tr\u00e9sor num\u00e9rique dans le vaste oc\u00e9an d&rsquo;Internet. Imaginez que vous \u00eates un pirate num\u00e9rique et qu&rsquo;au lieu de pi\u00e8ces d&rsquo;or, vous recherchez des bitcoins, des ethereums ou des dogecoins. La valeur de ces pi\u00e8ces num\u00e9riques fluctue comme les vagues de la mer \u2013 parfois &nbsp;\u00e9lev\u00e9e, parfois [&hellip;]","og_url":"http:\/\/fairbrokershub.com\/fr\/commerce-des-devises\/","og_site_name":"Fair Brokers Hub","article_modified_time":"2024-05-17T07:08:51+00:00","og_image":[{"width":740,"height":706,"url":"http:\/\/fairbrokershub.com\/wp-content\/uploads\/2024\/05\/FAV_HUB-1.png","type":"image\/png"}],"twitter_card":"summary_large_image","twitter_misc":{"Dur\u00e9e de lecture estim\u00e9e":"1 minute"},"schema":{"@context":"https:\/\/schema.org","@graph":[{"@type":"WebPage","@id":"http:\/\/fairbrokershub.com\/fr\/commerce-des-devises\/","url":"http:\/\/fairbrokershub.com\/fr\/commerce-des-devises\/","name":"Le commerce des crypto-monnaies &#8226; Fair Brokers Hub","isPartOf":{"@id":"http:\/\/fairbrokershub.com\/fr\/#website"},"datePublished":"2024-04-30T11:58:23+00:00","dateModified":"2024-05-17T07:08:51+00:00","breadcrumb":{"@id":"http:\/\/fairbrokershub.com\/fr\/commerce-des-devises\/#breadcrumb"},"inLanguage":"fr-FR","potentialAction":[{"@type":"ReadAction","target":["http:\/\/fairbrokershub.com\/fr\/commerce-des-devises\/"]}]},{"@type":"BreadcrumbList","@id":"http:\/\/fairbrokershub.com\/fr\/commerce-des-devises\/#breadcrumb","itemListElement":[{"@type":"ListItem","position":1,"name":"Home","item":"http:\/\/fairbrokershub.com\/fr\/"},{"@type":"ListItem","position":2,"name":"Le commerce des crypto-monnaies"}]},{"@type":"WebSite","@id":"http:\/\/fairbrokershub.com\/fr\/#website","url":"http:\/\/fairbrokershub.com\/fr\/","name":"Fair Brokers Hub","description":"","publisher":{"@id":"http:\/\/fairbrokershub.com\/fr\/#organization"},"potentialAction":[{"@type":"SearchAction","target":{"@type":"EntryPoint","urlTemplate":"http:\/\/fairbrokershub.com\/fr\/?s={search_term_string}"},"query-input":{"@type":"PropertyValueSpecification","valueRequired":true,"valueName":"search_term_string"}}],"inLanguage":"fr-FR"},{"@type":"Organization","@id":"http:\/\/fairbrokershub.com\/fr\/#organization","name":"Fair Brokers Hub","url":"http:\/\/fairbrokershub.com\/fr\/","logo":{"@type":"ImageObject","inLanguage":"fr-FR","@id":"http:\/\/fairbrokershub.com\/fr\/#\/schema\/logo\/image\/","url":"https:\/\/fairbrokershub.com\/wp-content\/uploads\/2024\/05\/FAV_HUB-1.png","contentUrl":"https:\/\/fairbrokershub.com\/wp-content\/uploads\/2024\/05\/FAV_HUB-1.png","width":740,"height":706,"caption":"Fair Brokers Hub"},"image":{"@id":"http:\/\/fairbrokershub.com\/fr\/#\/schema\/logo\/image\/"}}]}},"_links":{"self":[{"href":"http:\/\/fairbrokershub.com\/fr\/wp-json\/wp\/v2\/pages\/268","targetHints":{"allow":["GET"]}}],"collection":[{"href":"http:\/\/fairbrokershub.com\/fr\/wp-json\/wp\/v2\/pages"}],"about":[{"href":"http:\/\/fairbrokershub.com\/fr\/wp-json\/wp\/v2\/types\/page"}],"author":[{"embeddable":true,"href":"http:\/\/fairbrokershub.com\/fr\/wp-json\/wp\/v2\/users\/1"}],"replies":[{"embeddable":true,"href":"http:\/\/fairbrokershub.com\/fr\/wp-json\/wp\/v2\/comments?post=268"}],"version-history":[{"count":6,"href":"http:\/\/fairbrokershub.com\/fr\/wp-json\/wp\/v2\/pages\/268\/revisions"}],"predecessor-version":[{"id":475,"href":"http:\/\/fairbrokershub.com\/fr\/wp-json\/wp\/v2\/pages\/268\/revisions\/475"}],"wp:attachment":[{"href":"http:\/\/fairbrokershub.com\/fr\/wp-json\/wp\/v2\/media?parent=268"}],"curies":[{"name":"wp","href":"https:\/\/api.w.org\/{rel}","templated":true}]}}