{"id":260,"date":"2024-04-26T13:42:12","date_gmt":"2024-04-26T13:42:12","guid":{"rendered":"https:\/\/fairbrokershub.com\/?page_id=260"},"modified":"2024-05-15T13:32:54","modified_gmt":"2024-05-15T13:32:54","slug":"main-page","status":"publish","type":"page","link":"http:\/\/fairbrokershub.com\/fr\/","title":{"rendered":"Main Page"},"content":{"rendered":"\n<p>Il est temps d&rsquo;explorer ce que vous \u00eates venu chercher ici. Pour vous prot\u00e9ger des escrocs qui se font passer pour des courtiers l\u00e9gitimes, consultez nos avis d\u00e9taill\u00e9s et v\u00e9rifiez si la plateforme de votre choix correspond \u00e0 vos objectifs. Appuyez simplement sur le bouton et vous serez redirig\u00e9 vers le courtier.<\/p>\n","protected":false},"excerpt":{"rendered":"<p>Il est temps d&rsquo;explorer ce que vous \u00eates venu chercher ici. Pour vous prot\u00e9ger des escrocs qui se font passer pour des courtiers l\u00e9gitimes, consultez nos avis d\u00e9taill\u00e9s et v\u00e9rifiez si la plateforme de votre choix correspond \u00e0 vos objectifs. Appuyez simplement sur le bouton et vous serez redirig\u00e9 vers le courtier.<\/p>\n","protected":false},"author":1,"featured_media":512,"parent":0,"menu_order":0,"comment_status":"closed","ping_status":"open","template":"front-page.php","meta":{"inline_featured_image":false,"_glsr_average":0,"_glsr_ranking":0,"_glsr_reviews":0,"footnotes":""},"class_list":["post-260","page","type-page","status-publish","has-post-thumbnail","hentry"],"yoast_head":"<!-- This site is optimized with the Yoast SEO plugin v27.3 - https:\/\/yoast.com\/product\/yoast-seo-wordpress\/ -->\n<title>Main Page &#8226; Fair Brokers Hub<\/title>\n<meta name=\"robots\" content=\"index, follow, max-snippet:-1, max-image-preview:large, max-video-preview:-1\" \/>\n<link rel=\"canonical\" href=\"http:\/\/fairbrokershub.com\/fr\/\" \/>\n<meta property=\"og:locale\" content=\"fr_FR\" \/>\n<meta property=\"og:type\" content=\"article\" \/>\n<meta property=\"og:title\" content=\"Main Page &#8226; Fair Brokers Hub\" \/>\n<meta property=\"og:description\" content=\"Il est temps d&rsquo;explorer ce que vous \u00eates venu chercher ici. Pour vous prot\u00e9ger des escrocs qui se font passer pour des courtiers l\u00e9gitimes, consultez nos avis d\u00e9taill\u00e9s et v\u00e9rifiez si la plateforme de votre choix correspond \u00e0 vos objectifs. Appuyez simplement sur le bouton et vous serez redirig\u00e9 vers le courtier.\" \/>\n<meta property=\"og:url\" content=\"http:\/\/fairbrokershub.com\/fr\/\" \/>\n<meta property=\"og:site_name\" content=\"Fair Brokers Hub\" \/>\n<meta property=\"article:modified_time\" content=\"2024-05-15T13:32:54+00:00\" \/>\n<meta property=\"og:image\" content=\"http:\/\/fairbrokershub.com\/wp-content\/uploads\/2024\/05\/FAV_HUB-1.png\" \/>\n\t<meta property=\"og:image:width\" content=\"740\" \/>\n\t<meta property=\"og:image:height\" content=\"706\" \/>\n\t<meta property=\"og:image:type\" content=\"image\/png\" \/>\n<meta name=\"twitter:card\" content=\"summary_large_image\" \/>\n<script type=\"application\/ld+json\" class=\"yoast-schema-graph\">{\"@context\":\"https:\\\/\\\/schema.org\",\"@graph\":[{\"@type\":\"WebPage\",\"@id\":\"http:\\\/\\\/fairbrokershub.com\\\/fr\\\/\",\"url\":\"http:\\\/\\\/fairbrokershub.com\\\/fr\\\/\",\"name\":\"Main Page &#8226; Fair Brokers Hub\",\"isPartOf\":{\"@id\":\"http:\\\/\\\/fairbrokershub.com\\\/fr\\\/#website\"},\"primaryImageOfPage\":{\"@id\":\"http:\\\/\\\/fairbrokershub.com\\\/fr\\\/#primaryimage\"},\"image\":{\"@id\":\"http:\\\/\\\/fairbrokershub.com\\\/fr\\\/#primaryimage\"},\"thumbnailUrl\":\"http:\\\/\\\/fairbrokershub.com\\\/wp-content\\\/uploads\\\/2024\\\/05\\\/FAV_HUB-1.png\",\"datePublished\":\"2024-04-26T13:42:12+00:00\",\"dateModified\":\"2024-05-15T13:32:54+00:00\",\"breadcrumb\":{\"@id\":\"http:\\\/\\\/fairbrokershub.com\\\/fr\\\/#breadcrumb\"},\"inLanguage\":\"fr-FR\",\"potentialAction\":[{\"@type\":\"ReadAction\",\"target\":[\"http:\\\/\\\/fairbrokershub.com\\\/fr\\\/\"]}]},{\"@type\":\"ImageObject\",\"inLanguage\":\"fr-FR\",\"@id\":\"http:\\\/\\\/fairbrokershub.com\\\/fr\\\/#primaryimage\",\"url\":\"http:\\\/\\\/fairbrokershub.com\\\/wp-content\\\/uploads\\\/2024\\\/05\\\/FAV_HUB-1.png\",\"contentUrl\":\"http:\\\/\\\/fairbrokershub.com\\\/wp-content\\\/uploads\\\/2024\\\/05\\\/FAV_HUB-1.png\",\"width\":740,\"height\":706,\"caption\":\"Hub with legit options to trade.\"},{\"@type\":\"BreadcrumbList\",\"@id\":\"http:\\\/\\\/fairbrokershub.com\\\/fr\\\/#breadcrumb\",\"itemListElement\":[{\"@type\":\"ListItem\",\"position\":1,\"name\":\"Home\",\"item\":\"http:\\\/\\\/fairbrokershub.com\\\/fr\\\/\"},{\"@type\":\"ListItem\",\"position\":2,\"name\":\"Main Page\"}]},{\"@type\":\"WebSite\",\"@id\":\"http:\\\/\\\/fairbrokershub.com\\\/fr\\\/#website\",\"url\":\"http:\\\/\\\/fairbrokershub.com\\\/fr\\\/\",\"name\":\"Fair Brokers Hub\",\"description\":\"\",\"publisher\":{\"@id\":\"http:\\\/\\\/fairbrokershub.com\\\/fr\\\/#organization\"},\"potentialAction\":[{\"@type\":\"SearchAction\",\"target\":{\"@type\":\"EntryPoint\",\"urlTemplate\":\"http:\\\/\\\/fairbrokershub.com\\\/fr\\\/?s={search_term_string}\"},\"query-input\":{\"@type\":\"PropertyValueSpecification\",\"valueRequired\":true,\"valueName\":\"search_term_string\"}}],\"inLanguage\":\"fr-FR\"},{\"@type\":\"Organization\",\"@id\":\"http:\\\/\\\/fairbrokershub.com\\\/fr\\\/#organization\",\"name\":\"Fair Brokers Hub\",\"url\":\"http:\\\/\\\/fairbrokershub.com\\\/fr\\\/\",\"logo\":{\"@type\":\"ImageObject\",\"inLanguage\":\"fr-FR\",\"@id\":\"http:\\\/\\\/fairbrokershub.com\\\/fr\\\/#\\\/schema\\\/logo\\\/image\\\/\",\"url\":\"https:\\\/\\\/fairbrokershub.com\\\/wp-content\\\/uploads\\\/2024\\\/05\\\/FAV_HUB-1.png\",\"contentUrl\":\"https:\\\/\\\/fairbrokershub.com\\\/wp-content\\\/uploads\\\/2024\\\/05\\\/FAV_HUB-1.png\",\"width\":740,\"height\":706,\"caption\":\"Fair Brokers Hub\"},\"image\":{\"@id\":\"http:\\\/\\\/fairbrokershub.com\\\/fr\\\/#\\\/schema\\\/logo\\\/image\\\/\"}}]}<\/script>\n<!-- \/ Yoast SEO plugin. -->","yoast_head_json":{"title":"Main Page &#8226; Fair Brokers Hub","robots":{"index":"index","follow":"follow","max-snippet":"max-snippet:-1","max-image-preview":"max-image-preview:large","max-video-preview":"max-video-preview:-1"},"canonical":"http:\/\/fairbrokershub.com\/fr\/","og_locale":"fr_FR","og_type":"article","og_title":"Main Page &#8226; Fair Brokers Hub","og_description":"Il est temps d&rsquo;explorer ce que vous \u00eates venu chercher ici. Pour vous prot\u00e9ger des escrocs qui se font passer pour des courtiers l\u00e9gitimes, consultez nos avis d\u00e9taill\u00e9s et v\u00e9rifiez si la plateforme de votre choix correspond \u00e0 vos objectifs. Appuyez simplement sur le bouton et vous serez redirig\u00e9 vers le courtier.","og_url":"http:\/\/fairbrokershub.com\/fr\/","og_site_name":"Fair Brokers Hub","article_modified_time":"2024-05-15T13:32:54+00:00","og_image":[{"width":740,"height":706,"url":"http:\/\/fairbrokershub.com\/wp-content\/uploads\/2024\/05\/FAV_HUB-1.png","type":"image\/png"}],"twitter_card":"summary_large_image","schema":{"@context":"https:\/\/schema.org","@graph":[{"@type":"WebPage","@id":"http:\/\/fairbrokershub.com\/fr\/","url":"http:\/\/fairbrokershub.com\/fr\/","name":"Main Page &#8226; Fair Brokers Hub","isPartOf":{"@id":"http:\/\/fairbrokershub.com\/fr\/#website"},"primaryImageOfPage":{"@id":"http:\/\/fairbrokershub.com\/fr\/#primaryimage"},"image":{"@id":"http:\/\/fairbrokershub.com\/fr\/#primaryimage"},"thumbnailUrl":"http:\/\/fairbrokershub.com\/wp-content\/uploads\/2024\/05\/FAV_HUB-1.png","datePublished":"2024-04-26T13:42:12+00:00","dateModified":"2024-05-15T13:32:54+00:00","breadcrumb":{"@id":"http:\/\/fairbrokershub.com\/fr\/#breadcrumb"},"inLanguage":"fr-FR","potentialAction":[{"@type":"ReadAction","target":["http:\/\/fairbrokershub.com\/fr\/"]}]},{"@type":"ImageObject","inLanguage":"fr-FR","@id":"http:\/\/fairbrokershub.com\/fr\/#primaryimage","url":"http:\/\/fairbrokershub.com\/wp-content\/uploads\/2024\/05\/FAV_HUB-1.png","contentUrl":"http:\/\/fairbrokershub.com\/wp-content\/uploads\/2024\/05\/FAV_HUB-1.png","width":740,"height":706,"caption":"Hub with legit options to trade."},{"@type":"BreadcrumbList","@id":"http:\/\/fairbrokershub.com\/fr\/#breadcrumb","itemListElement":[{"@type":"ListItem","position":1,"name":"Home","item":"http:\/\/fairbrokershub.com\/fr\/"},{"@type":"ListItem","position":2,"name":"Main Page"}]},{"@type":"WebSite","@id":"http:\/\/fairbrokershub.com\/fr\/#website","url":"http:\/\/fairbrokershub.com\/fr\/","name":"Fair Brokers Hub","description":"","publisher":{"@id":"http:\/\/fairbrokershub.com\/fr\/#organization"},"potentialAction":[{"@type":"SearchAction","target":{"@type":"EntryPoint","urlTemplate":"http:\/\/fairbrokershub.com\/fr\/?s={search_term_string}"},"query-input":{"@type":"PropertyValueSpecification","valueRequired":true,"valueName":"search_term_string"}}],"inLanguage":"fr-FR"},{"@type":"Organization","@id":"http:\/\/fairbrokershub.com\/fr\/#organization","name":"Fair Brokers Hub","url":"http:\/\/fairbrokershub.com\/fr\/","logo":{"@type":"ImageObject","inLanguage":"fr-FR","@id":"http:\/\/fairbrokershub.com\/fr\/#\/schema\/logo\/image\/","url":"https:\/\/fairbrokershub.com\/wp-content\/uploads\/2024\/05\/FAV_HUB-1.png","contentUrl":"https:\/\/fairbrokershub.com\/wp-content\/uploads\/2024\/05\/FAV_HUB-1.png","width":740,"height":706,"caption":"Fair Brokers Hub"},"image":{"@id":"http:\/\/fairbrokershub.com\/fr\/#\/schema\/logo\/image\/"}}]}},"_links":{"self":[{"href":"http:\/\/fairbrokershub.com\/fr\/wp-json\/wp\/v2\/pages\/260","targetHints":{"allow":["GET"]}}],"collection":[{"href":"http:\/\/fairbrokershub.com\/fr\/wp-json\/wp\/v2\/pages"}],"about":[{"href":"http:\/\/fairbrokershub.com\/fr\/wp-json\/wp\/v2\/types\/page"}],"author":[{"embeddable":true,"href":"http:\/\/fairbrokershub.com\/fr\/wp-json\/wp\/v2\/users\/1"}],"replies":[{"embeddable":true,"href":"http:\/\/fairbrokershub.com\/fr\/wp-json\/wp\/v2\/comments?post=260"}],"version-history":[{"count":8,"href":"http:\/\/fairbrokershub.com\/fr\/wp-json\/wp\/v2\/pages\/260\/revisions"}],"predecessor-version":[{"id":440,"href":"http:\/\/fairbrokershub.com\/fr\/wp-json\/wp\/v2\/pages\/260\/revisions\/440"}],"wp:featuredmedia":[{"embeddable":true,"href":"http:\/\/fairbrokershub.com\/fr\/wp-json\/wp\/v2\/media\/512"}],"wp:attachment":[{"href":"http:\/\/fairbrokershub.com\/fr\/wp-json\/wp\/v2\/media?parent=260"}],"curies":[{"name":"wp","href":"https:\/\/api.w.org\/{rel}","templated":true}]}}