{"id":310,"date":"2024-04-30T12:16:19","date_gmt":"2024-04-30T12:16:19","guid":{"rendered":"https:\/\/fairbrokershub.com\/?page_id=310"},"modified":"2024-05-20T09:13:06","modified_gmt":"2024-05-20T09:13:06","slug":"vamos-c-conectarnos","status":"publish","type":"page","link":"http:\/\/fairbrokershub.com\/es\/vamos-c-conectarnos\/","title":{"rendered":"Asistir"},"content":{"rendered":"\n<p>Fair Brokers Hub se ha creado para que sus operaciones comerciales sean f\u00e1ciles y exitosas, ayud\u00e1ndole a crear un banco y a construir una estrategia financiera procesable. Cada art\u00edculo de opini\u00f3n que publicamos se crea para ayudarle a usted, nuestro lector, y prevenir el problema de las estafas y los robos. Como parte de la comunidad, puede informar sobre las plataformas, independientemente de si ya lo tenemos en nuestro arsenal, y compartir el conocimiento con el resto de los miembros. Por lo tanto, eche un vistazo al formulario y comparta los datos de su elecci\u00f3n.<\/p>\n","protected":false},"excerpt":{"rendered":"<p>Fair Brokers Hub se ha creado para que sus operaciones comerciales sean f\u00e1ciles y exitosas, ayud\u00e1ndole a crear un banco y a construir una estrategia financiera procesable. Cada art\u00edculo de opini\u00f3n que publicamos se crea para ayudarle a usted, nuestro lector, y prevenir el problema de las estafas y los robos. Como parte de la [&hellip;]<\/p>\n","protected":false},"author":1,"featured_media":0,"parent":0,"menu_order":0,"comment_status":"closed","ping_status":"closed","template":"contact-template.php","meta":{"inline_featured_image":false,"_glsr_average":0,"_glsr_ranking":0,"_glsr_reviews":0,"footnotes":""},"class_list":["post-310","page","type-page","status-publish","hentry"],"yoast_head":"<!-- This site is optimized with the Yoast SEO plugin v27.3 - https:\/\/yoast.com\/product\/yoast-seo-wordpress\/ -->\n<title>Asistir &#8226; Fair Brokers Hub<\/title>\n<meta name=\"robots\" content=\"index, follow, max-snippet:-1, max-image-preview:large, max-video-preview:-1\" \/>\n<link rel=\"canonical\" href=\"http:\/\/fairbrokershub.com\/es\/vamos-c-conectarnos\/\" \/>\n<meta property=\"og:locale\" content=\"es_ES\" \/>\n<meta property=\"og:type\" content=\"article\" \/>\n<meta property=\"og:title\" content=\"Asistir &#8226; Fair Brokers Hub\" \/>\n<meta property=\"og:description\" content=\"Fair Brokers Hub se ha creado para que sus operaciones comerciales sean f\u00e1ciles y exitosas, ayud\u00e1ndole a crear un banco y a construir una estrategia financiera procesable. Cada art\u00edculo de opini\u00f3n que publicamos se crea para ayudarle a usted, nuestro lector, y prevenir el problema de las estafas y los robos. Como parte de la [&hellip;]\" \/>\n<meta property=\"og:url\" content=\"http:\/\/fairbrokershub.com\/es\/vamos-c-conectarnos\/\" \/>\n<meta property=\"og:site_name\" content=\"Fair Brokers Hub\" \/>\n<meta property=\"article:modified_time\" content=\"2024-05-20T09:13:06+00:00\" \/>\n<meta property=\"og:image\" content=\"http:\/\/fairbrokershub.com\/wp-content\/uploads\/2024\/05\/FAV_HUB-1.png\" \/>\n\t<meta property=\"og:image:width\" content=\"740\" \/>\n\t<meta property=\"og:image:height\" content=\"706\" \/>\n\t<meta property=\"og:image:type\" content=\"image\/png\" \/>\n<meta name=\"twitter:card\" content=\"summary_large_image\" \/>\n<meta name=\"twitter:label1\" content=\"Tiempo de lectura\" \/>\n\t<meta name=\"twitter:data1\" content=\"1 minuto\" \/>\n<script type=\"application\/ld+json\" class=\"yoast-schema-graph\">{\"@context\":\"https:\\\/\\\/schema.org\",\"@graph\":[{\"@type\":\"WebPage\",\"@id\":\"http:\\\/\\\/fairbrokershub.com\\\/es\\\/vamos-c-conectarnos\\\/\",\"url\":\"http:\\\/\\\/fairbrokershub.com\\\/es\\\/vamos-c-conectarnos\\\/\",\"name\":\"Asistir &#8226; Fair Brokers Hub\",\"isPartOf\":{\"@id\":\"http:\\\/\\\/fairbrokershub.com\\\/es\\\/#website\"},\"datePublished\":\"2024-04-30T12:16:19+00:00\",\"dateModified\":\"2024-05-20T09:13:06+00:00\",\"breadcrumb\":{\"@id\":\"http:\\\/\\\/fairbrokershub.com\\\/es\\\/vamos-c-conectarnos\\\/#breadcrumb\"},\"inLanguage\":\"es\",\"potentialAction\":[{\"@type\":\"ReadAction\",\"target\":[\"http:\\\/\\\/fairbrokershub.com\\\/es\\\/vamos-c-conectarnos\\\/\"]}]},{\"@type\":\"BreadcrumbList\",\"@id\":\"http:\\\/\\\/fairbrokershub.com\\\/es\\\/vamos-c-conectarnos\\\/#breadcrumb\",\"itemListElement\":[{\"@type\":\"ListItem\",\"position\":1,\"name\":\"Home\",\"item\":\"http:\\\/\\\/fairbrokershub.com\\\/es\\\/\"},{\"@type\":\"ListItem\",\"position\":2,\"name\":\"Asistir\"}]},{\"@type\":\"WebSite\",\"@id\":\"http:\\\/\\\/fairbrokershub.com\\\/es\\\/#website\",\"url\":\"http:\\\/\\\/fairbrokershub.com\\\/es\\\/\",\"name\":\"Fair Brokers Hub\",\"description\":\"\",\"publisher\":{\"@id\":\"http:\\\/\\\/fairbrokershub.com\\\/es\\\/#organization\"},\"potentialAction\":[{\"@type\":\"SearchAction\",\"target\":{\"@type\":\"EntryPoint\",\"urlTemplate\":\"http:\\\/\\\/fairbrokershub.com\\\/es\\\/?s={search_term_string}\"},\"query-input\":{\"@type\":\"PropertyValueSpecification\",\"valueRequired\":true,\"valueName\":\"search_term_string\"}}],\"inLanguage\":\"es\"},{\"@type\":\"Organization\",\"@id\":\"http:\\\/\\\/fairbrokershub.com\\\/es\\\/#organization\",\"name\":\"Fair Brokers Hub\",\"url\":\"http:\\\/\\\/fairbrokershub.com\\\/es\\\/\",\"logo\":{\"@type\":\"ImageObject\",\"inLanguage\":\"es\",\"@id\":\"http:\\\/\\\/fairbrokershub.com\\\/es\\\/#\\\/schema\\\/logo\\\/image\\\/\",\"url\":\"https:\\\/\\\/fairbrokershub.com\\\/wp-content\\\/uploads\\\/2024\\\/05\\\/FAV_HUB-1.png\",\"contentUrl\":\"https:\\\/\\\/fairbrokershub.com\\\/wp-content\\\/uploads\\\/2024\\\/05\\\/FAV_HUB-1.png\",\"width\":740,\"height\":706,\"caption\":\"Fair Brokers Hub\"},\"image\":{\"@id\":\"http:\\\/\\\/fairbrokershub.com\\\/es\\\/#\\\/schema\\\/logo\\\/image\\\/\"}}]}<\/script>\n<!-- \/ Yoast SEO plugin. -->","yoast_head_json":{"title":"Asistir &#8226; Fair Brokers Hub","robots":{"index":"index","follow":"follow","max-snippet":"max-snippet:-1","max-image-preview":"max-image-preview:large","max-video-preview":"max-video-preview:-1"},"canonical":"http:\/\/fairbrokershub.com\/es\/vamos-c-conectarnos\/","og_locale":"es_ES","og_type":"article","og_title":"Asistir &#8226; Fair Brokers Hub","og_description":"Fair Brokers Hub se ha creado para que sus operaciones comerciales sean f\u00e1ciles y exitosas, ayud\u00e1ndole a crear un banco y a construir una estrategia financiera procesable. Cada art\u00edculo de opini\u00f3n que publicamos se crea para ayudarle a usted, nuestro lector, y prevenir el problema de las estafas y los robos. Como parte de la [&hellip;]","og_url":"http:\/\/fairbrokershub.com\/es\/vamos-c-conectarnos\/","og_site_name":"Fair Brokers Hub","article_modified_time":"2024-05-20T09:13:06+00:00","og_image":[{"width":740,"height":706,"url":"http:\/\/fairbrokershub.com\/wp-content\/uploads\/2024\/05\/FAV_HUB-1.png","type":"image\/png"}],"twitter_card":"summary_large_image","twitter_misc":{"Tiempo de lectura":"1 minuto"},"schema":{"@context":"https:\/\/schema.org","@graph":[{"@type":"WebPage","@id":"http:\/\/fairbrokershub.com\/es\/vamos-c-conectarnos\/","url":"http:\/\/fairbrokershub.com\/es\/vamos-c-conectarnos\/","name":"Asistir &#8226; Fair Brokers Hub","isPartOf":{"@id":"http:\/\/fairbrokershub.com\/es\/#website"},"datePublished":"2024-04-30T12:16:19+00:00","dateModified":"2024-05-20T09:13:06+00:00","breadcrumb":{"@id":"http:\/\/fairbrokershub.com\/es\/vamos-c-conectarnos\/#breadcrumb"},"inLanguage":"es","potentialAction":[{"@type":"ReadAction","target":["http:\/\/fairbrokershub.com\/es\/vamos-c-conectarnos\/"]}]},{"@type":"BreadcrumbList","@id":"http:\/\/fairbrokershub.com\/es\/vamos-c-conectarnos\/#breadcrumb","itemListElement":[{"@type":"ListItem","position":1,"name":"Home","item":"http:\/\/fairbrokershub.com\/es\/"},{"@type":"ListItem","position":2,"name":"Asistir"}]},{"@type":"WebSite","@id":"http:\/\/fairbrokershub.com\/es\/#website","url":"http:\/\/fairbrokershub.com\/es\/","name":"Fair Brokers Hub","description":"","publisher":{"@id":"http:\/\/fairbrokershub.com\/es\/#organization"},"potentialAction":[{"@type":"SearchAction","target":{"@type":"EntryPoint","urlTemplate":"http:\/\/fairbrokershub.com\/es\/?s={search_term_string}"},"query-input":{"@type":"PropertyValueSpecification","valueRequired":true,"valueName":"search_term_string"}}],"inLanguage":"es"},{"@type":"Organization","@id":"http:\/\/fairbrokershub.com\/es\/#organization","name":"Fair Brokers Hub","url":"http:\/\/fairbrokershub.com\/es\/","logo":{"@type":"ImageObject","inLanguage":"es","@id":"http:\/\/fairbrokershub.com\/es\/#\/schema\/logo\/image\/","url":"https:\/\/fairbrokershub.com\/wp-content\/uploads\/2024\/05\/FAV_HUB-1.png","contentUrl":"https:\/\/fairbrokershub.com\/wp-content\/uploads\/2024\/05\/FAV_HUB-1.png","width":740,"height":706,"caption":"Fair Brokers Hub"},"image":{"@id":"http:\/\/fairbrokershub.com\/es\/#\/schema\/logo\/image\/"}}]}},"_links":{"self":[{"href":"http:\/\/fairbrokershub.com\/es\/wp-json\/wp\/v2\/pages\/310","targetHints":{"allow":["GET"]}}],"collection":[{"href":"http:\/\/fairbrokershub.com\/es\/wp-json\/wp\/v2\/pages"}],"about":[{"href":"http:\/\/fairbrokershub.com\/es\/wp-json\/wp\/v2\/types\/page"}],"author":[{"embeddable":true,"href":"http:\/\/fairbrokershub.com\/es\/wp-json\/wp\/v2\/users\/1"}],"replies":[{"embeddable":true,"href":"http:\/\/fairbrokershub.com\/es\/wp-json\/wp\/v2\/comments?post=310"}],"version-history":[{"count":3,"href":"http:\/\/fairbrokershub.com\/es\/wp-json\/wp\/v2\/pages\/310\/revisions"}],"predecessor-version":[{"id":610,"href":"http:\/\/fairbrokershub.com\/es\/wp-json\/wp\/v2\/pages\/310\/revisions\/610"}],"wp:attachment":[{"href":"http:\/\/fairbrokershub.com\/es\/wp-json\/wp\/v2\/media?parent=310"}],"curies":[{"name":"wp","href":"https:\/\/api.w.org\/{rel}","templated":true}]}}