{"id":306,"date":"2024-05-06T13:33:55","date_gmt":"2024-05-06T13:33:55","guid":{"rendered":"https:\/\/fairbrokershub.com\/?page_id=306"},"modified":"2024-05-17T07:29:02","modified_gmt":"2024-05-17T07:29:02","slug":"politica-de-privacidad","status":"publish","type":"page","link":"http:\/\/fairbrokershub.com\/es\/politica-de-privacidad\/","title":{"rendered":"Pol\u00edtica de Privacidad"},"content":{"rendered":"\n<p>Esta Pol\u00edtica de privacidad describe c\u00f3mo recogemos, utilizamos, compartimos y protegemos su informaci\u00f3n personal cuando visita nuestro sitio web, deja comentarios y utiliza nuestros servicios. Nos comprometemos a salvaguardar su privacidad en el tratamiento de sus datos. Al acceder o utilizar nuestro sitio web, usted acepta los t\u00e9rminos de esta Pol\u00edtica de Privacidad.<\/p>\n\n\n\n<h2 class=\"wp-block-heading\"><strong>Contenido y Alcance del Sitio-Web<\/strong><\/h2>\n\n\n\n<p>Fair Brokers Hub proporciona rese\u00f1as informativas y an\u00e1lisis de diversos corredores y servicios relacionados para ayudar a los usuarios a tomar decisiones informadas. Nuestro contenido incluye evaluaciones, comparaciones y recomendaciones imparciales basadas en investigaciones y an\u00e1lisis exhaustivos, as\u00ed como en a\u00f1os de experiencia.<\/p>\n\n\n\n<p>Adem\u00e1s, nuestro sitio web incluye las opiniones y comentarios de nuestros lectores. Tenga en cuenta que los comentarios de los lectores no est\u00e1n vinculados en modo alguno a nuestras opiniones personales. Adem\u00e1s, aunque nuestro objetivo es ofrecer una cobertura exhaustiva, es posible que nuestras rese\u00f1as y recomendaciones no abarquen todas las opciones disponibles en el mercado. Recomendamos a los usuarios que investiguen por su cuenta y busquen asesoramiento profesional antes de tomar decisiones financieras.<\/p>\n\n\n\n<h2 class=\"wp-block-heading\"><strong>Informaci\u00f3n Recopilada y M\u00e9todos de Recogida<\/strong><\/h2>\n\n\n\n<p>En Fair Brokers Hub, recopilamos determinada informaci\u00f3n para mejorar su experiencia de navegaci\u00f3n, mejorar nuestros servicios y ofrecer contenidos personalizados. Esos datos incluyen:<\/p>\n\n\n\n<ol class=\"wp-block-list\">\n<li><strong>Cookies. <\/strong>Utilizamos cookies y tecnolog\u00edas similares para recopilar informaci\u00f3n sobre sus actividades de navegaci\u00f3n. Estas tecnolog\u00edas nos permiten personalizar su experiencia, recordar sus preferencias y realizar un seguimiento de los patrones de uso del sitio web. Puede gestionar sus preferencias de cookies a trav\u00e9s de la configuraci\u00f3n de su navegador.<\/li>\n\n\n\n<li><strong>Datos personales. <\/strong>Esto puede incluir su nombre, direcci\u00f3n de correo electr\u00f3nico, informaci\u00f3n de contacto y otros detalles proporcionados voluntariamente cuando interact\u00faa con nuestro sitio web, como cuando deja un comentario. No compartimos sus datos personales en el sitio web, s\u00f3lo el apodo que elija y su comentario.<\/li>\n\n\n\n<li><strong>Contenido generado por el usuario. <\/strong>Si decide enviar una opini\u00f3n sobre un corredor, podemos recopilar y almacenar esta informaci\u00f3n para mostrarla en el sitio web y relacionarla con otros usuarios.<\/li>\n<\/ol>\n\n\n\n<h2 class=\"wp-block-heading\"><strong>Derechos de Los Usuarios<\/strong><\/h2>\n\n\n\n<p>Usted tiene ciertos derechos cuando se trata de sus datos personales. Entre ellos se incluye el derecho a revisar la informaci\u00f3n que conservamos sobre usted, corregirla, eliminarla, restringir a terceros el acceso a ella en determinadas circunstancias y recibir una copia de la misma en un formato legible de uso com\u00fan.<\/p>\n\n\n\n<h2 class=\"wp-block-heading\"><strong>Seguridad y Retenci\u00f3n<\/strong><\/h2>\n\n\n\n<p>Nos tomamos muy en serio la seguridad de su informaci\u00f3n personal y empleamos medidas razonables para protegerla de la divulgaci\u00f3n, alteraci\u00f3n o destrucci\u00f3n. Estas medidas incluyen encriptaci\u00f3n, cortafuegos, tecnolog\u00eda de capa de conexi\u00f3n segura (SSL) y auditor\u00edas de seguridad peri\u00f3dicas.<\/p>\n\n\n\n<p>Conservamos su informaci\u00f3n personal s\u00f3lo durante el tiempo necesario para cumplir los fines descritos en esta Pol\u00edtica de Privacidad, a menos que la ley exija o permita un periodo de conservaci\u00f3n m\u00e1s largo. Una vez que su informaci\u00f3n ya no es necesaria, la eliminamos de forma segura o la convertimos en an\u00f3nima.<\/p>\n\n\n\n<h2 class=\"wp-block-heading\"><strong>Cambios en la Pol\u00edtica de Privacidad<\/strong><\/h2>\n\n\n\n<p>Podemos actualizar esta Pol\u00edtica de Privacidad para reflejar cambios en nuestras pr\u00e1cticas, requisitos legales o est\u00e1ndares de la industria, mejorando el sitio web. No somos responsables de notificar a los clientes cualquier cambio en esta Pol\u00edtica. Su uso continuado de Fair Brokers Hub despu\u00e9s de la publicaci\u00f3n de los cambios demuestra autom\u00e1ticamente que cumple la nueva Pol\u00edtica.<\/p>\n","protected":false},"excerpt":{"rendered":"<p>Esta Pol\u00edtica de privacidad describe c\u00f3mo recogemos, utilizamos, compartimos y protegemos su informaci\u00f3n personal cuando visita nuestro sitio web, deja comentarios y utiliza nuestros servicios. Nos comprometemos a salvaguardar su privacidad en el tratamiento de sus datos. Al acceder o utilizar nuestro sitio web, usted acepta los t\u00e9rminos de esta Pol\u00edtica de Privacidad. Contenido y [&hellip;]<\/p>\n","protected":false},"author":1,"featured_media":0,"parent":0,"menu_order":0,"comment_status":"closed","ping_status":"closed","template":"","meta":{"inline_featured_image":false,"_glsr_average":0,"_glsr_ranking":0,"_glsr_reviews":0,"footnotes":""},"class_list":["post-306","page","type-page","status-publish","hentry"],"yoast_head":"<!-- This site is optimized with the Yoast SEO plugin v27.3 - https:\/\/yoast.com\/product\/yoast-seo-wordpress\/ -->\n<title>Pol\u00edtica de Privacidad &#8226; Fair Brokers Hub<\/title>\n<meta name=\"robots\" content=\"index, follow, max-snippet:-1, max-image-preview:large, max-video-preview:-1\" \/>\n<link rel=\"canonical\" href=\"http:\/\/fairbrokershub.com\/es\/politica-de-privacidad\/\" \/>\n<meta property=\"og:locale\" content=\"es_ES\" \/>\n<meta property=\"og:type\" content=\"article\" \/>\n<meta property=\"og:title\" content=\"Pol\u00edtica de Privacidad &#8226; Fair Brokers Hub\" \/>\n<meta property=\"og:description\" content=\"Esta Pol\u00edtica de privacidad describe c\u00f3mo recogemos, utilizamos, compartimos y protegemos su informaci\u00f3n personal cuando visita nuestro sitio web, deja comentarios y utiliza nuestros servicios. Nos comprometemos a salvaguardar su privacidad en el tratamiento de sus datos. Al acceder o utilizar nuestro sitio web, usted acepta los t\u00e9rminos de esta Pol\u00edtica de Privacidad. Contenido y [&hellip;]\" \/>\n<meta property=\"og:url\" content=\"http:\/\/fairbrokershub.com\/es\/politica-de-privacidad\/\" \/>\n<meta property=\"og:site_name\" content=\"Fair Brokers Hub\" \/>\n<meta property=\"article:modified_time\" content=\"2024-05-17T07:29:02+00:00\" \/>\n<meta property=\"og:image\" content=\"http:\/\/fairbrokershub.com\/wp-content\/uploads\/2024\/05\/FAV_HUB-1.png\" \/>\n\t<meta property=\"og:image:width\" content=\"740\" \/>\n\t<meta property=\"og:image:height\" content=\"706\" \/>\n\t<meta property=\"og:image:type\" content=\"image\/png\" \/>\n<meta name=\"twitter:card\" content=\"summary_large_image\" \/>\n<meta name=\"twitter:label1\" content=\"Tiempo de lectura\" \/>\n\t<meta name=\"twitter:data1\" content=\"3 minutos\" \/>\n<script type=\"application\/ld+json\" class=\"yoast-schema-graph\">{\"@context\":\"https:\\\/\\\/schema.org\",\"@graph\":[{\"@type\":\"WebPage\",\"@id\":\"http:\\\/\\\/fairbrokershub.com\\\/es\\\/politica-de-privacidad\\\/\",\"url\":\"http:\\\/\\\/fairbrokershub.com\\\/es\\\/politica-de-privacidad\\\/\",\"name\":\"Pol\u00edtica de Privacidad &#8226; Fair Brokers Hub\",\"isPartOf\":{\"@id\":\"http:\\\/\\\/fairbrokershub.com\\\/es\\\/#website\"},\"datePublished\":\"2024-05-06T13:33:55+00:00\",\"dateModified\":\"2024-05-17T07:29:02+00:00\",\"breadcrumb\":{\"@id\":\"http:\\\/\\\/fairbrokershub.com\\\/es\\\/politica-de-privacidad\\\/#breadcrumb\"},\"inLanguage\":\"es\",\"potentialAction\":[{\"@type\":\"ReadAction\",\"target\":[\"http:\\\/\\\/fairbrokershub.com\\\/es\\\/politica-de-privacidad\\\/\"]}]},{\"@type\":\"BreadcrumbList\",\"@id\":\"http:\\\/\\\/fairbrokershub.com\\\/es\\\/politica-de-privacidad\\\/#breadcrumb\",\"itemListElement\":[{\"@type\":\"ListItem\",\"position\":1,\"name\":\"Home\",\"item\":\"http:\\\/\\\/fairbrokershub.com\\\/es\\\/\"},{\"@type\":\"ListItem\",\"position\":2,\"name\":\"Pol\u00edtica de Privacidad\"}]},{\"@type\":\"WebSite\",\"@id\":\"http:\\\/\\\/fairbrokershub.com\\\/es\\\/#website\",\"url\":\"http:\\\/\\\/fairbrokershub.com\\\/es\\\/\",\"name\":\"Fair Brokers Hub\",\"description\":\"\",\"publisher\":{\"@id\":\"http:\\\/\\\/fairbrokershub.com\\\/es\\\/#organization\"},\"potentialAction\":[{\"@type\":\"SearchAction\",\"target\":{\"@type\":\"EntryPoint\",\"urlTemplate\":\"http:\\\/\\\/fairbrokershub.com\\\/es\\\/?s={search_term_string}\"},\"query-input\":{\"@type\":\"PropertyValueSpecification\",\"valueRequired\":true,\"valueName\":\"search_term_string\"}}],\"inLanguage\":\"es\"},{\"@type\":\"Organization\",\"@id\":\"http:\\\/\\\/fairbrokershub.com\\\/es\\\/#organization\",\"name\":\"Fair Brokers Hub\",\"url\":\"http:\\\/\\\/fairbrokershub.com\\\/es\\\/\",\"logo\":{\"@type\":\"ImageObject\",\"inLanguage\":\"es\",\"@id\":\"http:\\\/\\\/fairbrokershub.com\\\/es\\\/#\\\/schema\\\/logo\\\/image\\\/\",\"url\":\"https:\\\/\\\/fairbrokershub.com\\\/wp-content\\\/uploads\\\/2024\\\/05\\\/FAV_HUB-1.png\",\"contentUrl\":\"https:\\\/\\\/fairbrokershub.com\\\/wp-content\\\/uploads\\\/2024\\\/05\\\/FAV_HUB-1.png\",\"width\":740,\"height\":706,\"caption\":\"Fair Brokers Hub\"},\"image\":{\"@id\":\"http:\\\/\\\/fairbrokershub.com\\\/es\\\/#\\\/schema\\\/logo\\\/image\\\/\"}}]}<\/script>\n<!-- \/ Yoast SEO plugin. -->","yoast_head_json":{"title":"Pol\u00edtica de Privacidad &#8226; Fair Brokers Hub","robots":{"index":"index","follow":"follow","max-snippet":"max-snippet:-1","max-image-preview":"max-image-preview:large","max-video-preview":"max-video-preview:-1"},"canonical":"http:\/\/fairbrokershub.com\/es\/politica-de-privacidad\/","og_locale":"es_ES","og_type":"article","og_title":"Pol\u00edtica de Privacidad &#8226; Fair Brokers Hub","og_description":"Esta Pol\u00edtica de privacidad describe c\u00f3mo recogemos, utilizamos, compartimos y protegemos su informaci\u00f3n personal cuando visita nuestro sitio web, deja comentarios y utiliza nuestros servicios. Nos comprometemos a salvaguardar su privacidad en el tratamiento de sus datos. Al acceder o utilizar nuestro sitio web, usted acepta los t\u00e9rminos de esta Pol\u00edtica de Privacidad. Contenido y [&hellip;]","og_url":"http:\/\/fairbrokershub.com\/es\/politica-de-privacidad\/","og_site_name":"Fair Brokers Hub","article_modified_time":"2024-05-17T07:29:02+00:00","og_image":[{"width":740,"height":706,"url":"http:\/\/fairbrokershub.com\/wp-content\/uploads\/2024\/05\/FAV_HUB-1.png","type":"image\/png"}],"twitter_card":"summary_large_image","twitter_misc":{"Tiempo de lectura":"3 minutos"},"schema":{"@context":"https:\/\/schema.org","@graph":[{"@type":"WebPage","@id":"http:\/\/fairbrokershub.com\/es\/politica-de-privacidad\/","url":"http:\/\/fairbrokershub.com\/es\/politica-de-privacidad\/","name":"Pol\u00edtica de Privacidad &#8226; Fair Brokers Hub","isPartOf":{"@id":"http:\/\/fairbrokershub.com\/es\/#website"},"datePublished":"2024-05-06T13:33:55+00:00","dateModified":"2024-05-17T07:29:02+00:00","breadcrumb":{"@id":"http:\/\/fairbrokershub.com\/es\/politica-de-privacidad\/#breadcrumb"},"inLanguage":"es","potentialAction":[{"@type":"ReadAction","target":["http:\/\/fairbrokershub.com\/es\/politica-de-privacidad\/"]}]},{"@type":"BreadcrumbList","@id":"http:\/\/fairbrokershub.com\/es\/politica-de-privacidad\/#breadcrumb","itemListElement":[{"@type":"ListItem","position":1,"name":"Home","item":"http:\/\/fairbrokershub.com\/es\/"},{"@type":"ListItem","position":2,"name":"Pol\u00edtica de Privacidad"}]},{"@type":"WebSite","@id":"http:\/\/fairbrokershub.com\/es\/#website","url":"http:\/\/fairbrokershub.com\/es\/","name":"Fair Brokers Hub","description":"","publisher":{"@id":"http:\/\/fairbrokershub.com\/es\/#organization"},"potentialAction":[{"@type":"SearchAction","target":{"@type":"EntryPoint","urlTemplate":"http:\/\/fairbrokershub.com\/es\/?s={search_term_string}"},"query-input":{"@type":"PropertyValueSpecification","valueRequired":true,"valueName":"search_term_string"}}],"inLanguage":"es"},{"@type":"Organization","@id":"http:\/\/fairbrokershub.com\/es\/#organization","name":"Fair Brokers Hub","url":"http:\/\/fairbrokershub.com\/es\/","logo":{"@type":"ImageObject","inLanguage":"es","@id":"http:\/\/fairbrokershub.com\/es\/#\/schema\/logo\/image\/","url":"https:\/\/fairbrokershub.com\/wp-content\/uploads\/2024\/05\/FAV_HUB-1.png","contentUrl":"https:\/\/fairbrokershub.com\/wp-content\/uploads\/2024\/05\/FAV_HUB-1.png","width":740,"height":706,"caption":"Fair Brokers Hub"},"image":{"@id":"http:\/\/fairbrokershub.com\/es\/#\/schema\/logo\/image\/"}}]}},"_links":{"self":[{"href":"http:\/\/fairbrokershub.com\/es\/wp-json\/wp\/v2\/pages\/306","targetHints":{"allow":["GET"]}}],"collection":[{"href":"http:\/\/fairbrokershub.com\/es\/wp-json\/wp\/v2\/pages"}],"about":[{"href":"http:\/\/fairbrokershub.com\/es\/wp-json\/wp\/v2\/types\/page"}],"author":[{"embeddable":true,"href":"http:\/\/fairbrokershub.com\/es\/wp-json\/wp\/v2\/users\/1"}],"replies":[{"embeddable":true,"href":"http:\/\/fairbrokershub.com\/es\/wp-json\/wp\/v2\/comments?post=306"}],"version-history":[{"count":2,"href":"http:\/\/fairbrokershub.com\/es\/wp-json\/wp\/v2\/pages\/306\/revisions"}],"predecessor-version":[{"id":493,"href":"http:\/\/fairbrokershub.com\/es\/wp-json\/wp\/v2\/pages\/306\/revisions\/493"}],"wp:attachment":[{"href":"http:\/\/fairbrokershub.com\/es\/wp-json\/wp\/v2\/media?parent=306"}],"curies":[{"name":"wp","href":"https:\/\/api.w.org\/{rel}","templated":true}]}}