{"id":304,"date":"2024-04-30T11:59:05","date_gmt":"2024-04-30T11:59:05","guid":{"rendered":"https:\/\/fairbrokershub.com\/?page_id=304"},"modified":"2024-05-17T07:26:17","modified_gmt":"2024-05-17T07:26:17","slug":"comercio-de-divisas","status":"publish","type":"page","link":"http:\/\/fairbrokershub.com\/es\/comercio-de-divisas\/","title":{"rendered":"Comercio de divisas"},"content":{"rendered":"\n<p>El comercio de divisas es como obtener el mayor beneficio de las diferencias entre dos precios originales de divisas. Imagina que est\u00e1s en una convenci\u00f3n internacional de superh\u00e9roes y cambias tus figuras de superh\u00e9roes estadounidenses por otras brit\u00e1nicas. Si hoy un superh\u00e9roe americano equivale a un superh\u00e9roe brit\u00e1nico, ma\u00f1ana puede que necesites dos por uno. Eso es comercio de divisas pero con dinero.<br><br>Por ejemplo, cambia d\u00f3lares por libras con la esperanza de que el valor cambie para poder volver a cambiarlos y obtener ganancias. \u00a1Es como intercambiar cartas con monedas!<\/p>\n\n\n\n<!-- TradingView Widget BEGIN -->\n<div class=\"tradingview-widget-container\">\n  <div class=\"tradingview-widget-container__widget\"><\/div>\n  \n  <script type=\"text\/javascript\" src=\"https:\/\/s3.tradingview.com\/external-embedding\/embed-widget-forex-cross-rates.js\" async>\n  {\n  \"width\": \"100%\",\n  \"height\": 735,\n  \"currencies\": [\n    \"EUR\",\n    \"USD\",\n    \"JPY\",\n    \"GBP\",\n    \"CHF\",\n    \"AUD\",\n    \"CAD\",\n    \"NZD\"\n  ],\n  \"isTransparent\": false,\n  \"colorTheme\": \"light\",\n  \"locale\": \"es\",\n  \"backgroundColor\": \"#ffffff\"\n}\n  <\/script>\n<\/div>\n<!-- TradingView Widget END -->\n\n\n\n<p>Construir una estrategia exitosa con monedas es como planificar un equipo ilimitado de superh\u00e9roes. Primero, necesitas una base (conocimiento de las tendencias del mercado), al igual que Batman necesita sus dispositivos. A continuaci\u00f3n, diversifique: no conf\u00ede s\u00f3lo en Superman; tal vez Flash y Aquaman puedan sorprenderte (monedas diferentes). Una estrategia bien planificada utiliza conocimiento, diversificaci\u00f3n, sincronizaci\u00f3n y autocontrol, lo que lo llevar\u00e1 a la victoria.<\/p>\n","protected":false},"excerpt":{"rendered":"<p>El comercio de divisas es como obtener el mayor beneficio de las diferencias entre dos precios originales de divisas. Imagina que est\u00e1s en una convenci\u00f3n internacional de superh\u00e9roes y cambias tus figuras de superh\u00e9roes estadounidenses por otras brit\u00e1nicas. Si hoy un superh\u00e9roe americano equivale a un superh\u00e9roe brit\u00e1nico, ma\u00f1ana puede que necesites dos por uno. [&hellip;]<\/p>\n","protected":false},"author":1,"featured_media":0,"parent":0,"menu_order":0,"comment_status":"closed","ping_status":"closed","template":"","meta":{"inline_featured_image":false,"_glsr_average":0,"_glsr_ranking":0,"_glsr_reviews":0,"footnotes":""},"class_list":["post-304","page","type-page","status-publish","hentry"],"yoast_head":"<!-- This site is optimized with the Yoast SEO plugin v27.3 - https:\/\/yoast.com\/product\/yoast-seo-wordpress\/ -->\n<title>Comercio de divisas &#8226; Fair Brokers Hub<\/title>\n<meta name=\"robots\" content=\"index, follow, max-snippet:-1, max-image-preview:large, max-video-preview:-1\" \/>\n<link rel=\"canonical\" href=\"http:\/\/fairbrokershub.com\/es\/comercio-de-divisas\/\" \/>\n<meta property=\"og:locale\" content=\"es_ES\" \/>\n<meta property=\"og:type\" content=\"article\" \/>\n<meta property=\"og:title\" content=\"Comercio de divisas &#8226; Fair Brokers Hub\" \/>\n<meta property=\"og:description\" content=\"El comercio de divisas es como obtener el mayor beneficio de las diferencias entre dos precios originales de divisas. Imagina que est\u00e1s en una convenci\u00f3n internacional de superh\u00e9roes y cambias tus figuras de superh\u00e9roes estadounidenses por otras brit\u00e1nicas. Si hoy un superh\u00e9roe americano equivale a un superh\u00e9roe brit\u00e1nico, ma\u00f1ana puede que necesites dos por uno. [&hellip;]\" \/>\n<meta property=\"og:url\" content=\"http:\/\/fairbrokershub.com\/es\/comercio-de-divisas\/\" \/>\n<meta property=\"og:site_name\" content=\"Fair Brokers Hub\" \/>\n<meta property=\"article:modified_time\" content=\"2024-05-17T07:26:17+00:00\" \/>\n<meta property=\"og:image\" content=\"http:\/\/fairbrokershub.com\/wp-content\/uploads\/2024\/05\/FAV_HUB-1.png\" \/>\n\t<meta property=\"og:image:width\" content=\"740\" \/>\n\t<meta property=\"og:image:height\" content=\"706\" \/>\n\t<meta property=\"og:image:type\" content=\"image\/png\" \/>\n<meta name=\"twitter:card\" content=\"summary_large_image\" \/>\n<meta name=\"twitter:label1\" content=\"Tiempo de lectura\" \/>\n\t<meta name=\"twitter:data1\" content=\"1 minuto\" \/>\n<script type=\"application\/ld+json\" class=\"yoast-schema-graph\">{\"@context\":\"https:\\\/\\\/schema.org\",\"@graph\":[{\"@type\":\"WebPage\",\"@id\":\"http:\\\/\\\/fairbrokershub.com\\\/es\\\/comercio-de-divisas\\\/\",\"url\":\"http:\\\/\\\/fairbrokershub.com\\\/es\\\/comercio-de-divisas\\\/\",\"name\":\"Comercio de divisas &#8226; Fair Brokers Hub\",\"isPartOf\":{\"@id\":\"http:\\\/\\\/fairbrokershub.com\\\/es\\\/#website\"},\"datePublished\":\"2024-04-30T11:59:05+00:00\",\"dateModified\":\"2024-05-17T07:26:17+00:00\",\"breadcrumb\":{\"@id\":\"http:\\\/\\\/fairbrokershub.com\\\/es\\\/comercio-de-divisas\\\/#breadcrumb\"},\"inLanguage\":\"es\",\"potentialAction\":[{\"@type\":\"ReadAction\",\"target\":[\"http:\\\/\\\/fairbrokershub.com\\\/es\\\/comercio-de-divisas\\\/\"]}]},{\"@type\":\"BreadcrumbList\",\"@id\":\"http:\\\/\\\/fairbrokershub.com\\\/es\\\/comercio-de-divisas\\\/#breadcrumb\",\"itemListElement\":[{\"@type\":\"ListItem\",\"position\":1,\"name\":\"Home\",\"item\":\"http:\\\/\\\/fairbrokershub.com\\\/es\\\/\"},{\"@type\":\"ListItem\",\"position\":2,\"name\":\"Comercio de divisas\"}]},{\"@type\":\"WebSite\",\"@id\":\"http:\\\/\\\/fairbrokershub.com\\\/es\\\/#website\",\"url\":\"http:\\\/\\\/fairbrokershub.com\\\/es\\\/\",\"name\":\"Fair Brokers Hub\",\"description\":\"\",\"publisher\":{\"@id\":\"http:\\\/\\\/fairbrokershub.com\\\/es\\\/#organization\"},\"potentialAction\":[{\"@type\":\"SearchAction\",\"target\":{\"@type\":\"EntryPoint\",\"urlTemplate\":\"http:\\\/\\\/fairbrokershub.com\\\/es\\\/?s={search_term_string}\"},\"query-input\":{\"@type\":\"PropertyValueSpecification\",\"valueRequired\":true,\"valueName\":\"search_term_string\"}}],\"inLanguage\":\"es\"},{\"@type\":\"Organization\",\"@id\":\"http:\\\/\\\/fairbrokershub.com\\\/es\\\/#organization\",\"name\":\"Fair Brokers Hub\",\"url\":\"http:\\\/\\\/fairbrokershub.com\\\/es\\\/\",\"logo\":{\"@type\":\"ImageObject\",\"inLanguage\":\"es\",\"@id\":\"http:\\\/\\\/fairbrokershub.com\\\/es\\\/#\\\/schema\\\/logo\\\/image\\\/\",\"url\":\"https:\\\/\\\/fairbrokershub.com\\\/wp-content\\\/uploads\\\/2024\\\/05\\\/FAV_HUB-1.png\",\"contentUrl\":\"https:\\\/\\\/fairbrokershub.com\\\/wp-content\\\/uploads\\\/2024\\\/05\\\/FAV_HUB-1.png\",\"width\":740,\"height\":706,\"caption\":\"Fair Brokers Hub\"},\"image\":{\"@id\":\"http:\\\/\\\/fairbrokershub.com\\\/es\\\/#\\\/schema\\\/logo\\\/image\\\/\"}}]}<\/script>\n<!-- \/ Yoast SEO plugin. -->","yoast_head_json":{"title":"Comercio de divisas &#8226; Fair Brokers Hub","robots":{"index":"index","follow":"follow","max-snippet":"max-snippet:-1","max-image-preview":"max-image-preview:large","max-video-preview":"max-video-preview:-1"},"canonical":"http:\/\/fairbrokershub.com\/es\/comercio-de-divisas\/","og_locale":"es_ES","og_type":"article","og_title":"Comercio de divisas &#8226; Fair Brokers Hub","og_description":"El comercio de divisas es como obtener el mayor beneficio de las diferencias entre dos precios originales de divisas. Imagina que est\u00e1s en una convenci\u00f3n internacional de superh\u00e9roes y cambias tus figuras de superh\u00e9roes estadounidenses por otras brit\u00e1nicas. Si hoy un superh\u00e9roe americano equivale a un superh\u00e9roe brit\u00e1nico, ma\u00f1ana puede que necesites dos por uno. [&hellip;]","og_url":"http:\/\/fairbrokershub.com\/es\/comercio-de-divisas\/","og_site_name":"Fair Brokers Hub","article_modified_time":"2024-05-17T07:26:17+00:00","og_image":[{"width":740,"height":706,"url":"http:\/\/fairbrokershub.com\/wp-content\/uploads\/2024\/05\/FAV_HUB-1.png","type":"image\/png"}],"twitter_card":"summary_large_image","twitter_misc":{"Tiempo de lectura":"1 minuto"},"schema":{"@context":"https:\/\/schema.org","@graph":[{"@type":"WebPage","@id":"http:\/\/fairbrokershub.com\/es\/comercio-de-divisas\/","url":"http:\/\/fairbrokershub.com\/es\/comercio-de-divisas\/","name":"Comercio de divisas &#8226; Fair Brokers Hub","isPartOf":{"@id":"http:\/\/fairbrokershub.com\/es\/#website"},"datePublished":"2024-04-30T11:59:05+00:00","dateModified":"2024-05-17T07:26:17+00:00","breadcrumb":{"@id":"http:\/\/fairbrokershub.com\/es\/comercio-de-divisas\/#breadcrumb"},"inLanguage":"es","potentialAction":[{"@type":"ReadAction","target":["http:\/\/fairbrokershub.com\/es\/comercio-de-divisas\/"]}]},{"@type":"BreadcrumbList","@id":"http:\/\/fairbrokershub.com\/es\/comercio-de-divisas\/#breadcrumb","itemListElement":[{"@type":"ListItem","position":1,"name":"Home","item":"http:\/\/fairbrokershub.com\/es\/"},{"@type":"ListItem","position":2,"name":"Comercio de divisas"}]},{"@type":"WebSite","@id":"http:\/\/fairbrokershub.com\/es\/#website","url":"http:\/\/fairbrokershub.com\/es\/","name":"Fair Brokers Hub","description":"","publisher":{"@id":"http:\/\/fairbrokershub.com\/es\/#organization"},"potentialAction":[{"@type":"SearchAction","target":{"@type":"EntryPoint","urlTemplate":"http:\/\/fairbrokershub.com\/es\/?s={search_term_string}"},"query-input":{"@type":"PropertyValueSpecification","valueRequired":true,"valueName":"search_term_string"}}],"inLanguage":"es"},{"@type":"Organization","@id":"http:\/\/fairbrokershub.com\/es\/#organization","name":"Fair Brokers Hub","url":"http:\/\/fairbrokershub.com\/es\/","logo":{"@type":"ImageObject","inLanguage":"es","@id":"http:\/\/fairbrokershub.com\/es\/#\/schema\/logo\/image\/","url":"https:\/\/fairbrokershub.com\/wp-content\/uploads\/2024\/05\/FAV_HUB-1.png","contentUrl":"https:\/\/fairbrokershub.com\/wp-content\/uploads\/2024\/05\/FAV_HUB-1.png","width":740,"height":706,"caption":"Fair Brokers Hub"},"image":{"@id":"http:\/\/fairbrokershub.com\/es\/#\/schema\/logo\/image\/"}}]}},"_links":{"self":[{"href":"http:\/\/fairbrokershub.com\/es\/wp-json\/wp\/v2\/pages\/304","targetHints":{"allow":["GET"]}}],"collection":[{"href":"http:\/\/fairbrokershub.com\/es\/wp-json\/wp\/v2\/pages"}],"about":[{"href":"http:\/\/fairbrokershub.com\/es\/wp-json\/wp\/v2\/types\/page"}],"author":[{"embeddable":true,"href":"http:\/\/fairbrokershub.com\/es\/wp-json\/wp\/v2\/users\/1"}],"replies":[{"embeddable":true,"href":"http:\/\/fairbrokershub.com\/es\/wp-json\/wp\/v2\/comments?post=304"}],"version-history":[{"count":3,"href":"http:\/\/fairbrokershub.com\/es\/wp-json\/wp\/v2\/pages\/304\/revisions"}],"predecessor-version":[{"id":489,"href":"http:\/\/fairbrokershub.com\/es\/wp-json\/wp\/v2\/pages\/304\/revisions\/489"}],"wp:attachment":[{"href":"http:\/\/fairbrokershub.com\/es\/wp-json\/wp\/v2\/media?parent=304"}],"curies":[{"name":"wp","href":"https:\/\/api.w.org\/{rel}","templated":true}]}}