{"id":302,"date":"2024-04-30T11:58:23","date_gmt":"2024-04-30T11:58:23","guid":{"rendered":"https:\/\/fairbrokershub.com\/?page_id=302"},"modified":"2024-05-17T07:12:12","modified_gmt":"2024-05-17T07:12:12","slug":"comercio-de-criptomonedas","status":"publish","type":"page","link":"http:\/\/fairbrokershub.com\/es\/comercio-de-criptomonedas\/","title":{"rendered":"Comercio de criptomonedas"},"content":{"rendered":"\n<p>El comercio de criptomonedas es como tener un cofre del tesoro digital en el vasto oc\u00e9ano de Internet. Imagina que eres el pirata digital y, en lugar de monedas de oro, est\u00e1s buscando Bitcoin, Ethereum o Dogecoin. Estas monedas digitales fluct\u00faan en valor como las olas del mar: a veces son altas y otras veces chocan bajo.<br><br>Por ejemplo, si tomaste un Bitcoin cuando era solo una peque\u00f1a ola y esperaste hasta que se convirtiera en un tsunami gigante, podr\u00edas venderlo por un precio m\u00e1s de lo que pagaste inicialmente!<\/p>\n\n\n\n<!-- TradingView Widget BEGIN -->\n<div class=\"tradingview-widget-container\">\n  <div class=\"tradingview-widget-container__widget\"><\/div>\n  <script type=\"text\/javascript\" src=\"https:\/\/s3.tradingview.com\/external-embedding\/embed-widget-crypto-coins-heatmap.js\" async>\n  {\n  \"dataSource\": \"Crypto\",\n  \"blockSize\": \"market_cap_calc\",\n  \"blockColor\": \"change\",\n  \"locale\": \"es\",\n  \"symbolUrl\": \"\",\n  \"colorTheme\": \"light\",\n  \"hasTopBar\": false,\n  \"isDataSetEnabled\": false,\n  \"isZoomEnabled\": true,\n  \"hasSymbolTooltip\": true,\n  \"isMonoSize\": false,\n  \"width\": \"100%\",\n  \"height\": 735\n}\n  <\/script>\n<\/div>\n<!-- TradingView Widget END -->\n\n\n\n<p>Construir una estrategia exitosa con criptomonedas es como prepararse para una gran aventura en el mundo de las finanzas. Selecciona a los marineros (criptomonedas) m\u00e1s duros y experimentados para formar un equipo diverso que te llevar\u00e1 al \u00e9xito. Atraer a nuevos miembros prometedores del equipo (criptomonedas prometedoras) puede fortalecer la estrategia y generar m\u00e1s ganancias.<\/p>\n","protected":false},"excerpt":{"rendered":"<p>El comercio de criptomonedas es como tener un cofre del tesoro digital en el vasto oc\u00e9ano de Internet. Imagina que eres el pirata digital y, en lugar de monedas de oro, est\u00e1s buscando Bitcoin, Ethereum o Dogecoin. Estas monedas digitales fluct\u00faan en valor como las olas del mar: a veces son altas y otras veces [&hellip;]<\/p>\n","protected":false},"author":1,"featured_media":0,"parent":0,"menu_order":0,"comment_status":"closed","ping_status":"closed","template":"","meta":{"inline_featured_image":false,"_glsr_average":0,"_glsr_ranking":0,"_glsr_reviews":0,"footnotes":""},"class_list":["post-302","page","type-page","status-publish","hentry"],"yoast_head":"<!-- This site is optimized with the Yoast SEO plugin v27.3 - https:\/\/yoast.com\/product\/yoast-seo-wordpress\/ -->\n<title>Comercio de criptomonedas &#8226; Fair Brokers Hub<\/title>\n<meta name=\"robots\" content=\"index, follow, max-snippet:-1, max-image-preview:large, max-video-preview:-1\" \/>\n<link rel=\"canonical\" href=\"http:\/\/fairbrokershub.com\/es\/comercio-de-criptomonedas\/\" \/>\n<meta property=\"og:locale\" content=\"es_ES\" \/>\n<meta property=\"og:type\" content=\"article\" \/>\n<meta property=\"og:title\" content=\"Comercio de criptomonedas &#8226; Fair Brokers Hub\" \/>\n<meta property=\"og:description\" content=\"El comercio de criptomonedas es como tener un cofre del tesoro digital en el vasto oc\u00e9ano de Internet. Imagina que eres el pirata digital y, en lugar de monedas de oro, est\u00e1s buscando Bitcoin, Ethereum o Dogecoin. Estas monedas digitales fluct\u00faan en valor como las olas del mar: a veces son altas y otras veces [&hellip;]\" \/>\n<meta property=\"og:url\" content=\"http:\/\/fairbrokershub.com\/es\/comercio-de-criptomonedas\/\" \/>\n<meta property=\"og:site_name\" content=\"Fair Brokers Hub\" \/>\n<meta property=\"article:modified_time\" content=\"2024-05-17T07:12:12+00:00\" \/>\n<meta property=\"og:image\" content=\"http:\/\/fairbrokershub.com\/wp-content\/uploads\/2024\/05\/FAV_HUB-1.png\" \/>\n\t<meta property=\"og:image:width\" content=\"740\" \/>\n\t<meta property=\"og:image:height\" content=\"706\" \/>\n\t<meta property=\"og:image:type\" content=\"image\/png\" \/>\n<meta name=\"twitter:card\" content=\"summary_large_image\" \/>\n<meta name=\"twitter:label1\" content=\"Tiempo de lectura\" \/>\n\t<meta name=\"twitter:data1\" content=\"1 minuto\" \/>\n<script type=\"application\/ld+json\" class=\"yoast-schema-graph\">{\"@context\":\"https:\\\/\\\/schema.org\",\"@graph\":[{\"@type\":\"WebPage\",\"@id\":\"http:\\\/\\\/fairbrokershub.com\\\/es\\\/comercio-de-criptomonedas\\\/\",\"url\":\"http:\\\/\\\/fairbrokershub.com\\\/es\\\/comercio-de-criptomonedas\\\/\",\"name\":\"Comercio de criptomonedas &#8226; Fair Brokers Hub\",\"isPartOf\":{\"@id\":\"http:\\\/\\\/fairbrokershub.com\\\/es\\\/#website\"},\"datePublished\":\"2024-04-30T11:58:23+00:00\",\"dateModified\":\"2024-05-17T07:12:12+00:00\",\"breadcrumb\":{\"@id\":\"http:\\\/\\\/fairbrokershub.com\\\/es\\\/comercio-de-criptomonedas\\\/#breadcrumb\"},\"inLanguage\":\"es\",\"potentialAction\":[{\"@type\":\"ReadAction\",\"target\":[\"http:\\\/\\\/fairbrokershub.com\\\/es\\\/comercio-de-criptomonedas\\\/\"]}]},{\"@type\":\"BreadcrumbList\",\"@id\":\"http:\\\/\\\/fairbrokershub.com\\\/es\\\/comercio-de-criptomonedas\\\/#breadcrumb\",\"itemListElement\":[{\"@type\":\"ListItem\",\"position\":1,\"name\":\"Home\",\"item\":\"http:\\\/\\\/fairbrokershub.com\\\/es\\\/\"},{\"@type\":\"ListItem\",\"position\":2,\"name\":\"Comercio de criptomonedas\"}]},{\"@type\":\"WebSite\",\"@id\":\"http:\\\/\\\/fairbrokershub.com\\\/es\\\/#website\",\"url\":\"http:\\\/\\\/fairbrokershub.com\\\/es\\\/\",\"name\":\"Fair Brokers Hub\",\"description\":\"\",\"publisher\":{\"@id\":\"http:\\\/\\\/fairbrokershub.com\\\/es\\\/#organization\"},\"potentialAction\":[{\"@type\":\"SearchAction\",\"target\":{\"@type\":\"EntryPoint\",\"urlTemplate\":\"http:\\\/\\\/fairbrokershub.com\\\/es\\\/?s={search_term_string}\"},\"query-input\":{\"@type\":\"PropertyValueSpecification\",\"valueRequired\":true,\"valueName\":\"search_term_string\"}}],\"inLanguage\":\"es\"},{\"@type\":\"Organization\",\"@id\":\"http:\\\/\\\/fairbrokershub.com\\\/es\\\/#organization\",\"name\":\"Fair Brokers Hub\",\"url\":\"http:\\\/\\\/fairbrokershub.com\\\/es\\\/\",\"logo\":{\"@type\":\"ImageObject\",\"inLanguage\":\"es\",\"@id\":\"http:\\\/\\\/fairbrokershub.com\\\/es\\\/#\\\/schema\\\/logo\\\/image\\\/\",\"url\":\"https:\\\/\\\/fairbrokershub.com\\\/wp-content\\\/uploads\\\/2024\\\/05\\\/FAV_HUB-1.png\",\"contentUrl\":\"https:\\\/\\\/fairbrokershub.com\\\/wp-content\\\/uploads\\\/2024\\\/05\\\/FAV_HUB-1.png\",\"width\":740,\"height\":706,\"caption\":\"Fair Brokers Hub\"},\"image\":{\"@id\":\"http:\\\/\\\/fairbrokershub.com\\\/es\\\/#\\\/schema\\\/logo\\\/image\\\/\"}}]}<\/script>\n<!-- \/ Yoast SEO plugin. -->","yoast_head_json":{"title":"Comercio de criptomonedas &#8226; Fair Brokers Hub","robots":{"index":"index","follow":"follow","max-snippet":"max-snippet:-1","max-image-preview":"max-image-preview:large","max-video-preview":"max-video-preview:-1"},"canonical":"http:\/\/fairbrokershub.com\/es\/comercio-de-criptomonedas\/","og_locale":"es_ES","og_type":"article","og_title":"Comercio de criptomonedas &#8226; Fair Brokers Hub","og_description":"El comercio de criptomonedas es como tener un cofre del tesoro digital en el vasto oc\u00e9ano de Internet. Imagina que eres el pirata digital y, en lugar de monedas de oro, est\u00e1s buscando Bitcoin, Ethereum o Dogecoin. Estas monedas digitales fluct\u00faan en valor como las olas del mar: a veces son altas y otras veces [&hellip;]","og_url":"http:\/\/fairbrokershub.com\/es\/comercio-de-criptomonedas\/","og_site_name":"Fair Brokers Hub","article_modified_time":"2024-05-17T07:12:12+00:00","og_image":[{"width":740,"height":706,"url":"http:\/\/fairbrokershub.com\/wp-content\/uploads\/2024\/05\/FAV_HUB-1.png","type":"image\/png"}],"twitter_card":"summary_large_image","twitter_misc":{"Tiempo de lectura":"1 minuto"},"schema":{"@context":"https:\/\/schema.org","@graph":[{"@type":"WebPage","@id":"http:\/\/fairbrokershub.com\/es\/comercio-de-criptomonedas\/","url":"http:\/\/fairbrokershub.com\/es\/comercio-de-criptomonedas\/","name":"Comercio de criptomonedas &#8226; Fair Brokers Hub","isPartOf":{"@id":"http:\/\/fairbrokershub.com\/es\/#website"},"datePublished":"2024-04-30T11:58:23+00:00","dateModified":"2024-05-17T07:12:12+00:00","breadcrumb":{"@id":"http:\/\/fairbrokershub.com\/es\/comercio-de-criptomonedas\/#breadcrumb"},"inLanguage":"es","potentialAction":[{"@type":"ReadAction","target":["http:\/\/fairbrokershub.com\/es\/comercio-de-criptomonedas\/"]}]},{"@type":"BreadcrumbList","@id":"http:\/\/fairbrokershub.com\/es\/comercio-de-criptomonedas\/#breadcrumb","itemListElement":[{"@type":"ListItem","position":1,"name":"Home","item":"http:\/\/fairbrokershub.com\/es\/"},{"@type":"ListItem","position":2,"name":"Comercio de criptomonedas"}]},{"@type":"WebSite","@id":"http:\/\/fairbrokershub.com\/es\/#website","url":"http:\/\/fairbrokershub.com\/es\/","name":"Fair Brokers Hub","description":"","publisher":{"@id":"http:\/\/fairbrokershub.com\/es\/#organization"},"potentialAction":[{"@type":"SearchAction","target":{"@type":"EntryPoint","urlTemplate":"http:\/\/fairbrokershub.com\/es\/?s={search_term_string}"},"query-input":{"@type":"PropertyValueSpecification","valueRequired":true,"valueName":"search_term_string"}}],"inLanguage":"es"},{"@type":"Organization","@id":"http:\/\/fairbrokershub.com\/es\/#organization","name":"Fair Brokers Hub","url":"http:\/\/fairbrokershub.com\/es\/","logo":{"@type":"ImageObject","inLanguage":"es","@id":"http:\/\/fairbrokershub.com\/es\/#\/schema\/logo\/image\/","url":"https:\/\/fairbrokershub.com\/wp-content\/uploads\/2024\/05\/FAV_HUB-1.png","contentUrl":"https:\/\/fairbrokershub.com\/wp-content\/uploads\/2024\/05\/FAV_HUB-1.png","width":740,"height":706,"caption":"Fair Brokers Hub"},"image":{"@id":"http:\/\/fairbrokershub.com\/es\/#\/schema\/logo\/image\/"}}]}},"_links":{"self":[{"href":"http:\/\/fairbrokershub.com\/es\/wp-json\/wp\/v2\/pages\/302","targetHints":{"allow":["GET"]}}],"collection":[{"href":"http:\/\/fairbrokershub.com\/es\/wp-json\/wp\/v2\/pages"}],"about":[{"href":"http:\/\/fairbrokershub.com\/es\/wp-json\/wp\/v2\/types\/page"}],"author":[{"embeddable":true,"href":"http:\/\/fairbrokershub.com\/es\/wp-json\/wp\/v2\/users\/1"}],"replies":[{"embeddable":true,"href":"http:\/\/fairbrokershub.com\/es\/wp-json\/wp\/v2\/comments?post=302"}],"version-history":[{"count":2,"href":"http:\/\/fairbrokershub.com\/es\/wp-json\/wp\/v2\/pages\/302\/revisions"}],"predecessor-version":[{"id":478,"href":"http:\/\/fairbrokershub.com\/es\/wp-json\/wp\/v2\/pages\/302\/revisions\/478"}],"wp:attachment":[{"href":"http:\/\/fairbrokershub.com\/es\/wp-json\/wp\/v2\/media?parent=302"}],"curies":[{"name":"wp","href":"https:\/\/api.w.org\/{rel}","templated":true}]}}