{"id":300,"date":"2024-04-30T11:56:29","date_gmt":"2024-04-30T11:56:29","guid":{"rendered":"https:\/\/fairbrokershub.com\/?page_id=300"},"modified":"2024-05-17T07:20:34","modified_gmt":"2024-05-17T07:20:34","slug":"comercio-bursatil","status":"publish","type":"page","link":"http:\/\/fairbrokershub.com\/es\/comercio-bursatil\/","title":{"rendered":"Comercio burs\u00e1til"},"content":{"rendered":"\n<p>El comercio de acciones es como un gran mercado donde todos intercambian piezas de empresas como si fueran cartas coleccionables. Imagina que tienes una tarjeta que dice: \u201cSoy pedacito de compa\u00f1\u00eda Apple\u201d. Si la gente piensa que Apple va a vender m\u00e1s iPhones, querr\u00e1n su tarjeta y pagar\u00e1n m\u00e1s por ella. Si creen que el nuevo tel\u00e9fono de Apple es un fracaso, es posible que no le ofrezcan tanta cantidad.<\/p>\n\n\n\n<p>Por ejemplo, si compraste una pieza de Tesla cuando todo el mundo se re\u00eda de los coches el\u00e9ctricos y la vendiste cuando se convirtieron en la novedad de moda, obtendr\u00edas una buena ganancia!<\/p>\n\n\n\n<!-- TradingView Widget BEGIN -->\n<div class=\"tradingview-widget-container\">\n  <div class=\"tradingview-widget-container__widget\"><\/div>\n  <script type=\"text\/javascript\" src=\"https:\/\/s3.tradingview.com\/external-embedding\/embed-widget-stock-heatmap.js\" async>\n  {\n  \"exchanges\": [],\n  \"dataSource\": \"SPX500\",\n  \"grouping\": \"sector\",\n  \"blockSize\": \"market_cap_basic\",\n  \"blockColor\": \"change\",\n  \"locale\": \"es\",\n  \"symbolUrl\": \"\",\n  \"colorTheme\": \"light\",\n  \"hasTopBar\": false,\n  \"isDataSetEnabled\": false,\n  \"isZoomEnabled\": true,\n  \"hasSymbolTooltip\": true,\n  \"isMonoSize\": false,\n  \"width\": \"100%\",\n  \"height\": 735\n}\n  <\/script>\n<\/div>\n<!-- TradingView Widget END -->\n\n\n\n<p>Construir una estrategia exitosa con acciones no es muy diferente de formar el equipo deportivo de los campeones. Necesita una combinaci\u00f3n de jugadores estrella (empresas grandes y confiables) y novatos con potencial (empresas m\u00e1s peque\u00f1as con perspectivas de crecimiento). La investigaci\u00f3n es tu entrenador y te orienta sobre qu\u00e9 jugadores elegir en funci\u00f3n de su rendimiento y potencial para ganar en campeonato.<\/p>\n","protected":false},"excerpt":{"rendered":"<p>El comercio de acciones es como un gran mercado donde todos intercambian piezas de empresas como si fueran cartas coleccionables. Imagina que tienes una tarjeta que dice: \u201cSoy pedacito de compa\u00f1\u00eda Apple\u201d. Si la gente piensa que Apple va a vender m\u00e1s iPhones, querr\u00e1n su tarjeta y pagar\u00e1n m\u00e1s por ella. Si creen que el [&hellip;]<\/p>\n","protected":false},"author":1,"featured_media":0,"parent":0,"menu_order":0,"comment_status":"closed","ping_status":"closed","template":"","meta":{"inline_featured_image":false,"_glsr_average":0,"_glsr_ranking":0,"_glsr_reviews":0,"footnotes":""},"class_list":["post-300","page","type-page","status-publish","hentry"],"yoast_head":"<!-- This site is optimized with the Yoast SEO plugin v27.3 - https:\/\/yoast.com\/product\/yoast-seo-wordpress\/ -->\n<title>Comercio burs\u00e1til &#8226; Fair Brokers Hub<\/title>\n<meta name=\"robots\" content=\"index, follow, max-snippet:-1, max-image-preview:large, max-video-preview:-1\" \/>\n<link rel=\"canonical\" href=\"http:\/\/fairbrokershub.com\/es\/comercio-bursatil\/\" \/>\n<meta property=\"og:locale\" content=\"es_ES\" \/>\n<meta property=\"og:type\" content=\"article\" \/>\n<meta property=\"og:title\" content=\"Comercio burs\u00e1til &#8226; Fair Brokers Hub\" \/>\n<meta property=\"og:description\" content=\"El comercio de acciones es como un gran mercado donde todos intercambian piezas de empresas como si fueran cartas coleccionables. Imagina que tienes una tarjeta que dice: \u201cSoy pedacito de compa\u00f1\u00eda Apple\u201d. Si la gente piensa que Apple va a vender m\u00e1s iPhones, querr\u00e1n su tarjeta y pagar\u00e1n m\u00e1s por ella. Si creen que el [&hellip;]\" \/>\n<meta property=\"og:url\" content=\"http:\/\/fairbrokershub.com\/es\/comercio-bursatil\/\" \/>\n<meta property=\"og:site_name\" content=\"Fair Brokers Hub\" \/>\n<meta property=\"article:modified_time\" content=\"2024-05-17T07:20:34+00:00\" \/>\n<meta property=\"og:image\" content=\"http:\/\/fairbrokershub.com\/wp-content\/uploads\/2024\/05\/FAV_HUB-1.png\" \/>\n\t<meta property=\"og:image:width\" content=\"740\" \/>\n\t<meta property=\"og:image:height\" content=\"706\" \/>\n\t<meta property=\"og:image:type\" content=\"image\/png\" \/>\n<meta name=\"twitter:card\" content=\"summary_large_image\" \/>\n<meta name=\"twitter:label1\" content=\"Tiempo de lectura\" \/>\n\t<meta name=\"twitter:data1\" content=\"1 minuto\" \/>\n<script type=\"application\/ld+json\" class=\"yoast-schema-graph\">{\"@context\":\"https:\\\/\\\/schema.org\",\"@graph\":[{\"@type\":\"WebPage\",\"@id\":\"http:\\\/\\\/fairbrokershub.com\\\/es\\\/comercio-bursatil\\\/\",\"url\":\"http:\\\/\\\/fairbrokershub.com\\\/es\\\/comercio-bursatil\\\/\",\"name\":\"Comercio burs\u00e1til &#8226; Fair Brokers Hub\",\"isPartOf\":{\"@id\":\"http:\\\/\\\/fairbrokershub.com\\\/es\\\/#website\"},\"datePublished\":\"2024-04-30T11:56:29+00:00\",\"dateModified\":\"2024-05-17T07:20:34+00:00\",\"breadcrumb\":{\"@id\":\"http:\\\/\\\/fairbrokershub.com\\\/es\\\/comercio-bursatil\\\/#breadcrumb\"},\"inLanguage\":\"es\",\"potentialAction\":[{\"@type\":\"ReadAction\",\"target\":[\"http:\\\/\\\/fairbrokershub.com\\\/es\\\/comercio-bursatil\\\/\"]}]},{\"@type\":\"BreadcrumbList\",\"@id\":\"http:\\\/\\\/fairbrokershub.com\\\/es\\\/comercio-bursatil\\\/#breadcrumb\",\"itemListElement\":[{\"@type\":\"ListItem\",\"position\":1,\"name\":\"Home\",\"item\":\"http:\\\/\\\/fairbrokershub.com\\\/es\\\/\"},{\"@type\":\"ListItem\",\"position\":2,\"name\":\"Comercio burs\u00e1til\"}]},{\"@type\":\"WebSite\",\"@id\":\"http:\\\/\\\/fairbrokershub.com\\\/es\\\/#website\",\"url\":\"http:\\\/\\\/fairbrokershub.com\\\/es\\\/\",\"name\":\"Fair Brokers Hub\",\"description\":\"\",\"publisher\":{\"@id\":\"http:\\\/\\\/fairbrokershub.com\\\/es\\\/#organization\"},\"potentialAction\":[{\"@type\":\"SearchAction\",\"target\":{\"@type\":\"EntryPoint\",\"urlTemplate\":\"http:\\\/\\\/fairbrokershub.com\\\/es\\\/?s={search_term_string}\"},\"query-input\":{\"@type\":\"PropertyValueSpecification\",\"valueRequired\":true,\"valueName\":\"search_term_string\"}}],\"inLanguage\":\"es\"},{\"@type\":\"Organization\",\"@id\":\"http:\\\/\\\/fairbrokershub.com\\\/es\\\/#organization\",\"name\":\"Fair Brokers Hub\",\"url\":\"http:\\\/\\\/fairbrokershub.com\\\/es\\\/\",\"logo\":{\"@type\":\"ImageObject\",\"inLanguage\":\"es\",\"@id\":\"http:\\\/\\\/fairbrokershub.com\\\/es\\\/#\\\/schema\\\/logo\\\/image\\\/\",\"url\":\"https:\\\/\\\/fairbrokershub.com\\\/wp-content\\\/uploads\\\/2024\\\/05\\\/FAV_HUB-1.png\",\"contentUrl\":\"https:\\\/\\\/fairbrokershub.com\\\/wp-content\\\/uploads\\\/2024\\\/05\\\/FAV_HUB-1.png\",\"width\":740,\"height\":706,\"caption\":\"Fair Brokers Hub\"},\"image\":{\"@id\":\"http:\\\/\\\/fairbrokershub.com\\\/es\\\/#\\\/schema\\\/logo\\\/image\\\/\"}}]}<\/script>\n<!-- \/ Yoast SEO plugin. -->","yoast_head_json":{"title":"Comercio burs\u00e1til &#8226; Fair Brokers Hub","robots":{"index":"index","follow":"follow","max-snippet":"max-snippet:-1","max-image-preview":"max-image-preview:large","max-video-preview":"max-video-preview:-1"},"canonical":"http:\/\/fairbrokershub.com\/es\/comercio-bursatil\/","og_locale":"es_ES","og_type":"article","og_title":"Comercio burs\u00e1til &#8226; Fair Brokers Hub","og_description":"El comercio de acciones es como un gran mercado donde todos intercambian piezas de empresas como si fueran cartas coleccionables. Imagina que tienes una tarjeta que dice: \u201cSoy pedacito de compa\u00f1\u00eda Apple\u201d. Si la gente piensa que Apple va a vender m\u00e1s iPhones, querr\u00e1n su tarjeta y pagar\u00e1n m\u00e1s por ella. Si creen que el [&hellip;]","og_url":"http:\/\/fairbrokershub.com\/es\/comercio-bursatil\/","og_site_name":"Fair Brokers Hub","article_modified_time":"2024-05-17T07:20:34+00:00","og_image":[{"width":740,"height":706,"url":"http:\/\/fairbrokershub.com\/wp-content\/uploads\/2024\/05\/FAV_HUB-1.png","type":"image\/png"}],"twitter_card":"summary_large_image","twitter_misc":{"Tiempo de lectura":"1 minuto"},"schema":{"@context":"https:\/\/schema.org","@graph":[{"@type":"WebPage","@id":"http:\/\/fairbrokershub.com\/es\/comercio-bursatil\/","url":"http:\/\/fairbrokershub.com\/es\/comercio-bursatil\/","name":"Comercio burs\u00e1til &#8226; Fair Brokers Hub","isPartOf":{"@id":"http:\/\/fairbrokershub.com\/es\/#website"},"datePublished":"2024-04-30T11:56:29+00:00","dateModified":"2024-05-17T07:20:34+00:00","breadcrumb":{"@id":"http:\/\/fairbrokershub.com\/es\/comercio-bursatil\/#breadcrumb"},"inLanguage":"es","potentialAction":[{"@type":"ReadAction","target":["http:\/\/fairbrokershub.com\/es\/comercio-bursatil\/"]}]},{"@type":"BreadcrumbList","@id":"http:\/\/fairbrokershub.com\/es\/comercio-bursatil\/#breadcrumb","itemListElement":[{"@type":"ListItem","position":1,"name":"Home","item":"http:\/\/fairbrokershub.com\/es\/"},{"@type":"ListItem","position":2,"name":"Comercio burs\u00e1til"}]},{"@type":"WebSite","@id":"http:\/\/fairbrokershub.com\/es\/#website","url":"http:\/\/fairbrokershub.com\/es\/","name":"Fair Brokers Hub","description":"","publisher":{"@id":"http:\/\/fairbrokershub.com\/es\/#organization"},"potentialAction":[{"@type":"SearchAction","target":{"@type":"EntryPoint","urlTemplate":"http:\/\/fairbrokershub.com\/es\/?s={search_term_string}"},"query-input":{"@type":"PropertyValueSpecification","valueRequired":true,"valueName":"search_term_string"}}],"inLanguage":"es"},{"@type":"Organization","@id":"http:\/\/fairbrokershub.com\/es\/#organization","name":"Fair Brokers Hub","url":"http:\/\/fairbrokershub.com\/es\/","logo":{"@type":"ImageObject","inLanguage":"es","@id":"http:\/\/fairbrokershub.com\/es\/#\/schema\/logo\/image\/","url":"https:\/\/fairbrokershub.com\/wp-content\/uploads\/2024\/05\/FAV_HUB-1.png","contentUrl":"https:\/\/fairbrokershub.com\/wp-content\/uploads\/2024\/05\/FAV_HUB-1.png","width":740,"height":706,"caption":"Fair Brokers Hub"},"image":{"@id":"http:\/\/fairbrokershub.com\/es\/#\/schema\/logo\/image\/"}}]}},"_links":{"self":[{"href":"http:\/\/fairbrokershub.com\/es\/wp-json\/wp\/v2\/pages\/300","targetHints":{"allow":["GET"]}}],"collection":[{"href":"http:\/\/fairbrokershub.com\/es\/wp-json\/wp\/v2\/pages"}],"about":[{"href":"http:\/\/fairbrokershub.com\/es\/wp-json\/wp\/v2\/types\/page"}],"author":[{"embeddable":true,"href":"http:\/\/fairbrokershub.com\/es\/wp-json\/wp\/v2\/users\/1"}],"replies":[{"embeddable":true,"href":"http:\/\/fairbrokershub.com\/es\/wp-json\/wp\/v2\/comments?post=300"}],"version-history":[{"count":2,"href":"http:\/\/fairbrokershub.com\/es\/wp-json\/wp\/v2\/pages\/300\/revisions"}],"predecessor-version":[{"id":483,"href":"http:\/\/fairbrokershub.com\/es\/wp-json\/wp\/v2\/pages\/300\/revisions\/483"}],"wp:attachment":[{"href":"http:\/\/fairbrokershub.com\/es\/wp-json\/wp\/v2\/media?parent=300"}],"curies":[{"name":"wp","href":"https:\/\/api.w.org\/{rel}","templated":true}]}}