{"id":294,"date":"2024-04-30T12:16:19","date_gmt":"2024-04-30T12:16:19","guid":{"rendered":"https:\/\/fairbrokershub.com\/?page_id=294"},"modified":"2024-05-20T09:12:53","modified_gmt":"2024-05-20T09:12:53","slug":"lets-connect","status":"publish","type":"page","link":"http:\/\/fairbrokershub.com\/de\/lets-connect\/","title":{"rendered":"Helfen"},"content":{"rendered":"\n<p>Fair Brokers Hub wurde entwickelt, um Ihre Handelsbem\u00fchungen einfach und erfolgreich zu machen und Ihnen dabei zu helfen, eine Bank zu gr\u00fcnden und eine umsetzbare Finanzstrategie zu entwickeln. Jeder Feedback-Artikel, den wir ver\u00f6ffentlichen, dient dazu, Ihnen, unseren Lesern, zu helfen und Betrug und Diebstahl vorzubeugen. Als Teil der Gemeinschaft k\u00f6nnen Sie \u00fcber die Plattformen berichten, unabh\u00e4ngig davon, ob wir sie bereits in unserem Arsenal haben, und das Wissen mit dem Rest der Mitglieder teilen. Werfen Sie also einen Blick auf das Formular und teilen Sie die Daten Ihrer Wahl.<\/p>\n","protected":false},"excerpt":{"rendered":"<p>Fair Brokers Hub wurde entwickelt, um Ihre Handelsbem\u00fchungen einfach und erfolgreich zu machen und Ihnen dabei zu helfen, eine Bank zu gr\u00fcnden und eine umsetzbare Finanzstrategie zu entwickeln. Jeder Feedback-Artikel, den wir ver\u00f6ffentlichen, dient dazu, Ihnen, unseren Lesern, zu helfen und Betrug und Diebstahl vorzubeugen. Als Teil der Gemeinschaft k\u00f6nnen Sie \u00fcber die Plattformen berichten, [&hellip;]<\/p>\n","protected":false},"author":1,"featured_media":0,"parent":0,"menu_order":0,"comment_status":"closed","ping_status":"closed","template":"contact-template.php","meta":{"inline_featured_image":false,"_glsr_average":0,"_glsr_ranking":0,"_glsr_reviews":0,"footnotes":""},"class_list":["post-294","page","type-page","status-publish","hentry"],"yoast_head":"<!-- This site is optimized with the Yoast SEO plugin v27.3 - https:\/\/yoast.com\/product\/yoast-seo-wordpress\/ -->\n<title>Helfen &#8226; Fair Brokers Hub<\/title>\n<meta name=\"robots\" content=\"index, follow, max-snippet:-1, max-image-preview:large, max-video-preview:-1\" \/>\n<link rel=\"canonical\" href=\"http:\/\/fairbrokershub.com\/de\/lets-connect\/\" \/>\n<meta property=\"og:locale\" content=\"de_DE\" \/>\n<meta property=\"og:type\" content=\"article\" \/>\n<meta property=\"og:title\" content=\"Helfen &#8226; Fair Brokers Hub\" \/>\n<meta property=\"og:description\" content=\"Fair Brokers Hub wurde entwickelt, um Ihre Handelsbem\u00fchungen einfach und erfolgreich zu machen und Ihnen dabei zu helfen, eine Bank zu gr\u00fcnden und eine umsetzbare Finanzstrategie zu entwickeln. Jeder Feedback-Artikel, den wir ver\u00f6ffentlichen, dient dazu, Ihnen, unseren Lesern, zu helfen und Betrug und Diebstahl vorzubeugen. Als Teil der Gemeinschaft k\u00f6nnen Sie \u00fcber die Plattformen berichten, [&hellip;]\" \/>\n<meta property=\"og:url\" content=\"http:\/\/fairbrokershub.com\/de\/lets-connect\/\" \/>\n<meta property=\"og:site_name\" content=\"Fair Brokers Hub\" \/>\n<meta property=\"article:modified_time\" content=\"2024-05-20T09:12:53+00:00\" \/>\n<meta property=\"og:image\" content=\"http:\/\/fairbrokershub.com\/wp-content\/uploads\/2024\/05\/FAV_HUB-1.png\" \/>\n\t<meta property=\"og:image:width\" content=\"740\" \/>\n\t<meta property=\"og:image:height\" content=\"706\" \/>\n\t<meta property=\"og:image:type\" content=\"image\/png\" \/>\n<meta name=\"twitter:card\" content=\"summary_large_image\" \/>\n<meta name=\"twitter:label1\" content=\"Gesch\u00e4tzte Lesezeit\" \/>\n\t<meta name=\"twitter:data1\" content=\"1\u00a0Minute\" \/>\n<script type=\"application\/ld+json\" class=\"yoast-schema-graph\">{\"@context\":\"https:\\\/\\\/schema.org\",\"@graph\":[{\"@type\":\"WebPage\",\"@id\":\"http:\\\/\\\/fairbrokershub.com\\\/de\\\/lets-connect\\\/\",\"url\":\"http:\\\/\\\/fairbrokershub.com\\\/de\\\/lets-connect\\\/\",\"name\":\"Helfen &#8226; Fair Brokers Hub\",\"isPartOf\":{\"@id\":\"http:\\\/\\\/fairbrokershub.com\\\/de\\\/#website\"},\"datePublished\":\"2024-04-30T12:16:19+00:00\",\"dateModified\":\"2024-05-20T09:12:53+00:00\",\"breadcrumb\":{\"@id\":\"http:\\\/\\\/fairbrokershub.com\\\/de\\\/lets-connect\\\/#breadcrumb\"},\"inLanguage\":\"de\",\"potentialAction\":[{\"@type\":\"ReadAction\",\"target\":[\"http:\\\/\\\/fairbrokershub.com\\\/de\\\/lets-connect\\\/\"]}]},{\"@type\":\"BreadcrumbList\",\"@id\":\"http:\\\/\\\/fairbrokershub.com\\\/de\\\/lets-connect\\\/#breadcrumb\",\"itemListElement\":[{\"@type\":\"ListItem\",\"position\":1,\"name\":\"Home\",\"item\":\"http:\\\/\\\/fairbrokershub.com\\\/de\\\/\"},{\"@type\":\"ListItem\",\"position\":2,\"name\":\"Helfen\"}]},{\"@type\":\"WebSite\",\"@id\":\"http:\\\/\\\/fairbrokershub.com\\\/de\\\/#website\",\"url\":\"http:\\\/\\\/fairbrokershub.com\\\/de\\\/\",\"name\":\"Fair Brokers Hub\",\"description\":\"\",\"publisher\":{\"@id\":\"http:\\\/\\\/fairbrokershub.com\\\/de\\\/#organization\"},\"potentialAction\":[{\"@type\":\"SearchAction\",\"target\":{\"@type\":\"EntryPoint\",\"urlTemplate\":\"http:\\\/\\\/fairbrokershub.com\\\/de\\\/?s={search_term_string}\"},\"query-input\":{\"@type\":\"PropertyValueSpecification\",\"valueRequired\":true,\"valueName\":\"search_term_string\"}}],\"inLanguage\":\"de\"},{\"@type\":\"Organization\",\"@id\":\"http:\\\/\\\/fairbrokershub.com\\\/de\\\/#organization\",\"name\":\"Fair Brokers Hub\",\"url\":\"http:\\\/\\\/fairbrokershub.com\\\/de\\\/\",\"logo\":{\"@type\":\"ImageObject\",\"inLanguage\":\"de\",\"@id\":\"http:\\\/\\\/fairbrokershub.com\\\/de\\\/#\\\/schema\\\/logo\\\/image\\\/\",\"url\":\"https:\\\/\\\/fairbrokershub.com\\\/wp-content\\\/uploads\\\/2024\\\/05\\\/FAV_HUB-1.png\",\"contentUrl\":\"https:\\\/\\\/fairbrokershub.com\\\/wp-content\\\/uploads\\\/2024\\\/05\\\/FAV_HUB-1.png\",\"width\":740,\"height\":706,\"caption\":\"Fair Brokers Hub\"},\"image\":{\"@id\":\"http:\\\/\\\/fairbrokershub.com\\\/de\\\/#\\\/schema\\\/logo\\\/image\\\/\"}}]}<\/script>\n<!-- \/ Yoast SEO plugin. -->","yoast_head_json":{"title":"Helfen &#8226; Fair Brokers Hub","robots":{"index":"index","follow":"follow","max-snippet":"max-snippet:-1","max-image-preview":"max-image-preview:large","max-video-preview":"max-video-preview:-1"},"canonical":"http:\/\/fairbrokershub.com\/de\/lets-connect\/","og_locale":"de_DE","og_type":"article","og_title":"Helfen &#8226; Fair Brokers Hub","og_description":"Fair Brokers Hub wurde entwickelt, um Ihre Handelsbem\u00fchungen einfach und erfolgreich zu machen und Ihnen dabei zu helfen, eine Bank zu gr\u00fcnden und eine umsetzbare Finanzstrategie zu entwickeln. Jeder Feedback-Artikel, den wir ver\u00f6ffentlichen, dient dazu, Ihnen, unseren Lesern, zu helfen und Betrug und Diebstahl vorzubeugen. Als Teil der Gemeinschaft k\u00f6nnen Sie \u00fcber die Plattformen berichten, [&hellip;]","og_url":"http:\/\/fairbrokershub.com\/de\/lets-connect\/","og_site_name":"Fair Brokers Hub","article_modified_time":"2024-05-20T09:12:53+00:00","og_image":[{"width":740,"height":706,"url":"http:\/\/fairbrokershub.com\/wp-content\/uploads\/2024\/05\/FAV_HUB-1.png","type":"image\/png"}],"twitter_card":"summary_large_image","twitter_misc":{"Gesch\u00e4tzte Lesezeit":"1\u00a0Minute"},"schema":{"@context":"https:\/\/schema.org","@graph":[{"@type":"WebPage","@id":"http:\/\/fairbrokershub.com\/de\/lets-connect\/","url":"http:\/\/fairbrokershub.com\/de\/lets-connect\/","name":"Helfen &#8226; Fair Brokers Hub","isPartOf":{"@id":"http:\/\/fairbrokershub.com\/de\/#website"},"datePublished":"2024-04-30T12:16:19+00:00","dateModified":"2024-05-20T09:12:53+00:00","breadcrumb":{"@id":"http:\/\/fairbrokershub.com\/de\/lets-connect\/#breadcrumb"},"inLanguage":"de","potentialAction":[{"@type":"ReadAction","target":["http:\/\/fairbrokershub.com\/de\/lets-connect\/"]}]},{"@type":"BreadcrumbList","@id":"http:\/\/fairbrokershub.com\/de\/lets-connect\/#breadcrumb","itemListElement":[{"@type":"ListItem","position":1,"name":"Home","item":"http:\/\/fairbrokershub.com\/de\/"},{"@type":"ListItem","position":2,"name":"Helfen"}]},{"@type":"WebSite","@id":"http:\/\/fairbrokershub.com\/de\/#website","url":"http:\/\/fairbrokershub.com\/de\/","name":"Fair Brokers Hub","description":"","publisher":{"@id":"http:\/\/fairbrokershub.com\/de\/#organization"},"potentialAction":[{"@type":"SearchAction","target":{"@type":"EntryPoint","urlTemplate":"http:\/\/fairbrokershub.com\/de\/?s={search_term_string}"},"query-input":{"@type":"PropertyValueSpecification","valueRequired":true,"valueName":"search_term_string"}}],"inLanguage":"de"},{"@type":"Organization","@id":"http:\/\/fairbrokershub.com\/de\/#organization","name":"Fair Brokers Hub","url":"http:\/\/fairbrokershub.com\/de\/","logo":{"@type":"ImageObject","inLanguage":"de","@id":"http:\/\/fairbrokershub.com\/de\/#\/schema\/logo\/image\/","url":"https:\/\/fairbrokershub.com\/wp-content\/uploads\/2024\/05\/FAV_HUB-1.png","contentUrl":"https:\/\/fairbrokershub.com\/wp-content\/uploads\/2024\/05\/FAV_HUB-1.png","width":740,"height":706,"caption":"Fair Brokers Hub"},"image":{"@id":"http:\/\/fairbrokershub.com\/de\/#\/schema\/logo\/image\/"}}]}},"_links":{"self":[{"href":"http:\/\/fairbrokershub.com\/de\/wp-json\/wp\/v2\/pages\/294","targetHints":{"allow":["GET"]}}],"collection":[{"href":"http:\/\/fairbrokershub.com\/de\/wp-json\/wp\/v2\/pages"}],"about":[{"href":"http:\/\/fairbrokershub.com\/de\/wp-json\/wp\/v2\/types\/page"}],"author":[{"embeddable":true,"href":"http:\/\/fairbrokershub.com\/de\/wp-json\/wp\/v2\/users\/1"}],"replies":[{"embeddable":true,"href":"http:\/\/fairbrokershub.com\/de\/wp-json\/wp\/v2\/comments?post=294"}],"version-history":[{"count":4,"href":"http:\/\/fairbrokershub.com\/de\/wp-json\/wp\/v2\/pages\/294\/revisions"}],"predecessor-version":[{"id":609,"href":"http:\/\/fairbrokershub.com\/de\/wp-json\/wp\/v2\/pages\/294\/revisions\/609"}],"wp:attachment":[{"href":"http:\/\/fairbrokershub.com\/de\/wp-json\/wp\/v2\/media?parent=294"}],"curies":[{"name":"wp","href":"https:\/\/api.w.org\/{rel}","templated":true}]}}