{"id":292,"date":"2024-05-06T13:33:55","date_gmt":"2024-05-06T13:33:55","guid":{"rendered":"https:\/\/fairbrokershub.com\/?page_id=292"},"modified":"2024-05-17T07:28:31","modified_gmt":"2024-05-17T07:28:31","slug":"datenschutzrichtlinie","status":"publish","type":"page","link":"http:\/\/fairbrokershub.com\/de\/datenschutzrichtlinie\/","title":{"rendered":"Datenschutzrichtlinie"},"content":{"rendered":"\n<p>In dieser Datenschutzerkl\u00e4rung wird dargelegt, wie wir Ihre pers\u00f6nlichen Daten erfassen, verwenden, weitergeben und sch\u00fctzen, wenn Sie unsere Website besuchen, Kommentare hinterlassen und unsere Dienste nutzen. Wir verpflichten uns, Ihre Privatsph\u00e4re zu sch\u00fctzen, indem wir Ihre Daten behandeln. Durch den Zugriff auf unsere Website erkl\u00e4ren Sie sich mit den Bedingungen dieser Datenschutzrichtlinie einverstanden.<\/p>\n\n\n\n<h2 class=\"wp-block-heading\"><strong>Inhalt und Umfang der Website<\/strong><\/h2>\n\n\n\n<p>Fair Brokers Hub bietet informative Bewertungen und Analysen verschiedener Makler und zugeh\u00f6riger Dienstleistungen, um den Nutzern zu helfen, fundierte Entscheidungen zu treffen. Unser Inhalt umfasst unvoreingenommene Bewertungen, Vergleiche und Empfehlungen, die auf gr\u00fcndlichen Recherchen und Analysen sowie auf unserer langj\u00e4hrigen Erfahrung beruhen.<\/p>\n\n\n\n<p>Au\u00dferdem finden Sie auf unserer Website die Meinungen und Kommentare unserer Leser. Bitte beachten Sie, dass die Kommentare unserer Leser in keiner Weise mit unserer pers\u00f6nlichen Meinung \u00fcbereinstimmen. Auch wenn wir bestrebt sind, eine umfassende Berichterstattung zu bieten, k\u00f6nnen unsere Bewertungen und Empfehlungen nicht alle verf\u00fcgbaren Optionen auf dem Markt umfassen. Wir empfehlen unseren Lesern, eigene Nachforschungen anzustellen und professionellen Rat einzuholen, bevor sie finanzielle Entscheidungen treffen.<strong> <\/strong>decisions.<\/p>\n\n\n\n<h2 class=\"wp-block-heading\"><strong>Gesammelte Informationen und Methoden ihrer Erfassung<\/strong><\/h2>\n\n\n\n<p>Bei Fair Brokers Hub erheben wir bestimmte Daten, um Ihr Surferlebnis zu verbessern, unsere Dienste zu optimieren und personalisierte Inhalte bereitzustellen. Diese Daten umfassen:<\/p>\n\n\n\n<ol class=\"wp-block-list\">\n<li>Cookies. Wir verwenden Cookies und \u00e4hnliche Technologien, um Informationen \u00fcber Ihre Browsing-Aktivit\u00e4ten zu sammeln. Diese Technologien erm\u00f6glichen es uns, Ihre Erfahrung zu personalisieren, Ihre Pr\u00e4ferenzen zu speichern und das Nutzungsverhalten der Website zu verfolgen. Sie k\u00f6nnen Ihre Cookie-Pr\u00e4ferenzen \u00fcber Ihre Browser-Einstellungen verwalten.<\/li>\n\n\n\n<li>Pers\u00f6nliche Informationen. Dazu geh\u00f6ren Ihr Name, Ihre E-Mail-Adresse, Kontaktinformationen und andere Angaben, die Sie freiwillig machen, wenn Sie mit unserer Website interagieren, z. B. wenn Sie einen Kommentar hinterlassen. Wir geben Ihre pers\u00f6nlichen Daten nicht auf der Website weiter, sondern nur den von Ihnen gew\u00e4hlten Spitznamen und Ihren Kommentar.<\/li>\n\n\n\n<li>Benutzergenerierte Inhalte. Wenn Sie sich entscheiden, eine Maklerbewertung zu senden, k\u00f6nnen wir diese Informationen sammeln und speichern, um sie auf der Website anzuzeigen und mit anderen Nutzern in Kontakt zu treten.<\/li>\n<\/ol>\n\n\n\n<h2 class=\"wp-block-heading\"><strong>Rechte der Nutzer<\/strong><\/h2>\n\n\n\n<p>Sie haben bestimmte Rechte, wenn es um Ihre pers\u00f6nlichen Daten geht. Dazu geh\u00f6rt das Recht, die von uns \u00fcber Sie gespeicherten Daten zu \u00fcberpr\u00fcfen, zu berichtigen, zu l\u00f6schen, den Zugriff Dritter unter bestimmten Umst\u00e4nden einzuschr\u00e4nken und eine Kopie der Daten in einem lesbaren, allgemein gebr\u00e4uchlichen Format zu erhalten.<\/p>\n\n\n\n<h2 class=\"wp-block-heading\"><strong>Sicherheit und Aufbewahrung<\/strong><\/h2>\n\n\n\n<p>Wir nehmen die Sicherheit Ihrer pers\u00f6nlichen Daten ernst und ergreifen angemessene Ma\u00dfnahmen, um sie vor Offenlegung, Ver\u00e4nderung oder Zerst\u00f6rung zu sch\u00fctzen. Zu diesen Ma\u00dfnahmen geh\u00f6ren Verschl\u00fcsselung, Firewalls, SSL-Technologie (Secure Socket Layer) und regelm\u00e4\u00dfige Sicherheitspr\u00fcfungen.<\/p>\n\n\n\n<p>Wir bewahren Ihre personenbezogenen Daten nur so lange auf, wie es f\u00fcr die Erf\u00fcllung der in dieser Datenschutzrichtlinie genannten Zwecke erforderlich ist, es sei denn, eine l\u00e4ngere Aufbewahrungsfrist ist gesetzlich vorgeschrieben oder zul\u00e4ssig. Sobald Ihre Daten nicht mehr ben\u00f6tigt werden, werden sie von uns sicher gel\u00f6scht oder anonymisiert.<\/p>\n\n\n\n<h2 class=\"wp-block-heading\"><strong>\u00c4nderungen an der Datenschutzrichtlinie<\/strong><\/h2>\n\n\n\n<p>Wir behalten uns vor, diese Datenschutzrichtlinie zu aktualisieren, um \u00c4nderungen unserer Praktiken, gesetzlichen Anforderungen oder Branchenstandards Rechnung zu tragen und die Website zu verbessern. Wir sind nicht daf\u00fcr verantwortlich, unsere Kunden \u00fcber \u00c4nderungen an dieser Richtlinie zu informieren. Ihre fortgesetzte Nutzung von Fair Brokers Hub nach der Ver\u00f6ffentlichung von \u00c4nderungen beweist automatisch, dass Sie sich an die neue Richtlinie halten.<\/p>\n","protected":false},"excerpt":{"rendered":"<p>In dieser Datenschutzerkl\u00e4rung wird dargelegt, wie wir Ihre pers\u00f6nlichen Daten erfassen, verwenden, weitergeben und sch\u00fctzen, wenn Sie unsere Website besuchen, Kommentare hinterlassen und unsere Dienste nutzen. Wir verpflichten uns, Ihre Privatsph\u00e4re zu sch\u00fctzen, indem wir Ihre Daten behandeln. Durch den Zugriff auf unsere Website erkl\u00e4ren Sie sich mit den Bedingungen dieser Datenschutzrichtlinie einverstanden. Inhalt und [&hellip;]<\/p>\n","protected":false},"author":1,"featured_media":0,"parent":0,"menu_order":0,"comment_status":"closed","ping_status":"closed","template":"","meta":{"inline_featured_image":false,"_glsr_average":0,"_glsr_ranking":0,"_glsr_reviews":0,"footnotes":""},"class_list":["post-292","page","type-page","status-publish","hentry"],"yoast_head":"<!-- This site is optimized with the Yoast SEO plugin v27.3 - https:\/\/yoast.com\/product\/yoast-seo-wordpress\/ -->\n<title>Datenschutzrichtlinie &#8226; Fair Brokers Hub<\/title>\n<meta name=\"robots\" content=\"index, follow, max-snippet:-1, max-image-preview:large, max-video-preview:-1\" \/>\n<link rel=\"canonical\" href=\"http:\/\/fairbrokershub.com\/de\/datenschutzrichtlinie\/\" \/>\n<meta property=\"og:locale\" content=\"de_DE\" \/>\n<meta property=\"og:type\" content=\"article\" \/>\n<meta property=\"og:title\" content=\"Datenschutzrichtlinie &#8226; Fair Brokers Hub\" \/>\n<meta property=\"og:description\" content=\"In dieser Datenschutzerkl\u00e4rung wird dargelegt, wie wir Ihre pers\u00f6nlichen Daten erfassen, verwenden, weitergeben und sch\u00fctzen, wenn Sie unsere Website besuchen, Kommentare hinterlassen und unsere Dienste nutzen. Wir verpflichten uns, Ihre Privatsph\u00e4re zu sch\u00fctzen, indem wir Ihre Daten behandeln. Durch den Zugriff auf unsere Website erkl\u00e4ren Sie sich mit den Bedingungen dieser Datenschutzrichtlinie einverstanden. Inhalt und [&hellip;]\" \/>\n<meta property=\"og:url\" content=\"http:\/\/fairbrokershub.com\/de\/datenschutzrichtlinie\/\" \/>\n<meta property=\"og:site_name\" content=\"Fair Brokers Hub\" \/>\n<meta property=\"article:modified_time\" content=\"2024-05-17T07:28:31+00:00\" \/>\n<meta property=\"og:image\" content=\"http:\/\/fairbrokershub.com\/wp-content\/uploads\/2024\/05\/FAV_HUB-1.png\" \/>\n\t<meta property=\"og:image:width\" content=\"740\" \/>\n\t<meta property=\"og:image:height\" content=\"706\" \/>\n\t<meta property=\"og:image:type\" content=\"image\/png\" \/>\n<meta name=\"twitter:card\" content=\"summary_large_image\" \/>\n<meta name=\"twitter:label1\" content=\"Gesch\u00e4tzte Lesezeit\" \/>\n\t<meta name=\"twitter:data1\" content=\"3\u00a0Minuten\" \/>\n<script type=\"application\/ld+json\" class=\"yoast-schema-graph\">{\"@context\":\"https:\\\/\\\/schema.org\",\"@graph\":[{\"@type\":\"WebPage\",\"@id\":\"http:\\\/\\\/fairbrokershub.com\\\/de\\\/datenschutzrichtlinie\\\/\",\"url\":\"http:\\\/\\\/fairbrokershub.com\\\/de\\\/datenschutzrichtlinie\\\/\",\"name\":\"Datenschutzrichtlinie &#8226; Fair Brokers Hub\",\"isPartOf\":{\"@id\":\"https:\\\/\\\/fairbrokershub.com\\\/de\\\/#website\"},\"datePublished\":\"2024-05-06T13:33:55+00:00\",\"dateModified\":\"2024-05-17T07:28:31+00:00\",\"breadcrumb\":{\"@id\":\"http:\\\/\\\/fairbrokershub.com\\\/de\\\/datenschutzrichtlinie\\\/#breadcrumb\"},\"inLanguage\":\"de\",\"potentialAction\":[{\"@type\":\"ReadAction\",\"target\":[\"http:\\\/\\\/fairbrokershub.com\\\/de\\\/datenschutzrichtlinie\\\/\"]}]},{\"@type\":\"BreadcrumbList\",\"@id\":\"http:\\\/\\\/fairbrokershub.com\\\/de\\\/datenschutzrichtlinie\\\/#breadcrumb\",\"itemListElement\":[{\"@type\":\"ListItem\",\"position\":1,\"name\":\"Home\",\"item\":\"http:\\\/\\\/fairbrokershub.com\\\/de\\\/\"},{\"@type\":\"ListItem\",\"position\":2,\"name\":\"Datenschutzrichtlinie\"}]},{\"@type\":\"WebSite\",\"@id\":\"https:\\\/\\\/fairbrokershub.com\\\/de\\\/#website\",\"url\":\"https:\\\/\\\/fairbrokershub.com\\\/de\\\/\",\"name\":\"Fair Brokers Hub\",\"description\":\"\",\"publisher\":{\"@id\":\"https:\\\/\\\/fairbrokershub.com\\\/de\\\/#organization\"},\"potentialAction\":[{\"@type\":\"SearchAction\",\"target\":{\"@type\":\"EntryPoint\",\"urlTemplate\":\"https:\\\/\\\/fairbrokershub.com\\\/de\\\/?s={search_term_string}\"},\"query-input\":{\"@type\":\"PropertyValueSpecification\",\"valueRequired\":true,\"valueName\":\"search_term_string\"}}],\"inLanguage\":\"de\"},{\"@type\":\"Organization\",\"@id\":\"https:\\\/\\\/fairbrokershub.com\\\/de\\\/#organization\",\"name\":\"Fair Brokers Hub\",\"url\":\"https:\\\/\\\/fairbrokershub.com\\\/de\\\/\",\"logo\":{\"@type\":\"ImageObject\",\"inLanguage\":\"de\",\"@id\":\"https:\\\/\\\/fairbrokershub.com\\\/de\\\/#\\\/schema\\\/logo\\\/image\\\/\",\"url\":\"https:\\\/\\\/fairbrokershub.com\\\/wp-content\\\/uploads\\\/2024\\\/05\\\/FAV_HUB-1.png\",\"contentUrl\":\"https:\\\/\\\/fairbrokershub.com\\\/wp-content\\\/uploads\\\/2024\\\/05\\\/FAV_HUB-1.png\",\"width\":740,\"height\":706,\"caption\":\"Fair Brokers Hub\"},\"image\":{\"@id\":\"https:\\\/\\\/fairbrokershub.com\\\/de\\\/#\\\/schema\\\/logo\\\/image\\\/\"}}]}<\/script>\n<!-- \/ Yoast SEO plugin. -->","yoast_head_json":{"title":"Datenschutzrichtlinie &#8226; Fair Brokers Hub","robots":{"index":"index","follow":"follow","max-snippet":"max-snippet:-1","max-image-preview":"max-image-preview:large","max-video-preview":"max-video-preview:-1"},"canonical":"http:\/\/fairbrokershub.com\/de\/datenschutzrichtlinie\/","og_locale":"de_DE","og_type":"article","og_title":"Datenschutzrichtlinie &#8226; Fair Brokers Hub","og_description":"In dieser Datenschutzerkl\u00e4rung wird dargelegt, wie wir Ihre pers\u00f6nlichen Daten erfassen, verwenden, weitergeben und sch\u00fctzen, wenn Sie unsere Website besuchen, Kommentare hinterlassen und unsere Dienste nutzen. Wir verpflichten uns, Ihre Privatsph\u00e4re zu sch\u00fctzen, indem wir Ihre Daten behandeln. Durch den Zugriff auf unsere Website erkl\u00e4ren Sie sich mit den Bedingungen dieser Datenschutzrichtlinie einverstanden. Inhalt und [&hellip;]","og_url":"http:\/\/fairbrokershub.com\/de\/datenschutzrichtlinie\/","og_site_name":"Fair Brokers Hub","article_modified_time":"2024-05-17T07:28:31+00:00","og_image":[{"width":740,"height":706,"url":"http:\/\/fairbrokershub.com\/wp-content\/uploads\/2024\/05\/FAV_HUB-1.png","type":"image\/png"}],"twitter_card":"summary_large_image","twitter_misc":{"Gesch\u00e4tzte Lesezeit":"3\u00a0Minuten"},"schema":{"@context":"https:\/\/schema.org","@graph":[{"@type":"WebPage","@id":"http:\/\/fairbrokershub.com\/de\/datenschutzrichtlinie\/","url":"http:\/\/fairbrokershub.com\/de\/datenschutzrichtlinie\/","name":"Datenschutzrichtlinie &#8226; Fair Brokers Hub","isPartOf":{"@id":"https:\/\/fairbrokershub.com\/de\/#website"},"datePublished":"2024-05-06T13:33:55+00:00","dateModified":"2024-05-17T07:28:31+00:00","breadcrumb":{"@id":"http:\/\/fairbrokershub.com\/de\/datenschutzrichtlinie\/#breadcrumb"},"inLanguage":"de","potentialAction":[{"@type":"ReadAction","target":["http:\/\/fairbrokershub.com\/de\/datenschutzrichtlinie\/"]}]},{"@type":"BreadcrumbList","@id":"http:\/\/fairbrokershub.com\/de\/datenschutzrichtlinie\/#breadcrumb","itemListElement":[{"@type":"ListItem","position":1,"name":"Home","item":"http:\/\/fairbrokershub.com\/de\/"},{"@type":"ListItem","position":2,"name":"Datenschutzrichtlinie"}]},{"@type":"WebSite","@id":"https:\/\/fairbrokershub.com\/de\/#website","url":"https:\/\/fairbrokershub.com\/de\/","name":"Fair Brokers Hub","description":"","publisher":{"@id":"https:\/\/fairbrokershub.com\/de\/#organization"},"potentialAction":[{"@type":"SearchAction","target":{"@type":"EntryPoint","urlTemplate":"https:\/\/fairbrokershub.com\/de\/?s={search_term_string}"},"query-input":{"@type":"PropertyValueSpecification","valueRequired":true,"valueName":"search_term_string"}}],"inLanguage":"de"},{"@type":"Organization","@id":"https:\/\/fairbrokershub.com\/de\/#organization","name":"Fair Brokers Hub","url":"https:\/\/fairbrokershub.com\/de\/","logo":{"@type":"ImageObject","inLanguage":"de","@id":"https:\/\/fairbrokershub.com\/de\/#\/schema\/logo\/image\/","url":"https:\/\/fairbrokershub.com\/wp-content\/uploads\/2024\/05\/FAV_HUB-1.png","contentUrl":"https:\/\/fairbrokershub.com\/wp-content\/uploads\/2024\/05\/FAV_HUB-1.png","width":740,"height":706,"caption":"Fair Brokers Hub"},"image":{"@id":"https:\/\/fairbrokershub.com\/de\/#\/schema\/logo\/image\/"}}]}},"_links":{"self":[{"href":"http:\/\/fairbrokershub.com\/de\/wp-json\/wp\/v2\/pages\/292","targetHints":{"allow":["GET"]}}],"collection":[{"href":"http:\/\/fairbrokershub.com\/de\/wp-json\/wp\/v2\/pages"}],"about":[{"href":"http:\/\/fairbrokershub.com\/de\/wp-json\/wp\/v2\/types\/page"}],"author":[{"embeddable":true,"href":"http:\/\/fairbrokershub.com\/de\/wp-json\/wp\/v2\/users\/1"}],"replies":[{"embeddable":true,"href":"http:\/\/fairbrokershub.com\/de\/wp-json\/wp\/v2\/comments?post=292"}],"version-history":[{"count":2,"href":"http:\/\/fairbrokershub.com\/de\/wp-json\/wp\/v2\/pages\/292\/revisions"}],"predecessor-version":[{"id":492,"href":"http:\/\/fairbrokershub.com\/de\/wp-json\/wp\/v2\/pages\/292\/revisions\/492"}],"wp:attachment":[{"href":"http:\/\/fairbrokershub.com\/de\/wp-json\/wp\/v2\/media?parent=292"}],"curies":[{"name":"wp","href":"https:\/\/api.w.org\/{rel}","templated":true}]}}