{"id":290,"date":"2024-04-30T11:59:05","date_gmt":"2024-04-30T11:59:05","guid":{"rendered":"https:\/\/fairbrokershub.com\/?page_id=290"},"modified":"2024-05-17T07:25:17","modified_gmt":"2024-05-17T07:25:17","slug":"waehrungshandel","status":"publish","type":"page","link":"http:\/\/fairbrokershub.com\/de\/waehrungshandel\/","title":{"rendered":"W\u00e4hrungshandel"},"content":{"rendered":"\n<p>Beim Devisenhandel geht es darum, den gr\u00f6\u00dften Gewinn aus den Unterschieden zwischen zwei Originalpreisen von W\u00e4hrungen zu erzielen. Stellen Sie sich vor, Sie sind auf einem internationalen Superheldenkongress und tauschen Ihre amerikanischen Superheldenfiguren gegen britische ein. Wenn heute ein amerikanischer Superheld einem britischen Superhelden entspricht, brauchen Sie morgen vielleicht zwei f\u00fcr einen. Das ist W\u00e4hrungshandel, aber mit Geld.<\/p>\n\n\n\n<p>Man tauscht zum Beispiel Dollar gegen Pfund und hofft, dass sich der Wert \u00e4ndert, damit man zur\u00fccktauschen und einen Gewinn erzielen kann. Es ist wie ein Kartenhandel mit W\u00e4hrungen!<\/p>\n\n\n\n<!-- TradingView Widget BEGIN -->\n<div class=\"tradingview-widget-container\">\n  <div class=\"tradingview-widget-container__widget\"><\/div>\n  <script type=\"text\/javascript\" src=\"https:\/\/s3.tradingview.com\/external-embedding\/embed-widget-forex-cross-rates.js\" async>\n  {\n  \"width\": \"100%\",\n  \"height\": 735,\n  \"currencies\": [\n    \"EUR\",\n    \"USD\",\n    \"JPY\",\n    \"GBP\",\n    \"CHF\",\n    \"AUD\",\n    \"CAD\",\n    \"NZD\"\n  ],\n  \"isTransparent\": false,\n  \"colorTheme\": \"light\",\n  \"locale\": \"de_DE\",\n  \"backgroundColor\": \"#ffffff\"\n}\n  <\/script>\n<\/div>\n<!-- TradingView Widget END -->\n\n\n\n<p>Der Aufbau einer erfolgreichen Strategie mit W\u00e4hrungen ist wie die Planung eines unbegrenzten Superhelden-Teams. Zun\u00e4chst brauchen Sie eine Basis (Wissen \u00fcber Markttrends), so wie Batman seine Gadgets braucht. Als N\u00e4chstes m\u00fcssen Sie diversifizieren &#8211; verlassen Sie sich nicht nur auf Superman; vielleicht k\u00f6nnen Flash und Aqua man Sie \u00fcberraschen (verschiedene W\u00e4hrungen). Eine gut durchdachte Strategie nutzt Wissen, Diversifizierung, Timing und Selbstbeherrschung und f\u00fchrt Sie zum Sieg.<\/p>\n","protected":false},"excerpt":{"rendered":"<p>Beim Devisenhandel geht es darum, den gr\u00f6\u00dften Gewinn aus den Unterschieden zwischen zwei Originalpreisen von W\u00e4hrungen zu erzielen. Stellen Sie sich vor, Sie sind auf einem internationalen Superheldenkongress und tauschen Ihre amerikanischen Superheldenfiguren gegen britische ein. Wenn heute ein amerikanischer Superheld einem britischen Superhelden entspricht, brauchen Sie morgen vielleicht zwei f\u00fcr einen. Das ist W\u00e4hrungshandel, [&hellip;]<\/p>\n","protected":false},"author":1,"featured_media":0,"parent":0,"menu_order":0,"comment_status":"closed","ping_status":"closed","template":"","meta":{"inline_featured_image":false,"_glsr_average":0,"_glsr_ranking":0,"_glsr_reviews":0,"footnotes":""},"class_list":["post-290","page","type-page","status-publish","hentry"],"yoast_head":"<!-- This site is optimized with the Yoast SEO plugin v27.4 - https:\/\/yoast.com\/product\/yoast-seo-wordpress\/ -->\n<title>W\u00e4hrungshandel &#8226; Fair Brokers Hub<\/title>\n<meta name=\"robots\" content=\"index, follow, max-snippet:-1, max-image-preview:large, max-video-preview:-1\" \/>\n<link rel=\"canonical\" href=\"http:\/\/fairbrokershub.com\/de\/waehrungshandel\/\" \/>\n<meta property=\"og:locale\" content=\"de_DE\" \/>\n<meta property=\"og:type\" content=\"article\" \/>\n<meta property=\"og:title\" content=\"W\u00e4hrungshandel &#8226; Fair Brokers Hub\" \/>\n<meta property=\"og:description\" content=\"Beim Devisenhandel geht es darum, den gr\u00f6\u00dften Gewinn aus den Unterschieden zwischen zwei Originalpreisen von W\u00e4hrungen zu erzielen. Stellen Sie sich vor, Sie sind auf einem internationalen Superheldenkongress und tauschen Ihre amerikanischen Superheldenfiguren gegen britische ein. Wenn heute ein amerikanischer Superheld einem britischen Superhelden entspricht, brauchen Sie morgen vielleicht zwei f\u00fcr einen. Das ist W\u00e4hrungshandel, [&hellip;]\" \/>\n<meta property=\"og:url\" content=\"http:\/\/fairbrokershub.com\/de\/waehrungshandel\/\" \/>\n<meta property=\"og:site_name\" content=\"Fair Brokers Hub\" \/>\n<meta property=\"article:modified_time\" content=\"2024-05-17T07:25:17+00:00\" \/>\n<meta property=\"og:image\" content=\"http:\/\/fairbrokershub.com\/wp-content\/uploads\/2024\/05\/FAV_HUB-1.png\" \/>\n\t<meta property=\"og:image:width\" content=\"740\" \/>\n\t<meta property=\"og:image:height\" content=\"706\" \/>\n\t<meta property=\"og:image:type\" content=\"image\/png\" \/>\n<meta name=\"twitter:card\" content=\"summary_large_image\" \/>\n<meta name=\"twitter:label1\" content=\"Gesch\u00e4tzte Lesezeit\" \/>\n\t<meta name=\"twitter:data1\" content=\"1\u00a0Minute\" \/>\n<script type=\"application\/ld+json\" class=\"yoast-schema-graph\">{\"@context\":\"https:\\\/\\\/schema.org\",\"@graph\":[{\"@type\":\"WebPage\",\"@id\":\"http:\\\/\\\/fairbrokershub.com\\\/de\\\/waehrungshandel\\\/\",\"url\":\"http:\\\/\\\/fairbrokershub.com\\\/de\\\/waehrungshandel\\\/\",\"name\":\"W\u00e4hrungshandel &#8226; Fair Brokers Hub\",\"isPartOf\":{\"@id\":\"https:\\\/\\\/fairbrokershub.com\\\/de\\\/#website\"},\"datePublished\":\"2024-04-30T11:59:05+00:00\",\"dateModified\":\"2024-05-17T07:25:17+00:00\",\"breadcrumb\":{\"@id\":\"http:\\\/\\\/fairbrokershub.com\\\/de\\\/waehrungshandel\\\/#breadcrumb\"},\"inLanguage\":\"de\",\"potentialAction\":[{\"@type\":\"ReadAction\",\"target\":[\"http:\\\/\\\/fairbrokershub.com\\\/de\\\/waehrungshandel\\\/\"]}]},{\"@type\":\"BreadcrumbList\",\"@id\":\"http:\\\/\\\/fairbrokershub.com\\\/de\\\/waehrungshandel\\\/#breadcrumb\",\"itemListElement\":[{\"@type\":\"ListItem\",\"position\":1,\"name\":\"Home\",\"item\":\"http:\\\/\\\/fairbrokershub.com\\\/de\\\/\"},{\"@type\":\"ListItem\",\"position\":2,\"name\":\"W\u00e4hrungshandel\"}]},{\"@type\":\"WebSite\",\"@id\":\"https:\\\/\\\/fairbrokershub.com\\\/de\\\/#website\",\"url\":\"https:\\\/\\\/fairbrokershub.com\\\/de\\\/\",\"name\":\"Fair Brokers Hub\",\"description\":\"\",\"publisher\":{\"@id\":\"https:\\\/\\\/fairbrokershub.com\\\/de\\\/#organization\"},\"potentialAction\":[{\"@type\":\"SearchAction\",\"target\":{\"@type\":\"EntryPoint\",\"urlTemplate\":\"https:\\\/\\\/fairbrokershub.com\\\/de\\\/?s={search_term_string}\"},\"query-input\":{\"@type\":\"PropertyValueSpecification\",\"valueRequired\":true,\"valueName\":\"search_term_string\"}}],\"inLanguage\":\"de\"},{\"@type\":\"Organization\",\"@id\":\"https:\\\/\\\/fairbrokershub.com\\\/de\\\/#organization\",\"name\":\"Fair Brokers Hub\",\"url\":\"https:\\\/\\\/fairbrokershub.com\\\/de\\\/\",\"logo\":{\"@type\":\"ImageObject\",\"inLanguage\":\"de\",\"@id\":\"https:\\\/\\\/fairbrokershub.com\\\/de\\\/#\\\/schema\\\/logo\\\/image\\\/\",\"url\":\"https:\\\/\\\/fairbrokershub.com\\\/wp-content\\\/uploads\\\/2024\\\/05\\\/FAV_HUB-1.png\",\"contentUrl\":\"https:\\\/\\\/fairbrokershub.com\\\/wp-content\\\/uploads\\\/2024\\\/05\\\/FAV_HUB-1.png\",\"width\":740,\"height\":706,\"caption\":\"Fair Brokers Hub\"},\"image\":{\"@id\":\"https:\\\/\\\/fairbrokershub.com\\\/de\\\/#\\\/schema\\\/logo\\\/image\\\/\"}}]}<\/script>\n<!-- \/ Yoast SEO plugin. -->","yoast_head_json":{"title":"W\u00e4hrungshandel &#8226; Fair Brokers Hub","robots":{"index":"index","follow":"follow","max-snippet":"max-snippet:-1","max-image-preview":"max-image-preview:large","max-video-preview":"max-video-preview:-1"},"canonical":"http:\/\/fairbrokershub.com\/de\/waehrungshandel\/","og_locale":"de_DE","og_type":"article","og_title":"W\u00e4hrungshandel &#8226; Fair Brokers Hub","og_description":"Beim Devisenhandel geht es darum, den gr\u00f6\u00dften Gewinn aus den Unterschieden zwischen zwei Originalpreisen von W\u00e4hrungen zu erzielen. Stellen Sie sich vor, Sie sind auf einem internationalen Superheldenkongress und tauschen Ihre amerikanischen Superheldenfiguren gegen britische ein. Wenn heute ein amerikanischer Superheld einem britischen Superhelden entspricht, brauchen Sie morgen vielleicht zwei f\u00fcr einen. Das ist W\u00e4hrungshandel, [&hellip;]","og_url":"http:\/\/fairbrokershub.com\/de\/waehrungshandel\/","og_site_name":"Fair Brokers Hub","article_modified_time":"2024-05-17T07:25:17+00:00","og_image":[{"width":740,"height":706,"url":"http:\/\/fairbrokershub.com\/wp-content\/uploads\/2024\/05\/FAV_HUB-1.png","type":"image\/png"}],"twitter_card":"summary_large_image","twitter_misc":{"Gesch\u00e4tzte Lesezeit":"1\u00a0Minute"},"schema":{"@context":"https:\/\/schema.org","@graph":[{"@type":"WebPage","@id":"http:\/\/fairbrokershub.com\/de\/waehrungshandel\/","url":"http:\/\/fairbrokershub.com\/de\/waehrungshandel\/","name":"W\u00e4hrungshandel &#8226; Fair Brokers Hub","isPartOf":{"@id":"https:\/\/fairbrokershub.com\/de\/#website"},"datePublished":"2024-04-30T11:59:05+00:00","dateModified":"2024-05-17T07:25:17+00:00","breadcrumb":{"@id":"http:\/\/fairbrokershub.com\/de\/waehrungshandel\/#breadcrumb"},"inLanguage":"de","potentialAction":[{"@type":"ReadAction","target":["http:\/\/fairbrokershub.com\/de\/waehrungshandel\/"]}]},{"@type":"BreadcrumbList","@id":"http:\/\/fairbrokershub.com\/de\/waehrungshandel\/#breadcrumb","itemListElement":[{"@type":"ListItem","position":1,"name":"Home","item":"http:\/\/fairbrokershub.com\/de\/"},{"@type":"ListItem","position":2,"name":"W\u00e4hrungshandel"}]},{"@type":"WebSite","@id":"https:\/\/fairbrokershub.com\/de\/#website","url":"https:\/\/fairbrokershub.com\/de\/","name":"Fair Brokers Hub","description":"","publisher":{"@id":"https:\/\/fairbrokershub.com\/de\/#organization"},"potentialAction":[{"@type":"SearchAction","target":{"@type":"EntryPoint","urlTemplate":"https:\/\/fairbrokershub.com\/de\/?s={search_term_string}"},"query-input":{"@type":"PropertyValueSpecification","valueRequired":true,"valueName":"search_term_string"}}],"inLanguage":"de"},{"@type":"Organization","@id":"https:\/\/fairbrokershub.com\/de\/#organization","name":"Fair Brokers Hub","url":"https:\/\/fairbrokershub.com\/de\/","logo":{"@type":"ImageObject","inLanguage":"de","@id":"https:\/\/fairbrokershub.com\/de\/#\/schema\/logo\/image\/","url":"https:\/\/fairbrokershub.com\/wp-content\/uploads\/2024\/05\/FAV_HUB-1.png","contentUrl":"https:\/\/fairbrokershub.com\/wp-content\/uploads\/2024\/05\/FAV_HUB-1.png","width":740,"height":706,"caption":"Fair Brokers Hub"},"image":{"@id":"https:\/\/fairbrokershub.com\/de\/#\/schema\/logo\/image\/"}}]}},"_links":{"self":[{"href":"http:\/\/fairbrokershub.com\/de\/wp-json\/wp\/v2\/pages\/290","targetHints":{"allow":["GET"]}}],"collection":[{"href":"http:\/\/fairbrokershub.com\/de\/wp-json\/wp\/v2\/pages"}],"about":[{"href":"http:\/\/fairbrokershub.com\/de\/wp-json\/wp\/v2\/types\/page"}],"author":[{"embeddable":true,"href":"http:\/\/fairbrokershub.com\/de\/wp-json\/wp\/v2\/users\/1"}],"replies":[{"embeddable":true,"href":"http:\/\/fairbrokershub.com\/de\/wp-json\/wp\/v2\/comments?post=290"}],"version-history":[{"count":3,"href":"http:\/\/fairbrokershub.com\/de\/wp-json\/wp\/v2\/pages\/290\/revisions"}],"predecessor-version":[{"id":488,"href":"http:\/\/fairbrokershub.com\/de\/wp-json\/wp\/v2\/pages\/290\/revisions\/488"}],"wp:attachment":[{"href":"http:\/\/fairbrokershub.com\/de\/wp-json\/wp\/v2\/media?parent=290"}],"curies":[{"name":"wp","href":"https:\/\/api.w.org\/{rel}","templated":true}]}}