{"id":957,"date":"2024-04-30T12:16:19","date_gmt":"2024-04-30T12:16:19","guid":{"rendered":"https:\/\/fairbrokershub.com\/?page_id=957"},"modified":"2024-06-07T13:59:15","modified_gmt":"2024-06-07T13:59:15","slug":"asistujte","status":"publish","type":"page","link":"http:\/\/fairbrokershub.com\/cs\/asistujte\/","title":{"rendered":"Asistujte"},"content":{"rendered":"\n<p>Fair Brokers Hub je vytvo\u0159en tak, aby usnadnil a usnadnil va\u0161e obchodn\u00ed \u00fasil\u00ed, pomohl v\u00e1m vytvo\u0159it banku a vybudovat pou\u017eitelnou finan\u010dn\u00ed strategii. Ka\u017ed\u00fd \u010dl\u00e1nek se zp\u011btnou vazbou, kter\u00fd zve\u0159ejn\u00edme, je vytvo\u0159en, abychom v\u00e1m, na\u0161emu \u010dten\u00e1\u0159i, pomohli a zabr\u00e1nili probl\u00e9m\u016fm s podvody a kr\u00e1de\u017eemi. Jako sou\u010d\u00e1st komunity m\u016f\u017eete pod\u00e1vat zpr\u00e1vy na platform\u00e1ch, bez ohledu na to, zda to ji\u017e m\u00e1me v na\u0161em arzen\u00e1lu, a sd\u00edlet znalosti se zbytkem \u010dlen\u016f. Pod\u00edvejte se tedy na formul\u00e1\u0159 a sd\u00edlejte data podle sv\u00e9ho v\u00fdb\u011bru.<\/p>\n","protected":false},"excerpt":{"rendered":"<p>Fair Brokers Hub je vytvo\u0159en tak, aby usnadnil a usnadnil va\u0161e obchodn\u00ed \u00fasil\u00ed, pomohl v\u00e1m vytvo\u0159it banku a vybudovat pou\u017eitelnou finan\u010dn\u00ed strategii. Ka\u017ed\u00fd \u010dl\u00e1nek se zp\u011btnou vazbou, kter\u00fd zve\u0159ejn\u00edme, je vytvo\u0159en, abychom v\u00e1m, na\u0161emu \u010dten\u00e1\u0159i, pomohli a zabr\u00e1nili probl\u00e9m\u016fm s podvody a kr\u00e1de\u017eemi. Jako sou\u010d\u00e1st komunity m\u016f\u017eete pod\u00e1vat zpr\u00e1vy na platform\u00e1ch, bez ohledu na to, [&hellip;]<\/p>\n","protected":false},"author":1,"featured_media":0,"parent":0,"menu_order":0,"comment_status":"closed","ping_status":"closed","template":"contact-template.php","meta":{"inline_featured_image":false,"_glsr_average":0,"_glsr_ranking":0,"_glsr_reviews":0,"footnotes":""},"class_list":["post-957","page","type-page","status-publish","hentry"],"yoast_head":"<!-- This site is optimized with the Yoast SEO plugin v27.3 - https:\/\/yoast.com\/product\/yoast-seo-wordpress\/ -->\n<title>Asistujte<\/title>\n<meta name=\"description\" content=\"M\u00e1te dotazy nebo pot\u0159ebujete dal\u0161\u00ed informace? Nev\u00e1hejte se jich zeptat nebo zavolejte o pomoc t\u00fdmu podpory Fair Brokers Hub.\" \/>\n<meta name=\"robots\" content=\"index, follow, max-snippet:-1, max-image-preview:large, max-video-preview:-1\" \/>\n<link rel=\"canonical\" href=\"http:\/\/fairbrokershub.com\/cs\/asistujte\/\" \/>\n<meta property=\"og:locale\" content=\"en_US\" \/>\n<meta property=\"og:type\" content=\"article\" \/>\n<meta property=\"og:title\" content=\"Asistujte\" \/>\n<meta property=\"og:description\" content=\"M\u00e1te dotazy nebo pot\u0159ebujete dal\u0161\u00ed informace? Nev\u00e1hejte se jich zeptat nebo zavolejte o pomoc t\u00fdmu podpory Fair Brokers Hub.\" \/>\n<meta property=\"og:url\" content=\"http:\/\/fairbrokershub.com\/cs\/asistujte\/\" \/>\n<meta property=\"og:site_name\" content=\"Fair Brokers Hub\" \/>\n<meta property=\"article:modified_time\" content=\"2024-06-07T13:59:15+00:00\" \/>\n<meta property=\"og:image\" content=\"http:\/\/fairbrokershub.com\/wp-content\/uploads\/2024\/05\/FAV_HUB-1.png\" \/>\n\t<meta property=\"og:image:width\" content=\"740\" \/>\n\t<meta property=\"og:image:height\" content=\"706\" \/>\n\t<meta property=\"og:image:type\" content=\"image\/png\" \/>\n<meta name=\"twitter:card\" content=\"summary_large_image\" \/>\n<meta name=\"twitter:label1\" content=\"Est. reading time\" \/>\n\t<meta name=\"twitter:data1\" content=\"1 minute\" \/>\n<script type=\"application\/ld+json\" class=\"yoast-schema-graph\">{\"@context\":\"https:\\\/\\\/schema.org\",\"@graph\":[{\"@type\":\"WebPage\",\"@id\":\"http:\\\/\\\/fairbrokershub.com\\\/cs\\\/asistujte\\\/\",\"url\":\"http:\\\/\\\/fairbrokershub.com\\\/cs\\\/asistujte\\\/\",\"name\":\"Asistujte\",\"isPartOf\":{\"@id\":\"http:\\\/\\\/fairbrokershub.com\\\/cs\\\/#website\"},\"datePublished\":\"2024-04-30T12:16:19+00:00\",\"dateModified\":\"2024-06-07T13:59:15+00:00\",\"description\":\"M\u00e1te dotazy nebo pot\u0159ebujete dal\u0161\u00ed informace? Nev\u00e1hejte se jich zeptat nebo zavolejte o pomoc t\u00fdmu podpory Fair Brokers Hub.\",\"breadcrumb\":{\"@id\":\"http:\\\/\\\/fairbrokershub.com\\\/cs\\\/asistujte\\\/#breadcrumb\"},\"inLanguage\":\"cz-CZ\",\"potentialAction\":[{\"@type\":\"ReadAction\",\"target\":[\"http:\\\/\\\/fairbrokershub.com\\\/cs\\\/asistujte\\\/\"]}]},{\"@type\":\"BreadcrumbList\",\"@id\":\"http:\\\/\\\/fairbrokershub.com\\\/cs\\\/asistujte\\\/#breadcrumb\",\"itemListElement\":[{\"@type\":\"ListItem\",\"position\":1,\"name\":\"Home\",\"item\":\"http:\\\/\\\/fairbrokershub.com\\\/cs\\\/\"},{\"@type\":\"ListItem\",\"position\":2,\"name\":\"Asistujte\"}]},{\"@type\":\"WebSite\",\"@id\":\"http:\\\/\\\/fairbrokershub.com\\\/cs\\\/#website\",\"url\":\"http:\\\/\\\/fairbrokershub.com\\\/cs\\\/\",\"name\":\"Fair Brokers Hub\",\"description\":\"\",\"publisher\":{\"@id\":\"http:\\\/\\\/fairbrokershub.com\\\/cs\\\/#organization\"},\"potentialAction\":[{\"@type\":\"SearchAction\",\"target\":{\"@type\":\"EntryPoint\",\"urlTemplate\":\"http:\\\/\\\/fairbrokershub.com\\\/cs\\\/?s={search_term_string}\"},\"query-input\":{\"@type\":\"PropertyValueSpecification\",\"valueRequired\":true,\"valueName\":\"search_term_string\"}}],\"inLanguage\":\"cz-CZ\"},{\"@type\":\"Organization\",\"@id\":\"http:\\\/\\\/fairbrokershub.com\\\/cs\\\/#organization\",\"name\":\"Fair Brokers Hub\",\"url\":\"http:\\\/\\\/fairbrokershub.com\\\/cs\\\/\",\"logo\":{\"@type\":\"ImageObject\",\"inLanguage\":\"cz-CZ\",\"@id\":\"http:\\\/\\\/fairbrokershub.com\\\/cs\\\/#\\\/schema\\\/logo\\\/image\\\/\",\"url\":\"https:\\\/\\\/fairbrokershub.com\\\/wp-content\\\/uploads\\\/2024\\\/05\\\/FAV_HUB-1.png\",\"contentUrl\":\"https:\\\/\\\/fairbrokershub.com\\\/wp-content\\\/uploads\\\/2024\\\/05\\\/FAV_HUB-1.png\",\"width\":740,\"height\":706,\"caption\":\"Fair Brokers Hub\"},\"image\":{\"@id\":\"http:\\\/\\\/fairbrokershub.com\\\/cs\\\/#\\\/schema\\\/logo\\\/image\\\/\"}}]}<\/script>\n<!-- \/ Yoast SEO plugin. -->","yoast_head_json":{"title":"Asistujte","description":"M\u00e1te dotazy nebo pot\u0159ebujete dal\u0161\u00ed informace? Nev\u00e1hejte se jich zeptat nebo zavolejte o pomoc t\u00fdmu podpory Fair Brokers Hub.","robots":{"index":"index","follow":"follow","max-snippet":"max-snippet:-1","max-image-preview":"max-image-preview:large","max-video-preview":"max-video-preview:-1"},"canonical":"http:\/\/fairbrokershub.com\/cs\/asistujte\/","og_locale":"en_US","og_type":"article","og_title":"Asistujte","og_description":"M\u00e1te dotazy nebo pot\u0159ebujete dal\u0161\u00ed informace? Nev\u00e1hejte se jich zeptat nebo zavolejte o pomoc t\u00fdmu podpory Fair Brokers Hub.","og_url":"http:\/\/fairbrokershub.com\/cs\/asistujte\/","og_site_name":"Fair Brokers Hub","article_modified_time":"2024-06-07T13:59:15+00:00","og_image":[{"width":740,"height":706,"url":"http:\/\/fairbrokershub.com\/wp-content\/uploads\/2024\/05\/FAV_HUB-1.png","type":"image\/png"}],"twitter_card":"summary_large_image","twitter_misc":{"Est. reading time":"1 minute"},"schema":{"@context":"https:\/\/schema.org","@graph":[{"@type":"WebPage","@id":"http:\/\/fairbrokershub.com\/cs\/asistujte\/","url":"http:\/\/fairbrokershub.com\/cs\/asistujte\/","name":"Asistujte","isPartOf":{"@id":"http:\/\/fairbrokershub.com\/cs\/#website"},"datePublished":"2024-04-30T12:16:19+00:00","dateModified":"2024-06-07T13:59:15+00:00","description":"M\u00e1te dotazy nebo pot\u0159ebujete dal\u0161\u00ed informace? Nev\u00e1hejte se jich zeptat nebo zavolejte o pomoc t\u00fdmu podpory Fair Brokers Hub.","breadcrumb":{"@id":"http:\/\/fairbrokershub.com\/cs\/asistujte\/#breadcrumb"},"inLanguage":"cz-CZ","potentialAction":[{"@type":"ReadAction","target":["http:\/\/fairbrokershub.com\/cs\/asistujte\/"]}]},{"@type":"BreadcrumbList","@id":"http:\/\/fairbrokershub.com\/cs\/asistujte\/#breadcrumb","itemListElement":[{"@type":"ListItem","position":1,"name":"Home","item":"http:\/\/fairbrokershub.com\/cs\/"},{"@type":"ListItem","position":2,"name":"Asistujte"}]},{"@type":"WebSite","@id":"http:\/\/fairbrokershub.com\/cs\/#website","url":"http:\/\/fairbrokershub.com\/cs\/","name":"Fair Brokers Hub","description":"","publisher":{"@id":"http:\/\/fairbrokershub.com\/cs\/#organization"},"potentialAction":[{"@type":"SearchAction","target":{"@type":"EntryPoint","urlTemplate":"http:\/\/fairbrokershub.com\/cs\/?s={search_term_string}"},"query-input":{"@type":"PropertyValueSpecification","valueRequired":true,"valueName":"search_term_string"}}],"inLanguage":"cz-CZ"},{"@type":"Organization","@id":"http:\/\/fairbrokershub.com\/cs\/#organization","name":"Fair Brokers Hub","url":"http:\/\/fairbrokershub.com\/cs\/","logo":{"@type":"ImageObject","inLanguage":"cz-CZ","@id":"http:\/\/fairbrokershub.com\/cs\/#\/schema\/logo\/image\/","url":"https:\/\/fairbrokershub.com\/wp-content\/uploads\/2024\/05\/FAV_HUB-1.png","contentUrl":"https:\/\/fairbrokershub.com\/wp-content\/uploads\/2024\/05\/FAV_HUB-1.png","width":740,"height":706,"caption":"Fair Brokers Hub"},"image":{"@id":"http:\/\/fairbrokershub.com\/cs\/#\/schema\/logo\/image\/"}}]}},"_links":{"self":[{"href":"http:\/\/fairbrokershub.com\/cs\/wp-json\/wp\/v2\/pages\/957","targetHints":{"allow":["GET"]}}],"collection":[{"href":"http:\/\/fairbrokershub.com\/cs\/wp-json\/wp\/v2\/pages"}],"about":[{"href":"http:\/\/fairbrokershub.com\/cs\/wp-json\/wp\/v2\/types\/page"}],"author":[{"embeddable":true,"href":"http:\/\/fairbrokershub.com\/cs\/wp-json\/wp\/v2\/users\/1"}],"replies":[{"embeddable":true,"href":"http:\/\/fairbrokershub.com\/cs\/wp-json\/wp\/v2\/comments?post=957"}],"version-history":[{"count":1,"href":"http:\/\/fairbrokershub.com\/cs\/wp-json\/wp\/v2\/pages\/957\/revisions"}],"predecessor-version":[{"id":958,"href":"http:\/\/fairbrokershub.com\/cs\/wp-json\/wp\/v2\/pages\/957\/revisions\/958"}],"wp:attachment":[{"href":"http:\/\/fairbrokershub.com\/cs\/wp-json\/wp\/v2\/media?parent=957"}],"curies":[{"name":"wp","href":"https:\/\/api.w.org\/{rel}","templated":true}]}}