{"id":948,"date":"2024-04-30T11:56:29","date_gmt":"2024-04-30T11:56:29","guid":{"rendered":"https:\/\/fairbrokershub.com\/?page_id=948"},"modified":"2024-06-07T13:46:50","modified_gmt":"2024-06-07T13:46:50","slug":"obchodovani-s-akciemi","status":"publish","type":"page","link":"http:\/\/fairbrokershub.com\/cs\/obchodovani-s-akciemi\/","title":{"rendered":"Obchodov\u00e1n\u00ed s akciemi"},"content":{"rendered":"\n<p>Obchodov\u00e1n\u00ed s akciemi je jako velk\u00e9 tr\u017ei\u0161t\u011b, kde si v\u0161ichni vym\u011b\u0148uj\u00ed kousky spole\u010dnost\u00ed, jako by si vym\u011b\u0148ovali karty. P\u0159edstavte si, \u017ee m\u00e1te karti\u010dku, na kter\u00e9 je naps\u00e1no: \u201eI malink\u00fd kousek spole\u010dnosti Apple.\u201c Pokud si lid\u00e9 mysl\u00ed, \u017ee Apple bude prod\u00e1vat v\u00edce iPhon\u016f, budou cht\u00edt va\u0161i kartu a zaplat\u00ed za ni v\u00edce. Pokud si budou myslet, \u017ee nov\u00fd telefon Apple je propad\u00e1k, mo\u017en\u00e1 v\u00e1m tolik nenab\u00eddnou.<\/p>\n\n\n\n<p>Kdybyste si nap\u0159\u00edklad koupili kus Tesly v dob\u011b, kdy se elektromobil\u016fm v\u0161ichni sm\u00e1li, a prodali ji, kdy\u017e se z nich stala \u017ehav\u00e1 novinka, vyd\u011blali byste slu\u0161n\u00fd bal\u00edk!<\/p>\n\n\n\n<!-- TradingView Widget BEGIN -->\n<div class=\"tradingview-widget-container\">\n  <div class=\"tradingview-widget-container__widget\"><\/div>\n  <script type=\"text\/javascript\" src=\"https:\/\/s3.tradingview.com\/external-embedding\/embed-widget-stock-heatmap.js\" async>\n  {\n  \"exchanges\": [],\n  \"dataSource\": \"SPX500\",\n  \"grouping\": \"sector\",\n  \"blockSize\": \"market_cap_basic\",\n  \"blockColor\": \"change\",\n  \"locale\": \"en\",\n  \"symbolUrl\": \"\",\n  \"colorTheme\": \"light\",\n  \"hasTopBar\": false,\n  \"isDataSetEnabled\": false,\n  \"isZoomEnabled\": true,\n  \"hasSymbolTooltip\": true,\n  \"isMonoSize\": false,\n  \"width\": \"100%\",\n  \"height\": 735\n}\n  <\/script>\n<\/div>\n<!-- TradingView Widget END -->\n\n\n\n<p>Budov\u00e1n\u00ed \u00fasp\u011b\u0161n\u00e9 strategie s akciemi se p\u0159\u00edli\u0161 neli\u0161\u00ed od sestavov\u00e1n\u00ed mistrovsk\u00e9ho sportovn\u00edho t\u00fdmu. Pot\u0159ebujete mix hv\u011bzdn\u00fdch hr\u00e1\u010d\u016f (velk\u00e9, spolehliv\u00e9 spole\u010dnosti) a nov\u00e1\u010dk\u016f s potenci\u00e1lem (men\u0161\u00ed spole\u010dnosti s perspektivou r\u016fstu). V\u00fdzkum je va\u0161\u00edm tren\u00e9rem, kter\u00fd v\u00e1m porad\u00ed, kter\u00e9 hr\u00e1\u010de vybrat na z\u00e1klad\u011b jejich v\u00fdkonnosti a potenci\u00e1lu.<\/p>\n","protected":false},"excerpt":{"rendered":"<p>Obchodov\u00e1n\u00ed s akciemi je jako velk\u00e9 tr\u017ei\u0161t\u011b, kde si v\u0161ichni vym\u011b\u0148uj\u00ed kousky spole\u010dnost\u00ed, jako by si vym\u011b\u0148ovali karty. P\u0159edstavte si, \u017ee m\u00e1te karti\u010dku, na kter\u00e9 je naps\u00e1no: \u201eI malink\u00fd kousek spole\u010dnosti Apple.\u201c Pokud si lid\u00e9 mysl\u00ed, \u017ee Apple bude prod\u00e1vat v\u00edce iPhon\u016f, budou cht\u00edt va\u0161i kartu a zaplat\u00ed za ni v\u00edce. Pokud si budou myslet, [&hellip;]<\/p>\n","protected":false},"author":1,"featured_media":0,"parent":0,"menu_order":0,"comment_status":"closed","ping_status":"closed","template":"","meta":{"inline_featured_image":false,"_glsr_average":0,"_glsr_ranking":0,"_glsr_reviews":0,"footnotes":""},"class_list":["post-948","page","type-page","status-publish","hentry"],"yoast_head":"<!-- This site is optimized with the Yoast SEO plugin v27.3 - https:\/\/yoast.com\/product\/yoast-seo-wordpress\/ -->\n<title>Obchodov\u00e1n\u00ed s akciemi<\/title>\n<meta name=\"description\" content=\"Maximalizujte sv\u00e9 investice do akci\u00ed s Fair Brokers Hub a vyb\u00edrejte pouze spolehliv\u00e9brokery \u2013 FusionLots, Fidelity, Interactive Brokers atd.\" \/>\n<meta name=\"robots\" content=\"index, follow, max-snippet:-1, max-image-preview:large, max-video-preview:-1\" \/>\n<link rel=\"canonical\" href=\"http:\/\/fairbrokershub.com\/cs\/obchodovani-s-akciemi\/\" \/>\n<meta property=\"og:locale\" content=\"en_US\" \/>\n<meta property=\"og:type\" content=\"article\" \/>\n<meta property=\"og:title\" content=\"Obchodov\u00e1n\u00ed s akciemi\" \/>\n<meta property=\"og:description\" content=\"Maximalizujte sv\u00e9 investice do akci\u00ed s Fair Brokers Hub a vyb\u00edrejte pouze spolehliv\u00e9brokery \u2013 FusionLots, Fidelity, Interactive Brokers atd.\" \/>\n<meta property=\"og:url\" content=\"http:\/\/fairbrokershub.com\/cs\/obchodovani-s-akciemi\/\" \/>\n<meta property=\"og:site_name\" content=\"Fair Brokers Hub\" \/>\n<meta property=\"article:modified_time\" content=\"2024-06-07T13:46:50+00:00\" \/>\n<meta property=\"og:image\" content=\"http:\/\/fairbrokershub.com\/wp-content\/uploads\/2024\/05\/FAV_HUB-1.png\" \/>\n\t<meta property=\"og:image:width\" content=\"740\" \/>\n\t<meta property=\"og:image:height\" content=\"706\" \/>\n\t<meta property=\"og:image:type\" content=\"image\/png\" \/>\n<meta name=\"twitter:card\" content=\"summary_large_image\" \/>\n<meta name=\"twitter:label1\" content=\"Est. reading time\" \/>\n\t<meta name=\"twitter:data1\" content=\"1 minute\" \/>\n<script type=\"application\/ld+json\" class=\"yoast-schema-graph\">{\"@context\":\"https:\\\/\\\/schema.org\",\"@graph\":[{\"@type\":\"WebPage\",\"@id\":\"http:\\\/\\\/fairbrokershub.com\\\/cs\\\/obchodovani-s-akciemi\\\/\",\"url\":\"http:\\\/\\\/fairbrokershub.com\\\/cs\\\/obchodovani-s-akciemi\\\/\",\"name\":\"Obchodov\u00e1n\u00ed s akciemi\",\"isPartOf\":{\"@id\":\"http:\\\/\\\/fairbrokershub.com\\\/cs\\\/#website\"},\"datePublished\":\"2024-04-30T11:56:29+00:00\",\"dateModified\":\"2024-06-07T13:46:50+00:00\",\"description\":\"Maximalizujte sv\u00e9 investice do akci\u00ed s Fair Brokers Hub a vyb\u00edrejte pouze spolehliv\u00e9brokery \u2013 FusionLots, Fidelity, Interactive Brokers atd.\",\"breadcrumb\":{\"@id\":\"http:\\\/\\\/fairbrokershub.com\\\/cs\\\/obchodovani-s-akciemi\\\/#breadcrumb\"},\"inLanguage\":\"cz-CZ\",\"potentialAction\":[{\"@type\":\"ReadAction\",\"target\":[\"http:\\\/\\\/fairbrokershub.com\\\/cs\\\/obchodovani-s-akciemi\\\/\"]}]},{\"@type\":\"BreadcrumbList\",\"@id\":\"http:\\\/\\\/fairbrokershub.com\\\/cs\\\/obchodovani-s-akciemi\\\/#breadcrumb\",\"itemListElement\":[{\"@type\":\"ListItem\",\"position\":1,\"name\":\"Home\",\"item\":\"http:\\\/\\\/fairbrokershub.com\\\/cs\\\/\"},{\"@type\":\"ListItem\",\"position\":2,\"name\":\"Obchodov\u00e1n\u00ed s akciemi\"}]},{\"@type\":\"WebSite\",\"@id\":\"http:\\\/\\\/fairbrokershub.com\\\/cs\\\/#website\",\"url\":\"http:\\\/\\\/fairbrokershub.com\\\/cs\\\/\",\"name\":\"Fair Brokers Hub\",\"description\":\"\",\"publisher\":{\"@id\":\"http:\\\/\\\/fairbrokershub.com\\\/cs\\\/#organization\"},\"potentialAction\":[{\"@type\":\"SearchAction\",\"target\":{\"@type\":\"EntryPoint\",\"urlTemplate\":\"http:\\\/\\\/fairbrokershub.com\\\/cs\\\/?s={search_term_string}\"},\"query-input\":{\"@type\":\"PropertyValueSpecification\",\"valueRequired\":true,\"valueName\":\"search_term_string\"}}],\"inLanguage\":\"cz-CZ\"},{\"@type\":\"Organization\",\"@id\":\"http:\\\/\\\/fairbrokershub.com\\\/cs\\\/#organization\",\"name\":\"Fair Brokers Hub\",\"url\":\"http:\\\/\\\/fairbrokershub.com\\\/cs\\\/\",\"logo\":{\"@type\":\"ImageObject\",\"inLanguage\":\"cz-CZ\",\"@id\":\"http:\\\/\\\/fairbrokershub.com\\\/cs\\\/#\\\/schema\\\/logo\\\/image\\\/\",\"url\":\"https:\\\/\\\/fairbrokershub.com\\\/wp-content\\\/uploads\\\/2024\\\/05\\\/FAV_HUB-1.png\",\"contentUrl\":\"https:\\\/\\\/fairbrokershub.com\\\/wp-content\\\/uploads\\\/2024\\\/05\\\/FAV_HUB-1.png\",\"width\":740,\"height\":706,\"caption\":\"Fair Brokers Hub\"},\"image\":{\"@id\":\"http:\\\/\\\/fairbrokershub.com\\\/cs\\\/#\\\/schema\\\/logo\\\/image\\\/\"}}]}<\/script>\n<!-- \/ Yoast SEO plugin. -->","yoast_head_json":{"title":"Obchodov\u00e1n\u00ed s akciemi","description":"Maximalizujte sv\u00e9 investice do akci\u00ed s Fair Brokers Hub a vyb\u00edrejte pouze spolehliv\u00e9brokery \u2013 FusionLots, Fidelity, Interactive Brokers atd.","robots":{"index":"index","follow":"follow","max-snippet":"max-snippet:-1","max-image-preview":"max-image-preview:large","max-video-preview":"max-video-preview:-1"},"canonical":"http:\/\/fairbrokershub.com\/cs\/obchodovani-s-akciemi\/","og_locale":"en_US","og_type":"article","og_title":"Obchodov\u00e1n\u00ed s akciemi","og_description":"Maximalizujte sv\u00e9 investice do akci\u00ed s Fair Brokers Hub a vyb\u00edrejte pouze spolehliv\u00e9brokery \u2013 FusionLots, Fidelity, Interactive Brokers atd.","og_url":"http:\/\/fairbrokershub.com\/cs\/obchodovani-s-akciemi\/","og_site_name":"Fair Brokers Hub","article_modified_time":"2024-06-07T13:46:50+00:00","og_image":[{"width":740,"height":706,"url":"http:\/\/fairbrokershub.com\/wp-content\/uploads\/2024\/05\/FAV_HUB-1.png","type":"image\/png"}],"twitter_card":"summary_large_image","twitter_misc":{"Est. reading time":"1 minute"},"schema":{"@context":"https:\/\/schema.org","@graph":[{"@type":"WebPage","@id":"http:\/\/fairbrokershub.com\/cs\/obchodovani-s-akciemi\/","url":"http:\/\/fairbrokershub.com\/cs\/obchodovani-s-akciemi\/","name":"Obchodov\u00e1n\u00ed s akciemi","isPartOf":{"@id":"http:\/\/fairbrokershub.com\/cs\/#website"},"datePublished":"2024-04-30T11:56:29+00:00","dateModified":"2024-06-07T13:46:50+00:00","description":"Maximalizujte sv\u00e9 investice do akci\u00ed s Fair Brokers Hub a vyb\u00edrejte pouze spolehliv\u00e9brokery \u2013 FusionLots, Fidelity, Interactive Brokers atd.","breadcrumb":{"@id":"http:\/\/fairbrokershub.com\/cs\/obchodovani-s-akciemi\/#breadcrumb"},"inLanguage":"cz-CZ","potentialAction":[{"@type":"ReadAction","target":["http:\/\/fairbrokershub.com\/cs\/obchodovani-s-akciemi\/"]}]},{"@type":"BreadcrumbList","@id":"http:\/\/fairbrokershub.com\/cs\/obchodovani-s-akciemi\/#breadcrumb","itemListElement":[{"@type":"ListItem","position":1,"name":"Home","item":"http:\/\/fairbrokershub.com\/cs\/"},{"@type":"ListItem","position":2,"name":"Obchodov\u00e1n\u00ed s akciemi"}]},{"@type":"WebSite","@id":"http:\/\/fairbrokershub.com\/cs\/#website","url":"http:\/\/fairbrokershub.com\/cs\/","name":"Fair Brokers Hub","description":"","publisher":{"@id":"http:\/\/fairbrokershub.com\/cs\/#organization"},"potentialAction":[{"@type":"SearchAction","target":{"@type":"EntryPoint","urlTemplate":"http:\/\/fairbrokershub.com\/cs\/?s={search_term_string}"},"query-input":{"@type":"PropertyValueSpecification","valueRequired":true,"valueName":"search_term_string"}}],"inLanguage":"cz-CZ"},{"@type":"Organization","@id":"http:\/\/fairbrokershub.com\/cs\/#organization","name":"Fair Brokers Hub","url":"http:\/\/fairbrokershub.com\/cs\/","logo":{"@type":"ImageObject","inLanguage":"cz-CZ","@id":"http:\/\/fairbrokershub.com\/cs\/#\/schema\/logo\/image\/","url":"https:\/\/fairbrokershub.com\/wp-content\/uploads\/2024\/05\/FAV_HUB-1.png","contentUrl":"https:\/\/fairbrokershub.com\/wp-content\/uploads\/2024\/05\/FAV_HUB-1.png","width":740,"height":706,"caption":"Fair Brokers Hub"},"image":{"@id":"http:\/\/fairbrokershub.com\/cs\/#\/schema\/logo\/image\/"}}]}},"_links":{"self":[{"href":"http:\/\/fairbrokershub.com\/cs\/wp-json\/wp\/v2\/pages\/948","targetHints":{"allow":["GET"]}}],"collection":[{"href":"http:\/\/fairbrokershub.com\/cs\/wp-json\/wp\/v2\/pages"}],"about":[{"href":"http:\/\/fairbrokershub.com\/cs\/wp-json\/wp\/v2\/types\/page"}],"author":[{"embeddable":true,"href":"http:\/\/fairbrokershub.com\/cs\/wp-json\/wp\/v2\/users\/1"}],"replies":[{"embeddable":true,"href":"http:\/\/fairbrokershub.com\/cs\/wp-json\/wp\/v2\/comments?post=948"}],"version-history":[{"count":1,"href":"http:\/\/fairbrokershub.com\/cs\/wp-json\/wp\/v2\/pages\/948\/revisions"}],"predecessor-version":[{"id":949,"href":"http:\/\/fairbrokershub.com\/cs\/wp-json\/wp\/v2\/pages\/948\/revisions\/949"}],"wp:attachment":[{"href":"http:\/\/fairbrokershub.com\/cs\/wp-json\/wp\/v2\/media?parent=948"}],"curies":[{"name":"wp","href":"https:\/\/api.w.org\/{rel}","templated":true}]}}