{"id":946,"date":"2024-04-30T11:59:05","date_gmt":"2024-04-30T11:59:05","guid":{"rendered":"https:\/\/fairbrokershub.com\/?page_id=946"},"modified":"2024-06-07T13:44:50","modified_gmt":"2024-06-07T13:44:50","slug":"obchodovani-s-menami","status":"publish","type":"page","link":"http:\/\/fairbrokershub.com\/cs\/obchodovani-s-menami\/","title":{"rendered":"Obchodov\u00e1n\u00ed s m\u011bnami"},"content":{"rendered":"\n<p>Obchodov\u00e1n\u00ed s m\u011bnami je jako hled\u00e1n\u00ed co nejv\u011bt\u0161\u00edho zisku z rozd\u00edl\u016f mezi dv\u011bma p\u016fvodn\u00edmi cenami m\u011bn. P\u0159edstavte si, \u017ee jste na mezin\u00e1rodn\u00edm srazu superhrdin\u016f a vym\u011b\u0148ujete sv\u00e9 figurky americk\u00fdch superhrdin\u016f za britsk\u00e9. Pokud se dnes jeden americk\u00fd superhrdina rovn\u00e1 jednomu britsk\u00e9mu superhrdinovi, ale z\u00edtra se v\u00e1m mohou hodit dva za jednoho. To je obchodov\u00e1n\u00ed s m\u011bnami, ale s pen\u011bzi.<\/p>\n\n\n\n<p>Nap\u0159\u00edklad vym\u011b\u0148ujete dolary za libry a douf\u00e1te, \u017ee se hodnota zm\u011bn\u00ed, abyste mohli vym\u011bnit zp\u011bt a vyd\u011blat. Je to jako obchodov\u00e1n\u00ed s kartami s m\u011bnami!<\/p>\n\n\n\n<!-- TradingView Widget BEGIN -->\n<div class=\"tradingview-widget-container\">\n  <div class=\"tradingview-widget-container__widget\"><\/div>\n  <script type=\"text\/javascript\" src=\"https:\/\/s3.tradingview.com\/external-embedding\/embed-widget-forex-cross-rates.js\" async>\n  {\n  \"width\": \"100%\",\n  \"height\": 735,\n  \"currencies\": [\n    \"EUR\",\n    \"USD\",\n    \"JPY\",\n    \"GBP\",\n    \"CHF\",\n    \"AUD\",\n    \"CAD\",\n    \"NZD\"\n  ],\n  \"isTransparent\": false,\n  \"colorTheme\": \"light\",\n  \"locale\": \"en\",\n  \"backgroundColor\": \"#ffffff\"\n}\n  <\/script>\n<\/div>\n<!-- TradingView Widget END -->\n\n\n\n<p>Vytvo\u0159it \u00fasp\u011b\u0161nou strategii s m\u011bnami je jako pl\u00e1novat neomezenou t\u00fdmovku superhrdin\u016f. Nejprve pot\u0159ebujete z\u00e1kladnu (znalost tr\u017en\u00edch trend\u016f), stejn\u011b jako Batman pot\u0159ebuje sv\u00e9 pom\u016fcky. D\u00e1le diverzifikujte &#8211; nespol\u00e9hejte se jen na Supermana; mo\u017en\u00e1 v\u00e1s p\u0159ekvap\u00ed Flash a Aquaman (r\u016fzn\u00e9 m\u011bny). Dob\u0159e napl\u00e1novan\u00e1 strategie vyu\u017e\u00edv\u00e1 znalosti, diverzifikaci, na\u010dasov\u00e1n\u00ed a sebeovl\u00e1d\u00e1n\u00ed, co\u017e v\u00e1s dovede k v\u00edt\u011bzstv\u00ed.<\/p>\n","protected":false},"excerpt":{"rendered":"<p>Obchodov\u00e1n\u00ed s m\u011bnami je jako hled\u00e1n\u00ed co nejv\u011bt\u0161\u00edho zisku z rozd\u00edl\u016f mezi dv\u011bma p\u016fvodn\u00edmi cenami m\u011bn. P\u0159edstavte si, \u017ee jste na mezin\u00e1rodn\u00edm srazu superhrdin\u016f a vym\u011b\u0148ujete sv\u00e9 figurky americk\u00fdch superhrdin\u016f za britsk\u00e9. Pokud se dnes jeden americk\u00fd superhrdina rovn\u00e1 jednomu britsk\u00e9mu superhrdinovi, ale z\u00edtra se v\u00e1m mohou hodit dva za jednoho. To je obchodov\u00e1n\u00ed s [&hellip;]<\/p>\n","protected":false},"author":1,"featured_media":0,"parent":0,"menu_order":0,"comment_status":"closed","ping_status":"closed","template":"","meta":{"inline_featured_image":false,"_glsr_average":0,"_glsr_ranking":0,"_glsr_reviews":0,"footnotes":""},"class_list":["post-946","page","type-page","status-publish","hentry"],"yoast_head":"<!-- This site is optimized with the Yoast SEO plugin v27.3 - https:\/\/yoast.com\/product\/yoast-seo-wordpress\/ -->\n<title>Obchodov\u00e1n\u00ed s m\u011bnami<\/title>\n<meta name=\"description\" content=\"Najd\u011bte si spolehliv\u00e9ho brokera (FusionLots, FP Markets atd.) na Fair Brokers Hub pro va\u0161e \u00fasp\u011b\u0161n\u00e9 obchodov\u00e1n\u00ed s m\u011bnov\u00fdmi p\u00e1ry.\" \/>\n<meta name=\"robots\" content=\"index, follow, max-snippet:-1, max-image-preview:large, max-video-preview:-1\" \/>\n<link rel=\"canonical\" href=\"http:\/\/fairbrokershub.com\/cs\/obchodovani-s-menami\/\" \/>\n<meta property=\"og:locale\" content=\"en_US\" \/>\n<meta property=\"og:type\" content=\"article\" \/>\n<meta property=\"og:title\" content=\"Obchodov\u00e1n\u00ed s m\u011bnami\" \/>\n<meta property=\"og:description\" content=\"Najd\u011bte si spolehliv\u00e9ho brokera (FusionLots, FP Markets atd.) na Fair Brokers Hub pro va\u0161e \u00fasp\u011b\u0161n\u00e9 obchodov\u00e1n\u00ed s m\u011bnov\u00fdmi p\u00e1ry.\" \/>\n<meta property=\"og:url\" content=\"http:\/\/fairbrokershub.com\/cs\/obchodovani-s-menami\/\" \/>\n<meta property=\"og:site_name\" content=\"Fair Brokers Hub\" \/>\n<meta property=\"article:modified_time\" content=\"2024-06-07T13:44:50+00:00\" \/>\n<meta property=\"og:image\" content=\"http:\/\/fairbrokershub.com\/wp-content\/uploads\/2024\/05\/FAV_HUB-1.png\" \/>\n\t<meta property=\"og:image:width\" content=\"740\" \/>\n\t<meta property=\"og:image:height\" content=\"706\" \/>\n\t<meta property=\"og:image:type\" content=\"image\/png\" \/>\n<meta name=\"twitter:card\" content=\"summary_large_image\" \/>\n<meta name=\"twitter:label1\" content=\"Est. reading time\" \/>\n\t<meta name=\"twitter:data1\" content=\"1 minute\" \/>\n<script type=\"application\/ld+json\" class=\"yoast-schema-graph\">{\"@context\":\"https:\\\/\\\/schema.org\",\"@graph\":[{\"@type\":\"WebPage\",\"@id\":\"http:\\\/\\\/fairbrokershub.com\\\/cs\\\/obchodovani-s-menami\\\/\",\"url\":\"http:\\\/\\\/fairbrokershub.com\\\/cs\\\/obchodovani-s-menami\\\/\",\"name\":\"Obchodov\u00e1n\u00ed s m\u011bnami\",\"isPartOf\":{\"@id\":\"http:\\\/\\\/fairbrokershub.com\\\/cs\\\/#website\"},\"datePublished\":\"2024-04-30T11:59:05+00:00\",\"dateModified\":\"2024-06-07T13:44:50+00:00\",\"description\":\"Najd\u011bte si spolehliv\u00e9ho brokera (FusionLots, FP Markets atd.) na Fair Brokers Hub pro va\u0161e \u00fasp\u011b\u0161n\u00e9 obchodov\u00e1n\u00ed s m\u011bnov\u00fdmi p\u00e1ry.\",\"breadcrumb\":{\"@id\":\"http:\\\/\\\/fairbrokershub.com\\\/cs\\\/obchodovani-s-menami\\\/#breadcrumb\"},\"inLanguage\":\"cz-CZ\",\"potentialAction\":[{\"@type\":\"ReadAction\",\"target\":[\"http:\\\/\\\/fairbrokershub.com\\\/cs\\\/obchodovani-s-menami\\\/\"]}]},{\"@type\":\"BreadcrumbList\",\"@id\":\"http:\\\/\\\/fairbrokershub.com\\\/cs\\\/obchodovani-s-menami\\\/#breadcrumb\",\"itemListElement\":[{\"@type\":\"ListItem\",\"position\":1,\"name\":\"Home\",\"item\":\"http:\\\/\\\/fairbrokershub.com\\\/cs\\\/\"},{\"@type\":\"ListItem\",\"position\":2,\"name\":\"Obchodov\u00e1n\u00ed s m\u011bnami\"}]},{\"@type\":\"WebSite\",\"@id\":\"http:\\\/\\\/fairbrokershub.com\\\/cs\\\/#website\",\"url\":\"http:\\\/\\\/fairbrokershub.com\\\/cs\\\/\",\"name\":\"Fair Brokers Hub\",\"description\":\"\",\"publisher\":{\"@id\":\"http:\\\/\\\/fairbrokershub.com\\\/cs\\\/#organization\"},\"potentialAction\":[{\"@type\":\"SearchAction\",\"target\":{\"@type\":\"EntryPoint\",\"urlTemplate\":\"http:\\\/\\\/fairbrokershub.com\\\/cs\\\/?s={search_term_string}\"},\"query-input\":{\"@type\":\"PropertyValueSpecification\",\"valueRequired\":true,\"valueName\":\"search_term_string\"}}],\"inLanguage\":\"cz-CZ\"},{\"@type\":\"Organization\",\"@id\":\"http:\\\/\\\/fairbrokershub.com\\\/cs\\\/#organization\",\"name\":\"Fair Brokers Hub\",\"url\":\"http:\\\/\\\/fairbrokershub.com\\\/cs\\\/\",\"logo\":{\"@type\":\"ImageObject\",\"inLanguage\":\"cz-CZ\",\"@id\":\"http:\\\/\\\/fairbrokershub.com\\\/cs\\\/#\\\/schema\\\/logo\\\/image\\\/\",\"url\":\"https:\\\/\\\/fairbrokershub.com\\\/wp-content\\\/uploads\\\/2024\\\/05\\\/FAV_HUB-1.png\",\"contentUrl\":\"https:\\\/\\\/fairbrokershub.com\\\/wp-content\\\/uploads\\\/2024\\\/05\\\/FAV_HUB-1.png\",\"width\":740,\"height\":706,\"caption\":\"Fair Brokers Hub\"},\"image\":{\"@id\":\"http:\\\/\\\/fairbrokershub.com\\\/cs\\\/#\\\/schema\\\/logo\\\/image\\\/\"}}]}<\/script>\n<!-- \/ Yoast SEO plugin. -->","yoast_head_json":{"title":"Obchodov\u00e1n\u00ed s m\u011bnami","description":"Najd\u011bte si spolehliv\u00e9ho brokera (FusionLots, FP Markets atd.) na Fair Brokers Hub pro va\u0161e \u00fasp\u011b\u0161n\u00e9 obchodov\u00e1n\u00ed s m\u011bnov\u00fdmi p\u00e1ry.","robots":{"index":"index","follow":"follow","max-snippet":"max-snippet:-1","max-image-preview":"max-image-preview:large","max-video-preview":"max-video-preview:-1"},"canonical":"http:\/\/fairbrokershub.com\/cs\/obchodovani-s-menami\/","og_locale":"en_US","og_type":"article","og_title":"Obchodov\u00e1n\u00ed s m\u011bnami","og_description":"Najd\u011bte si spolehliv\u00e9ho brokera (FusionLots, FP Markets atd.) na Fair Brokers Hub pro va\u0161e \u00fasp\u011b\u0161n\u00e9 obchodov\u00e1n\u00ed s m\u011bnov\u00fdmi p\u00e1ry.","og_url":"http:\/\/fairbrokershub.com\/cs\/obchodovani-s-menami\/","og_site_name":"Fair Brokers Hub","article_modified_time":"2024-06-07T13:44:50+00:00","og_image":[{"width":740,"height":706,"url":"http:\/\/fairbrokershub.com\/wp-content\/uploads\/2024\/05\/FAV_HUB-1.png","type":"image\/png"}],"twitter_card":"summary_large_image","twitter_misc":{"Est. reading time":"1 minute"},"schema":{"@context":"https:\/\/schema.org","@graph":[{"@type":"WebPage","@id":"http:\/\/fairbrokershub.com\/cs\/obchodovani-s-menami\/","url":"http:\/\/fairbrokershub.com\/cs\/obchodovani-s-menami\/","name":"Obchodov\u00e1n\u00ed s m\u011bnami","isPartOf":{"@id":"http:\/\/fairbrokershub.com\/cs\/#website"},"datePublished":"2024-04-30T11:59:05+00:00","dateModified":"2024-06-07T13:44:50+00:00","description":"Najd\u011bte si spolehliv\u00e9ho brokera (FusionLots, FP Markets atd.) na Fair Brokers Hub pro va\u0161e \u00fasp\u011b\u0161n\u00e9 obchodov\u00e1n\u00ed s m\u011bnov\u00fdmi p\u00e1ry.","breadcrumb":{"@id":"http:\/\/fairbrokershub.com\/cs\/obchodovani-s-menami\/#breadcrumb"},"inLanguage":"cz-CZ","potentialAction":[{"@type":"ReadAction","target":["http:\/\/fairbrokershub.com\/cs\/obchodovani-s-menami\/"]}]},{"@type":"BreadcrumbList","@id":"http:\/\/fairbrokershub.com\/cs\/obchodovani-s-menami\/#breadcrumb","itemListElement":[{"@type":"ListItem","position":1,"name":"Home","item":"http:\/\/fairbrokershub.com\/cs\/"},{"@type":"ListItem","position":2,"name":"Obchodov\u00e1n\u00ed s m\u011bnami"}]},{"@type":"WebSite","@id":"http:\/\/fairbrokershub.com\/cs\/#website","url":"http:\/\/fairbrokershub.com\/cs\/","name":"Fair Brokers Hub","description":"","publisher":{"@id":"http:\/\/fairbrokershub.com\/cs\/#organization"},"potentialAction":[{"@type":"SearchAction","target":{"@type":"EntryPoint","urlTemplate":"http:\/\/fairbrokershub.com\/cs\/?s={search_term_string}"},"query-input":{"@type":"PropertyValueSpecification","valueRequired":true,"valueName":"search_term_string"}}],"inLanguage":"cz-CZ"},{"@type":"Organization","@id":"http:\/\/fairbrokershub.com\/cs\/#organization","name":"Fair Brokers Hub","url":"http:\/\/fairbrokershub.com\/cs\/","logo":{"@type":"ImageObject","inLanguage":"cz-CZ","@id":"http:\/\/fairbrokershub.com\/cs\/#\/schema\/logo\/image\/","url":"https:\/\/fairbrokershub.com\/wp-content\/uploads\/2024\/05\/FAV_HUB-1.png","contentUrl":"https:\/\/fairbrokershub.com\/wp-content\/uploads\/2024\/05\/FAV_HUB-1.png","width":740,"height":706,"caption":"Fair Brokers Hub"},"image":{"@id":"http:\/\/fairbrokershub.com\/cs\/#\/schema\/logo\/image\/"}}]}},"_links":{"self":[{"href":"http:\/\/fairbrokershub.com\/cs\/wp-json\/wp\/v2\/pages\/946","targetHints":{"allow":["GET"]}}],"collection":[{"href":"http:\/\/fairbrokershub.com\/cs\/wp-json\/wp\/v2\/pages"}],"about":[{"href":"http:\/\/fairbrokershub.com\/cs\/wp-json\/wp\/v2\/types\/page"}],"author":[{"embeddable":true,"href":"http:\/\/fairbrokershub.com\/cs\/wp-json\/wp\/v2\/users\/1"}],"replies":[{"embeddable":true,"href":"http:\/\/fairbrokershub.com\/cs\/wp-json\/wp\/v2\/comments?post=946"}],"version-history":[{"count":1,"href":"http:\/\/fairbrokershub.com\/cs\/wp-json\/wp\/v2\/pages\/946\/revisions"}],"predecessor-version":[{"id":947,"href":"http:\/\/fairbrokershub.com\/cs\/wp-json\/wp\/v2\/pages\/946\/revisions\/947"}],"wp:attachment":[{"href":"http:\/\/fairbrokershub.com\/cs\/wp-json\/wp\/v2\/media?parent=946"}],"curies":[{"name":"wp","href":"https:\/\/api.w.org\/{rel}","templated":true}]}}