{"id":944,"date":"2024-04-30T11:58:23","date_gmt":"2024-04-30T11:58:23","guid":{"rendered":"https:\/\/fairbrokershub.com\/?page_id=944"},"modified":"2024-06-07T13:42:46","modified_gmt":"2024-06-07T13:42:46","slug":"obchodovani-s-krypto-mincemi","status":"publish","type":"page","link":"http:\/\/fairbrokershub.com\/cs\/obchodovani-s-krypto-mincemi\/","title":{"rendered":"Obchodov\u00e1n\u00ed s krypto mincemi"},"content":{"rendered":"\n<p><\/p>\n\n\n\n<p>Obchodov\u00e1n\u00ed s kryptom\u011bnami je jako m\u00edt digit\u00e1ln\u00ed truhlu s pokladem v obrovsk\u00e9m oce\u00e1nu internetu. P\u0159edstavte si, \u017ee jste digit\u00e1ln\u00ed pir\u00e1t a m\u00edsto zlat\u00fdch minc\u00ed lov\u00edte bitcoiny, ethereum nebo dogecoiny. Hodnota t\u011bchto digit\u00e1ln\u00edch minc\u00ed kol\u00eds\u00e1 jako mo\u0159sk\u00e9 vlny &#8211; n\u011bkdy je vysok\u00e1 a n\u011bkdy n\u00edzk\u00e1.<\/p>\n\n\n\n<p>Pokud nap\u0159\u00edklad vezmete bitcoin, kdy\u017e byl jen malou vlnkou, a po\u010dk\u00e1te, a\u017e vyroste v ob\u0159\u00ed tsunami, m\u016f\u017eete ho prodat za v\u011bt\u0161\u00ed poklad, ne\u017e jste p\u016fvodn\u011b zaplatili!<\/p>\n\n\n\n<!-- TradingView Widget BEGIN -->\n<div class=\"tradingview-widget-container\">\n  <div class=\"tradingview-widget-container__widget\"><\/div>\n  <script type=\"text\/javascript\" src=\"https:\/\/s3.tradingview.com\/external-embedding\/embed-widget-crypto-coins-heatmap.js\" async>\n  {\n  \"dataSource\": \"Crypto\",\n  \"blockSize\": \"market_cap_calc\",\n  \"blockColor\": \"change|60\",\n  \"locale\": \"en\",\n  \"symbolUrl\": \"\",\n  \"colorTheme\": \"light\",\n  \"hasTopBar\": false,\n  \"isDataSetEnabled\": false,\n  \"isZoomEnabled\": true,\n  \"hasSymbolTooltip\": true,\n  \"isMonoSize\": false,\n  \"width\": \"100%\",\n  \"height\": 735\n}\n  <\/script>\n<\/div>\n<!-- TradingView Widget END -->\n\n\n\n<p>Vybudovat \u00fasp\u011b\u0161nou strategii s vyu\u017eit\u00edm kryptom\u011bn je jako p\u0159ipravit se na velk\u00e9 dobrodru\u017estv\u00ed ve sv\u011bt\u011b financ\u00ed. Vyberte si ty nejdrsn\u011bj\u0161\u00ed a nejzku\u0161en\u011bj\u0161\u00ed n\u00e1mo\u0159n\u00edky (t\u011b\u017ea\u0159e kryptom\u011bn) a sestavte r\u016fznorod\u00fd t\u00fdm, kter\u00fd v\u00e1s dovede k \u00fasp\u011bchu. P\u0159il\u00e1k\u00e1n\u00ed nov\u00fdch nad\u011bjn\u00fdch \u010dlen\u016f t\u00fdmu (nad\u011bjn\u00fdch kryptom\u011bn) m\u016f\u017ee pos\u00edlit va\u0161i strategii a p\u0159in\u00e9st v\u011bt\u0161\u00ed zisky.<\/p>\n","protected":false},"excerpt":{"rendered":"<p>Obchodov\u00e1n\u00ed s kryptom\u011bnami je jako m\u00edt digit\u00e1ln\u00ed truhlu s pokladem v obrovsk\u00e9m oce\u00e1nu internetu. P\u0159edstavte si, \u017ee jste digit\u00e1ln\u00ed pir\u00e1t a m\u00edsto zlat\u00fdch minc\u00ed lov\u00edte bitcoiny, ethereum nebo dogecoiny. Hodnota t\u011bchto digit\u00e1ln\u00edch minc\u00ed kol\u00eds\u00e1 jako mo\u0159sk\u00e9 vlny &#8211; n\u011bkdy je vysok\u00e1 a n\u011bkdy n\u00edzk\u00e1. Pokud nap\u0159\u00edklad vezmete bitcoin, kdy\u017e byl jen malou vlnkou, a po\u010dk\u00e1te, [&hellip;]<\/p>\n","protected":false},"author":1,"featured_media":0,"parent":0,"menu_order":0,"comment_status":"closed","ping_status":"closed","template":"","meta":{"inline_featured_image":false,"_glsr_average":0,"_glsr_ranking":0,"_glsr_reviews":0,"footnotes":""},"class_list":["post-944","page","type-page","status-publish","hentry"],"yoast_head":"<!-- This site is optimized with the Yoast SEO plugin v27.3 - https:\/\/yoast.com\/product\/yoast-seo-wordpress\/ -->\n<title>Obchodov\u00e1n\u00ed s krypto mincemi<\/title>\n<meta name=\"description\" content=\"Obchodujte s kryptom\u011bnami s jistotou s cenami v re\u00e1ln\u00e9m \u010dase na Fair Brokers Hub a s d\u016fv\u011bryhodn\u00fdmi a prov\u011b\u0159en\u00fdmi brokery \u2013 FusionLots, Go Markets atd.\" \/>\n<meta name=\"robots\" content=\"index, follow, max-snippet:-1, max-image-preview:large, max-video-preview:-1\" \/>\n<link rel=\"canonical\" href=\"http:\/\/fairbrokershub.com\/cs\/obchodovani-s-krypto-mincemi\/\" \/>\n<meta property=\"og:locale\" content=\"en_US\" \/>\n<meta property=\"og:type\" content=\"article\" \/>\n<meta property=\"og:title\" content=\"Obchodov\u00e1n\u00ed s krypto mincemi\" \/>\n<meta property=\"og:description\" content=\"Obchodujte s kryptom\u011bnami s jistotou s cenami v re\u00e1ln\u00e9m \u010dase na Fair Brokers Hub a s d\u016fv\u011bryhodn\u00fdmi a prov\u011b\u0159en\u00fdmi brokery \u2013 FusionLots, Go Markets atd.\" \/>\n<meta property=\"og:url\" content=\"http:\/\/fairbrokershub.com\/cs\/obchodovani-s-krypto-mincemi\/\" \/>\n<meta property=\"og:site_name\" content=\"Fair Brokers Hub\" \/>\n<meta property=\"article:modified_time\" content=\"2024-06-07T13:42:46+00:00\" \/>\n<meta property=\"og:image\" content=\"http:\/\/fairbrokershub.com\/wp-content\/uploads\/2024\/05\/FAV_HUB-1.png\" \/>\n\t<meta property=\"og:image:width\" content=\"740\" \/>\n\t<meta property=\"og:image:height\" content=\"706\" \/>\n\t<meta property=\"og:image:type\" content=\"image\/png\" \/>\n<meta name=\"twitter:card\" content=\"summary_large_image\" \/>\n<meta name=\"twitter:label1\" content=\"Est. reading time\" \/>\n\t<meta name=\"twitter:data1\" content=\"1 minute\" \/>\n<script type=\"application\/ld+json\" class=\"yoast-schema-graph\">{\"@context\":\"https:\\\/\\\/schema.org\",\"@graph\":[{\"@type\":\"WebPage\",\"@id\":\"http:\\\/\\\/fairbrokershub.com\\\/cs\\\/obchodovani-s-krypto-mincemi\\\/\",\"url\":\"http:\\\/\\\/fairbrokershub.com\\\/cs\\\/obchodovani-s-krypto-mincemi\\\/\",\"name\":\"Obchodov\u00e1n\u00ed s krypto mincemi\",\"isPartOf\":{\"@id\":\"http:\\\/\\\/fairbrokershub.com\\\/cs\\\/#website\"},\"datePublished\":\"2024-04-30T11:58:23+00:00\",\"dateModified\":\"2024-06-07T13:42:46+00:00\",\"description\":\"Obchodujte s kryptom\u011bnami s jistotou s cenami v re\u00e1ln\u00e9m \u010dase na Fair Brokers Hub a s d\u016fv\u011bryhodn\u00fdmi a prov\u011b\u0159en\u00fdmi brokery \u2013 FusionLots, Go Markets atd.\",\"breadcrumb\":{\"@id\":\"http:\\\/\\\/fairbrokershub.com\\\/cs\\\/obchodovani-s-krypto-mincemi\\\/#breadcrumb\"},\"inLanguage\":\"cz-CZ\",\"potentialAction\":[{\"@type\":\"ReadAction\",\"target\":[\"http:\\\/\\\/fairbrokershub.com\\\/cs\\\/obchodovani-s-krypto-mincemi\\\/\"]}]},{\"@type\":\"BreadcrumbList\",\"@id\":\"http:\\\/\\\/fairbrokershub.com\\\/cs\\\/obchodovani-s-krypto-mincemi\\\/#breadcrumb\",\"itemListElement\":[{\"@type\":\"ListItem\",\"position\":1,\"name\":\"Home\",\"item\":\"http:\\\/\\\/fairbrokershub.com\\\/cs\\\/\"},{\"@type\":\"ListItem\",\"position\":2,\"name\":\"Obchodov\u00e1n\u00ed s krypto mincemi\"}]},{\"@type\":\"WebSite\",\"@id\":\"http:\\\/\\\/fairbrokershub.com\\\/cs\\\/#website\",\"url\":\"http:\\\/\\\/fairbrokershub.com\\\/cs\\\/\",\"name\":\"Fair Brokers Hub\",\"description\":\"\",\"publisher\":{\"@id\":\"http:\\\/\\\/fairbrokershub.com\\\/cs\\\/#organization\"},\"potentialAction\":[{\"@type\":\"SearchAction\",\"target\":{\"@type\":\"EntryPoint\",\"urlTemplate\":\"http:\\\/\\\/fairbrokershub.com\\\/cs\\\/?s={search_term_string}\"},\"query-input\":{\"@type\":\"PropertyValueSpecification\",\"valueRequired\":true,\"valueName\":\"search_term_string\"}}],\"inLanguage\":\"cz-CZ\"},{\"@type\":\"Organization\",\"@id\":\"http:\\\/\\\/fairbrokershub.com\\\/cs\\\/#organization\",\"name\":\"Fair Brokers Hub\",\"url\":\"http:\\\/\\\/fairbrokershub.com\\\/cs\\\/\",\"logo\":{\"@type\":\"ImageObject\",\"inLanguage\":\"cz-CZ\",\"@id\":\"http:\\\/\\\/fairbrokershub.com\\\/cs\\\/#\\\/schema\\\/logo\\\/image\\\/\",\"url\":\"https:\\\/\\\/fairbrokershub.com\\\/wp-content\\\/uploads\\\/2024\\\/05\\\/FAV_HUB-1.png\",\"contentUrl\":\"https:\\\/\\\/fairbrokershub.com\\\/wp-content\\\/uploads\\\/2024\\\/05\\\/FAV_HUB-1.png\",\"width\":740,\"height\":706,\"caption\":\"Fair Brokers Hub\"},\"image\":{\"@id\":\"http:\\\/\\\/fairbrokershub.com\\\/cs\\\/#\\\/schema\\\/logo\\\/image\\\/\"}}]}<\/script>\n<!-- \/ Yoast SEO plugin. -->","yoast_head_json":{"title":"Obchodov\u00e1n\u00ed s krypto mincemi","description":"Obchodujte s kryptom\u011bnami s jistotou s cenami v re\u00e1ln\u00e9m \u010dase na Fair Brokers Hub a s d\u016fv\u011bryhodn\u00fdmi a prov\u011b\u0159en\u00fdmi brokery \u2013 FusionLots, Go Markets atd.","robots":{"index":"index","follow":"follow","max-snippet":"max-snippet:-1","max-image-preview":"max-image-preview:large","max-video-preview":"max-video-preview:-1"},"canonical":"http:\/\/fairbrokershub.com\/cs\/obchodovani-s-krypto-mincemi\/","og_locale":"en_US","og_type":"article","og_title":"Obchodov\u00e1n\u00ed s krypto mincemi","og_description":"Obchodujte s kryptom\u011bnami s jistotou s cenami v re\u00e1ln\u00e9m \u010dase na Fair Brokers Hub a s d\u016fv\u011bryhodn\u00fdmi a prov\u011b\u0159en\u00fdmi brokery \u2013 FusionLots, Go Markets atd.","og_url":"http:\/\/fairbrokershub.com\/cs\/obchodovani-s-krypto-mincemi\/","og_site_name":"Fair Brokers Hub","article_modified_time":"2024-06-07T13:42:46+00:00","og_image":[{"width":740,"height":706,"url":"http:\/\/fairbrokershub.com\/wp-content\/uploads\/2024\/05\/FAV_HUB-1.png","type":"image\/png"}],"twitter_card":"summary_large_image","twitter_misc":{"Est. reading time":"1 minute"},"schema":{"@context":"https:\/\/schema.org","@graph":[{"@type":"WebPage","@id":"http:\/\/fairbrokershub.com\/cs\/obchodovani-s-krypto-mincemi\/","url":"http:\/\/fairbrokershub.com\/cs\/obchodovani-s-krypto-mincemi\/","name":"Obchodov\u00e1n\u00ed s krypto mincemi","isPartOf":{"@id":"http:\/\/fairbrokershub.com\/cs\/#website"},"datePublished":"2024-04-30T11:58:23+00:00","dateModified":"2024-06-07T13:42:46+00:00","description":"Obchodujte s kryptom\u011bnami s jistotou s cenami v re\u00e1ln\u00e9m \u010dase na Fair Brokers Hub a s d\u016fv\u011bryhodn\u00fdmi a prov\u011b\u0159en\u00fdmi brokery \u2013 FusionLots, Go Markets atd.","breadcrumb":{"@id":"http:\/\/fairbrokershub.com\/cs\/obchodovani-s-krypto-mincemi\/#breadcrumb"},"inLanguage":"cz-CZ","potentialAction":[{"@type":"ReadAction","target":["http:\/\/fairbrokershub.com\/cs\/obchodovani-s-krypto-mincemi\/"]}]},{"@type":"BreadcrumbList","@id":"http:\/\/fairbrokershub.com\/cs\/obchodovani-s-krypto-mincemi\/#breadcrumb","itemListElement":[{"@type":"ListItem","position":1,"name":"Home","item":"http:\/\/fairbrokershub.com\/cs\/"},{"@type":"ListItem","position":2,"name":"Obchodov\u00e1n\u00ed s krypto mincemi"}]},{"@type":"WebSite","@id":"http:\/\/fairbrokershub.com\/cs\/#website","url":"http:\/\/fairbrokershub.com\/cs\/","name":"Fair Brokers Hub","description":"","publisher":{"@id":"http:\/\/fairbrokershub.com\/cs\/#organization"},"potentialAction":[{"@type":"SearchAction","target":{"@type":"EntryPoint","urlTemplate":"http:\/\/fairbrokershub.com\/cs\/?s={search_term_string}"},"query-input":{"@type":"PropertyValueSpecification","valueRequired":true,"valueName":"search_term_string"}}],"inLanguage":"cz-CZ"},{"@type":"Organization","@id":"http:\/\/fairbrokershub.com\/cs\/#organization","name":"Fair Brokers Hub","url":"http:\/\/fairbrokershub.com\/cs\/","logo":{"@type":"ImageObject","inLanguage":"cz-CZ","@id":"http:\/\/fairbrokershub.com\/cs\/#\/schema\/logo\/image\/","url":"https:\/\/fairbrokershub.com\/wp-content\/uploads\/2024\/05\/FAV_HUB-1.png","contentUrl":"https:\/\/fairbrokershub.com\/wp-content\/uploads\/2024\/05\/FAV_HUB-1.png","width":740,"height":706,"caption":"Fair Brokers Hub"},"image":{"@id":"http:\/\/fairbrokershub.com\/cs\/#\/schema\/logo\/image\/"}}]}},"_links":{"self":[{"href":"http:\/\/fairbrokershub.com\/cs\/wp-json\/wp\/v2\/pages\/944","targetHints":{"allow":["GET"]}}],"collection":[{"href":"http:\/\/fairbrokershub.com\/cs\/wp-json\/wp\/v2\/pages"}],"about":[{"href":"http:\/\/fairbrokershub.com\/cs\/wp-json\/wp\/v2\/types\/page"}],"author":[{"embeddable":true,"href":"http:\/\/fairbrokershub.com\/cs\/wp-json\/wp\/v2\/users\/1"}],"replies":[{"embeddable":true,"href":"http:\/\/fairbrokershub.com\/cs\/wp-json\/wp\/v2\/comments?post=944"}],"version-history":[{"count":1,"href":"http:\/\/fairbrokershub.com\/cs\/wp-json\/wp\/v2\/pages\/944\/revisions"}],"predecessor-version":[{"id":945,"href":"http:\/\/fairbrokershub.com\/cs\/wp-json\/wp\/v2\/pages\/944\/revisions\/945"}],"wp:attachment":[{"href":"http:\/\/fairbrokershub.com\/cs\/wp-json\/wp\/v2\/media?parent=944"}],"curies":[{"name":"wp","href":"https:\/\/api.w.org\/{rel}","templated":true}]}}