{"id":924,"date":"2024-04-26T13:42:12","date_gmt":"2024-04-26T13:42:12","guid":{"rendered":"https:\/\/fairbrokershub.com\/?page_id=924"},"modified":"2024-06-07T13:34:15","modified_gmt":"2024-06-07T13:34:15","slug":"main-page","status":"publish","type":"page","link":"http:\/\/fairbrokershub.com\/cs\/","title":{"rendered":"Main Page"},"content":{"rendered":"\n<p>Je \u010das prozkoumat, pro\u010d jste sem p\u0159i\u0161li. Chcete-li se chr\u00e1nit p\u0159ed podvodn\u00edky vyd\u00e1vaj\u00edc\u00edmi se za legitimn\u00ed makl\u00e9\u0159e, prohl\u00e9dn\u011bte si na\u0161e podrobn\u00e9 recenze a zjist\u011bte, zda v\u00e1mi vybran\u00e1 platforma bude vyhovovat va\u0161im c\u00edl\u016fm. Sta\u010d\u00ed stisknout tla\u010d\u00edtko a budete p\u0159esm\u011brov\u00e1ni na brokera.<\/p>\n","protected":false},"excerpt":{"rendered":"<p>Je \u010das prozkoumat, pro\u010d jste sem p\u0159i\u0161li. Chcete-li se chr\u00e1nit p\u0159ed podvodn\u00edky vyd\u00e1vaj\u00edc\u00edmi se za legitimn\u00ed makl\u00e9\u0159e, prohl\u00e9dn\u011bte si na\u0161e podrobn\u00e9 recenze a zjist\u011bte, zda v\u00e1mi vybran\u00e1 platforma bude vyhovovat va\u0161im c\u00edl\u016fm. Sta\u010d\u00ed stisknout tla\u010d\u00edtko a budete p\u0159esm\u011brov\u00e1ni na brokera.<\/p>\n","protected":false},"author":1,"featured_media":932,"parent":0,"menu_order":0,"comment_status":"closed","ping_status":"open","template":"front-page.php","meta":{"inline_featured_image":false,"_glsr_average":0,"_glsr_ranking":0,"_glsr_reviews":0,"footnotes":""},"class_list":["post-924","page","type-page","status-publish","has-post-thumbnail","hentry"],"yoast_head":"<!-- This site is optimized with the Yoast SEO plugin v27.3 - https:\/\/yoast.com\/product\/yoast-seo-wordpress\/ -->\n<title>Fair Brokers Hub<\/title>\n<meta name=\"description\" content=\"Fair Brokers Hub je va\u0161\u00edm spolehliv\u00fdm pr\u016fvodcem mezi \u0159adou obchodn\u00edch p\u0159\u00edle\u017eitost\u00ed s nejpodrobn\u011bj\u0161\u00ed investi\u010dn\u00ed anal\u00fdzou.\" \/>\n<meta name=\"robots\" content=\"index, follow, max-snippet:-1, max-image-preview:large, max-video-preview:-1\" \/>\n<link rel=\"canonical\" href=\"http:\/\/fairbrokershub.com\/cs\/\" \/>\n<meta property=\"og:locale\" content=\"en_US\" \/>\n<meta property=\"og:type\" content=\"article\" \/>\n<meta property=\"og:title\" content=\"Fair Brokers Hub\" \/>\n<meta property=\"og:description\" content=\"Fair Brokers Hub je va\u0161\u00edm spolehliv\u00fdm pr\u016fvodcem mezi \u0159adou obchodn\u00edch p\u0159\u00edle\u017eitost\u00ed s nejpodrobn\u011bj\u0161\u00ed investi\u010dn\u00ed anal\u00fdzou.\" \/>\n<meta property=\"og:url\" content=\"http:\/\/fairbrokershub.com\/cs\/\" \/>\n<meta property=\"og:site_name\" content=\"Fair Brokers Hub\" \/>\n<meta property=\"article:modified_time\" content=\"2024-06-07T13:34:15+00:00\" \/>\n<meta property=\"og:image\" content=\"http:\/\/fairbrokershub.com\/wp-content\/uploads\/2024\/05\/FAV_HUB-1.png\" \/>\n\t<meta property=\"og:image:width\" content=\"740\" \/>\n\t<meta property=\"og:image:height\" content=\"706\" \/>\n\t<meta property=\"og:image:type\" content=\"image\/png\" \/>\n<meta name=\"twitter:card\" content=\"summary_large_image\" \/>\n<meta name=\"twitter:label1\" content=\"Est. reading time\" \/>\n\t<meta name=\"twitter:data1\" content=\"1 minute\" \/>\n<script type=\"application\/ld+json\" class=\"yoast-schema-graph\">{\"@context\":\"https:\\\/\\\/schema.org\",\"@graph\":[{\"@type\":\"WebPage\",\"@id\":\"http:\\\/\\\/fairbrokershub.com\\\/cs\\\/\",\"url\":\"http:\\\/\\\/fairbrokershub.com\\\/cs\\\/\",\"name\":\"Fair Brokers Hub\",\"isPartOf\":{\"@id\":\"http:\\\/\\\/fairbrokershub.com\\\/cs\\\/#website\"},\"primaryImageOfPage\":{\"@id\":\"http:\\\/\\\/fairbrokershub.com\\\/cs\\\/#primaryimage\"},\"image\":{\"@id\":\"http:\\\/\\\/fairbrokershub.com\\\/cs\\\/#primaryimage\"},\"thumbnailUrl\":\"http:\\\/\\\/fairbrokershub.com\\\/wp-content\\\/uploads\\\/2024\\\/05\\\/FAV_HUB-1.png\",\"datePublished\":\"2024-04-26T13:42:12+00:00\",\"dateModified\":\"2024-06-07T13:34:15+00:00\",\"description\":\"Fair Brokers Hub je va\u0161\u00edm spolehliv\u00fdm pr\u016fvodcem mezi \u0159adou obchodn\u00edch p\u0159\u00edle\u017eitost\u00ed s nejpodrobn\u011bj\u0161\u00ed investi\u010dn\u00ed anal\u00fdzou.\",\"breadcrumb\":{\"@id\":\"http:\\\/\\\/fairbrokershub.com\\\/cs\\\/#breadcrumb\"},\"inLanguage\":\"cz-CZ\",\"potentialAction\":[{\"@type\":\"ReadAction\",\"target\":[\"http:\\\/\\\/fairbrokershub.com\\\/cs\\\/\"]}]},{\"@type\":\"ImageObject\",\"inLanguage\":\"cz-CZ\",\"@id\":\"http:\\\/\\\/fairbrokershub.com\\\/cs\\\/#primaryimage\",\"url\":\"http:\\\/\\\/fairbrokershub.com\\\/wp-content\\\/uploads\\\/2024\\\/05\\\/FAV_HUB-1.png\",\"contentUrl\":\"http:\\\/\\\/fairbrokershub.com\\\/wp-content\\\/uploads\\\/2024\\\/05\\\/FAV_HUB-1.png\",\"width\":740,\"height\":706,\"caption\":\"Hub with legit options to trade.\"},{\"@type\":\"BreadcrumbList\",\"@id\":\"http:\\\/\\\/fairbrokershub.com\\\/cs\\\/#breadcrumb\",\"itemListElement\":[{\"@type\":\"ListItem\",\"position\":1,\"name\":\"Home\",\"item\":\"http:\\\/\\\/fairbrokershub.com\\\/cs\\\/\"},{\"@type\":\"ListItem\",\"position\":2,\"name\":\"Main Page\"}]},{\"@type\":\"WebSite\",\"@id\":\"http:\\\/\\\/fairbrokershub.com\\\/cs\\\/#website\",\"url\":\"http:\\\/\\\/fairbrokershub.com\\\/cs\\\/\",\"name\":\"Fair Brokers Hub\",\"description\":\"\",\"publisher\":{\"@id\":\"http:\\\/\\\/fairbrokershub.com\\\/cs\\\/#organization\"},\"potentialAction\":[{\"@type\":\"SearchAction\",\"target\":{\"@type\":\"EntryPoint\",\"urlTemplate\":\"http:\\\/\\\/fairbrokershub.com\\\/cs\\\/?s={search_term_string}\"},\"query-input\":{\"@type\":\"PropertyValueSpecification\",\"valueRequired\":true,\"valueName\":\"search_term_string\"}}],\"inLanguage\":\"cz-CZ\"},{\"@type\":\"Organization\",\"@id\":\"http:\\\/\\\/fairbrokershub.com\\\/cs\\\/#organization\",\"name\":\"Fair Brokers Hub\",\"url\":\"http:\\\/\\\/fairbrokershub.com\\\/cs\\\/\",\"logo\":{\"@type\":\"ImageObject\",\"inLanguage\":\"cz-CZ\",\"@id\":\"http:\\\/\\\/fairbrokershub.com\\\/cs\\\/#\\\/schema\\\/logo\\\/image\\\/\",\"url\":\"https:\\\/\\\/fairbrokershub.com\\\/wp-content\\\/uploads\\\/2024\\\/05\\\/FAV_HUB-1.png\",\"contentUrl\":\"https:\\\/\\\/fairbrokershub.com\\\/wp-content\\\/uploads\\\/2024\\\/05\\\/FAV_HUB-1.png\",\"width\":740,\"height\":706,\"caption\":\"Fair Brokers Hub\"},\"image\":{\"@id\":\"http:\\\/\\\/fairbrokershub.com\\\/cs\\\/#\\\/schema\\\/logo\\\/image\\\/\"}}]}<\/script>\n<!-- \/ Yoast SEO plugin. -->","yoast_head_json":{"title":"Fair Brokers Hub","description":"Fair Brokers Hub je va\u0161\u00edm spolehliv\u00fdm pr\u016fvodcem mezi \u0159adou obchodn\u00edch p\u0159\u00edle\u017eitost\u00ed s nejpodrobn\u011bj\u0161\u00ed investi\u010dn\u00ed anal\u00fdzou.","robots":{"index":"index","follow":"follow","max-snippet":"max-snippet:-1","max-image-preview":"max-image-preview:large","max-video-preview":"max-video-preview:-1"},"canonical":"http:\/\/fairbrokershub.com\/cs\/","og_locale":"en_US","og_type":"article","og_title":"Fair Brokers Hub","og_description":"Fair Brokers Hub je va\u0161\u00edm spolehliv\u00fdm pr\u016fvodcem mezi \u0159adou obchodn\u00edch p\u0159\u00edle\u017eitost\u00ed s nejpodrobn\u011bj\u0161\u00ed investi\u010dn\u00ed anal\u00fdzou.","og_url":"http:\/\/fairbrokershub.com\/cs\/","og_site_name":"Fair Brokers Hub","article_modified_time":"2024-06-07T13:34:15+00:00","og_image":[{"width":740,"height":706,"url":"http:\/\/fairbrokershub.com\/wp-content\/uploads\/2024\/05\/FAV_HUB-1.png","type":"image\/png"}],"twitter_card":"summary_large_image","twitter_misc":{"Est. reading time":"1 minute"},"schema":{"@context":"https:\/\/schema.org","@graph":[{"@type":"WebPage","@id":"http:\/\/fairbrokershub.com\/cs\/","url":"http:\/\/fairbrokershub.com\/cs\/","name":"Fair Brokers Hub","isPartOf":{"@id":"http:\/\/fairbrokershub.com\/cs\/#website"},"primaryImageOfPage":{"@id":"http:\/\/fairbrokershub.com\/cs\/#primaryimage"},"image":{"@id":"http:\/\/fairbrokershub.com\/cs\/#primaryimage"},"thumbnailUrl":"http:\/\/fairbrokershub.com\/wp-content\/uploads\/2024\/05\/FAV_HUB-1.png","datePublished":"2024-04-26T13:42:12+00:00","dateModified":"2024-06-07T13:34:15+00:00","description":"Fair Brokers Hub je va\u0161\u00edm spolehliv\u00fdm pr\u016fvodcem mezi \u0159adou obchodn\u00edch p\u0159\u00edle\u017eitost\u00ed s nejpodrobn\u011bj\u0161\u00ed investi\u010dn\u00ed anal\u00fdzou.","breadcrumb":{"@id":"http:\/\/fairbrokershub.com\/cs\/#breadcrumb"},"inLanguage":"cz-CZ","potentialAction":[{"@type":"ReadAction","target":["http:\/\/fairbrokershub.com\/cs\/"]}]},{"@type":"ImageObject","inLanguage":"cz-CZ","@id":"http:\/\/fairbrokershub.com\/cs\/#primaryimage","url":"http:\/\/fairbrokershub.com\/wp-content\/uploads\/2024\/05\/FAV_HUB-1.png","contentUrl":"http:\/\/fairbrokershub.com\/wp-content\/uploads\/2024\/05\/FAV_HUB-1.png","width":740,"height":706,"caption":"Hub with legit options to trade."},{"@type":"BreadcrumbList","@id":"http:\/\/fairbrokershub.com\/cs\/#breadcrumb","itemListElement":[{"@type":"ListItem","position":1,"name":"Home","item":"http:\/\/fairbrokershub.com\/cs\/"},{"@type":"ListItem","position":2,"name":"Main Page"}]},{"@type":"WebSite","@id":"http:\/\/fairbrokershub.com\/cs\/#website","url":"http:\/\/fairbrokershub.com\/cs\/","name":"Fair Brokers Hub","description":"","publisher":{"@id":"http:\/\/fairbrokershub.com\/cs\/#organization"},"potentialAction":[{"@type":"SearchAction","target":{"@type":"EntryPoint","urlTemplate":"http:\/\/fairbrokershub.com\/cs\/?s={search_term_string}"},"query-input":{"@type":"PropertyValueSpecification","valueRequired":true,"valueName":"search_term_string"}}],"inLanguage":"cz-CZ"},{"@type":"Organization","@id":"http:\/\/fairbrokershub.com\/cs\/#organization","name":"Fair Brokers Hub","url":"http:\/\/fairbrokershub.com\/cs\/","logo":{"@type":"ImageObject","inLanguage":"cz-CZ","@id":"http:\/\/fairbrokershub.com\/cs\/#\/schema\/logo\/image\/","url":"https:\/\/fairbrokershub.com\/wp-content\/uploads\/2024\/05\/FAV_HUB-1.png","contentUrl":"https:\/\/fairbrokershub.com\/wp-content\/uploads\/2024\/05\/FAV_HUB-1.png","width":740,"height":706,"caption":"Fair Brokers Hub"},"image":{"@id":"http:\/\/fairbrokershub.com\/cs\/#\/schema\/logo\/image\/"}}]}},"_links":{"self":[{"href":"http:\/\/fairbrokershub.com\/cs\/wp-json\/wp\/v2\/pages\/924","targetHints":{"allow":["GET"]}}],"collection":[{"href":"http:\/\/fairbrokershub.com\/cs\/wp-json\/wp\/v2\/pages"}],"about":[{"href":"http:\/\/fairbrokershub.com\/cs\/wp-json\/wp\/v2\/types\/page"}],"author":[{"embeddable":true,"href":"http:\/\/fairbrokershub.com\/cs\/wp-json\/wp\/v2\/users\/1"}],"replies":[{"embeddable":true,"href":"http:\/\/fairbrokershub.com\/cs\/wp-json\/wp\/v2\/comments?post=924"}],"version-history":[{"count":5,"href":"http:\/\/fairbrokershub.com\/cs\/wp-json\/wp\/v2\/pages\/924\/revisions"}],"predecessor-version":[{"id":937,"href":"http:\/\/fairbrokershub.com\/cs\/wp-json\/wp\/v2\/pages\/924\/revisions\/937"}],"wp:featuredmedia":[{"embeddable":true,"href":"http:\/\/fairbrokershub.com\/cs\/wp-json\/wp\/v2\/media\/932"}],"wp:attachment":[{"href":"http:\/\/fairbrokershub.com\/cs\/wp-json\/wp\/v2\/media?parent=924"}],"curies":[{"name":"wp","href":"https:\/\/api.w.org\/{rel}","templated":true}]}}